{"id":581,"date":"2025-02-04T09:04:13","date_gmt":"2025-02-04T09:04:13","guid":{"rendered":"https:\/\/novaludics.com\/?page_id=581"},"modified":"2025-02-20T09:51:47","modified_gmt":"2025-02-20T09:51:47","slug":"crea-tu-juego","status":"publish","type":"page","link":"https:\/\/novaludics.com\/en\/crea-tu-juego\/","title":{"rendered":"Create your game"},"content":{"rendered":"<div data-elementor-type=\"wp-page\" data-elementor-id=\"581\" class=\"elementor elementor-581\" data-elementor-post-type=\"page\">\n\t\t\t\t<div class=\"elementor-element elementor-element-35f0f64 e-flex e-con-boxed e-con e-parent\" data-id=\"35f0f64\" data-element_type=\"container\" data-settings=\"{&quot;background_background&quot;:&quot;classic&quot;}\">\n\t\t\t\t\t<div class=\"e-con-inner\">\n\t\t\t\t<div class=\"elementor-element elementor-element-8efbcec elementor-invisible elementor-widget elementor-widget-heading\" data-id=\"8efbcec\" data-element_type=\"widget\" data-settings=\"{&quot;_animation&quot;:&quot;fadeInUp&quot;}\" data-widget_type=\"heading.default\">\n\t\t\t\t<div class=\"elementor-widget-container\">\n\t\t\t\t\t<h1 class=\"elementor-heading-title elementor-size-default\">Create your game<\/h1>\t\t\t\t<\/div>\n\t\t\t\t<\/div>\n\t\t\t\t\t<\/div>\n\t\t\t\t<\/div>\n\t\t<div class=\"elementor-element elementor-element-455b8e2 e-flex e-con-boxed e-con e-parent\" data-id=\"455b8e2\" data-element_type=\"container\">\n\t\t\t\t\t<div class=\"e-con-inner\">\n\t\t<div class=\"elementor-element elementor-element-28f0170 e-con-full e-flex e-con e-child\" data-id=\"28f0170\" data-element_type=\"container\">\n\t\t\t\t<div class=\"elementor-element elementor-element-759cda8 elementor-widget__width-initial elementor-invisible elementor-widget elementor-widget-heading\" data-id=\"759cda8\" data-element_type=\"widget\" data-settings=\"{&quot;_animation&quot;:&quot;fadeInUp&quot;,&quot;_animation_delay&quot;:200}\" data-widget_type=\"heading.default\">\n\t\t\t\t<div class=\"elementor-widget-container\">\n\t\t\t\t\t<h2 class=\"elementor-heading-title elementor-size-default\">Create your own custom game!<\/h2>\t\t\t\t<\/div>\n\t\t\t\t<\/div>\n\t\t\t\t<div class=\"elementor-element elementor-element-624f36e elementor-widget-divider--view-line elementor-widget elementor-widget-divider\" data-id=\"624f36e\" data-element_type=\"widget\" data-widget_type=\"divider.default\">\n\t\t\t\t<div class=\"elementor-widget-container\">\n\t\t\t\t\t\t\t<div class=\"elementor-divider\">\n\t\t\t<span class=\"elementor-divider-separator\">\n\t\t\t\t\t\t<\/span>\n\t\t<\/div>\n\t\t\t\t\t\t<\/div>\n\t\t\t\t<\/div>\n\t\t\t\t<div class=\"elementor-element elementor-element-0997f2b elementor-invisible elementor-widget elementor-widget-text-editor\" data-id=\"0997f2b\" data-element_type=\"widget\" data-settings=\"{&quot;_animation&quot;:&quot;fadeInUp&quot;}\" data-widget_type=\"text-editor.default\">\n\t\t\t\t<div class=\"elementor-widget-container\">\n\t\t\t\t\t\t\t\t\tDo you have a unique idea for a board game or role-playing game that you&#039;d like to bring to life? At Novaludics, we offer the opportunity to create your own custom game. Our team of experts will work with you to turn your concept into a real game, designed specifically for you and your friends or players.\t\t\t\t\t\t\t\t<\/div>\n\t\t\t\t<\/div>\n\t\t\t\t<\/div>\n\t\t<div class=\"elementor-element elementor-element-fa54679 e-con-full e-flex e-con e-child\" data-id=\"fa54679\" data-element_type=\"container\">\n\t\t\t\t<div class=\"elementor-element elementor-element-10d74d3 elementor-widget elementor-widget-shortcode\" data-id=\"10d74d3\" data-element_type=\"widget\" data-widget_type=\"shortcode.default\">\n\t\t\t\t<div class=\"elementor-widget-container\">\n\t\t\t\t\t\t\t<div class=\"elementor-shortcode\">\t\t<div data-elementor-type=\"section\" data-elementor-id=\"970\" class=\"elementor elementor-970\" data-elementor-post-type=\"elementor_library\">\n\t\t\t<div class=\"elementor-element elementor-element-09efcf6 e-flex e-con-boxed e-con e-parent\" data-id=\"09efcf6\" data-element_type=\"container\">\n\t\t\t\t\t<div class=\"e-con-inner\">\n\t\t\t\t<div class=\"elementor-element elementor-element-6fc3cfa elementor-button-align-stretch elementor-invisible elementor-widget elementor-widget-form\" data-id=\"6fc3cfa\" data-element_type=\"widget\" data-settings=\"{&quot;button_width&quot;:&quot;50&quot;,&quot;step_next_label&quot;:&quot;Next&quot;,&quot;step_previous_label&quot;:&quot;Previous&quot;,&quot;_animation&quot;:&quot;fadeIn&quot;,&quot;step_type&quot;:&quot;number_text&quot;,&quot;step_icon_shape&quot;:&quot;circle&quot;}\" data-widget_type=\"form.default\">\n\t\t\t\t<div class=\"elementor-widget-container\">\n\t\t\t\t\t\t\t<form class=\"elementor-form\" method=\"post\" name=\"New Form\" action=\"\">\n\t\t\t<input type=\"hidden\" name=\"post_id\" value=\"970\"\/>\n\t\t\t<input type=\"hidden\" name=\"form_id\" value=\"6fc3cfa\"\/>\n\t\t\t<input type=\"hidden\" name=\"referer_title\" value=\"Accesorios para juegos - Novaludics\" \/>\n\n\t\t\t\t\t\t\t<input type=\"hidden\" name=\"queried_id\" value=\"1617\"\/>\n\t\t\t\n\t\t\t<div class=\"elementor-form-fields-wrapper elementor-labels-\">\n\t\t\t\t\t\t\t\t<div class=\"elementor-field-type-text elementor-field-group elementor-column elementor-field-group-name elementor-col-100 elementor-field-required\">\n\t\t\t\t\t\t\t\t\t\t\t\t<label for=\"form-field-name\" class=\"elementor-field-label elementor-screen-only\">\n\t\t\t\t\t\t\t\tName *\t\t\t\t\t\t\t<\/label>\n\t\t\t\t\t\t\t\t\t\t\t\t\t\t<input size=\"1\" type=\"text\" name=\"form_fields[name]\" id=\"form-field-name\" class=\"elementor-field elementor-size-md  elementor-field-textual\" placeholder=\"Name *\" required=\"required\">\n\t\t\t\t\t\t\t\t\t\t\t<\/div>\n\t\t\t\t\t\t\t\t<div class=\"elementor-field-type-email elementor-field-group elementor-column elementor-field-group-email elementor-col-100 elementor-field-required\">\n\t\t\t\t\t\t\t\t\t\t\t\t<label for=\"form-field-email\" class=\"elementor-field-label elementor-screen-only\">\n\t\t\t\t\t\t\t\tEmail *\t\t\t\t\t\t\t<\/label>\n\t\t\t\t\t\t\t\t\t\t\t\t\t\t<input size=\"1\" type=\"email\" name=\"form_fields[email]\" id=\"form-field-email\" class=\"elementor-field elementor-size-md  elementor-field-textual\" placeholder=\"Email *\" required=\"required\">\n\t\t\t\t\t\t\t\t\t\t\t<\/div>\n\t\t\t\t\t\t\t\t<div class=\"elementor-field-type-text elementor-field-group elementor-column elementor-field-group-field_4e7a3a8 elementor-col-100 elementor-field-required\">\n\t\t\t\t\t\t\t\t\t\t\t\t<label for=\"form-field-field_4e7a3a8\" class=\"elementor-field-label elementor-screen-only\">\n\t\t\t\t\t\t\t\tPhone *\t\t\t\t\t\t\t<\/label>\n\t\t\t\t\t\t\t\t\t\t\t\t\t\t<input size=\"1\" type=\"text\" name=\"form_fields[field_4e7a3a8]\" id=\"form-field-field_4e7a3a8\" class=\"elementor-field elementor-size-md  elementor-field-textual\" placeholder=\"Phone *\" required=\"required\">\n\t\t\t\t\t\t\t\t\t\t\t<\/div>\n\t\t\t\t\t\t\t\t<div class=\"elementor-field-type-textarea elementor-field-group elementor-column elementor-field-group-message elementor-col-100 elementor-field-required\">\n\t\t\t\t\t\t\t\t\t\t\t\t<label for=\"form-field-message\" class=\"elementor-field-label elementor-screen-only\">\n\t\t\t\t\t\t\t\tMessage *\t\t\t\t\t\t\t<\/label>\n\t\t\t\t\t\t<textarea class=\"elementor-field-textual elementor-field  elementor-size-md\" name=\"form_fields[message]\" id=\"form-field-message\" rows=\"5\" placeholder=\"Message *\" required=\"required\"><\/textarea>\t\t\t\t<\/div>\n\t\t\t\t\t\t\t\t<div class=\"elementor-field-type-checkbox elementor-field-group elementor-column elementor-field-group-field_d3d7aef elementor-col-100\">\n\t\t\t\t\t<div class=\"elementor-field-subgroup\"><span class=\"elementor-field-option\"><input type=\"checkbox\" value=\"He le\u00eddo y acepto el &lt;a href=&quot;\/aviso-legal\/&quot;&gt;aviso legal&lt;\/a&gt; y la &lt;a href=&quot;\/politica-de-privacidad\/&quot;&gt;pol\u00edtica de privacidad&lt;\/a&gt;\" id=\"form-field-field_d3d7aef-0\" name=\"form_fields[field_d3d7aef]\"> <label for=\"form-field-field_d3d7aef-0\">I have read and accept the <a href=\"\/en\/aviso-legal\/\">legal notice<\/a> and the <a href=\"\/en\/politica-de-privacidad\/\">Privacy Policy<\/a><\/label><\/span><\/div>\t\t\t\t<\/div>\n\t\t\t\t\t\t\t\t<div class=\"elementor-field-type-recaptcha_v3 elementor-field-group elementor-column elementor-field-group-field_5289e2a elementor-col-100 recaptcha_v3-bottomleft\">\n\t\t\t\t\t<div class=\"elementor-field\" id=\"form-field-field_5289e2a\"><div class=\"elementor-g-recaptcha\" data-sitekey=\"6LdztPsqAAAAAF7oBPfzRCcYllq4MapV2EyMjcnc\" data-type=\"v3\" data-action=\"Form\" data-badge=\"bottomleft\" data-size=\"invisible\"><\/div><\/div>\t\t\t\t<\/div>\n\t\t\t\t\t\t\t\t<div class=\"elementor-field-group elementor-column elementor-field-type-submit elementor-col-50 e-form__buttons\">\n\t\t\t\t\t<button class=\"elementor-button elementor-size-md\" type=\"submit\">\n\t\t\t\t\t\t<span class=\"elementor-button-content-wrapper\">\n\t\t\t\t\t\t\t\t\t\t\t\t\t\t\t\t\t\t\t\t\t\t<span class=\"elementor-button-text\">Send<\/span>\n\t\t\t\t\t\t\t\t\t\t\t\t\t<\/span>\n\t\t\t\t\t<\/button>\n\t\t\t\t<\/div>\n\t\t\t<\/div>\n\t\t<input type=\"hidden\" name=\"trp-form-language\" value=\"en\"\/><\/form>\n\t\t\t\t\t\t<\/div>\n\t\t\t\t<\/div>\n\t\t\t\t\t<\/div>\n\t\t\t\t<\/div>\n\t\t\t\t<\/div>\n\t\t<\/div>\n\t\t\t\t\t\t<\/div>\n\t\t\t\t<\/div>\n\t\t\t\t<\/div>\n\t\t\t\t\t<\/div>\n\t\t\t\t<\/div>\n\t\t\t\t<\/div>","protected":false},"excerpt":{"rendered":"<p>Create your own custom game! Do you have a unique idea for a board game or role-playing game and would like to bring it to life? At Novaludics, we offer the possibility of creating your own custom game. Our team of experts will work with you to turn your concept into a real game, designed specifically for you [\u2026]<\/p>","protected":false},"author":2,"featured_media":0,"parent":0,"menu_order":0,"comment_status":"closed","ping_status":"closed","template":"","meta":{"_glsr_average":0,"_glsr_ranking":0,"_glsr_reviews":0,"footnotes":""},"class_list":["post-581","page","type-page","status-publish","hentry"],"yoast_head":"<!-- This site is optimized with the Yoast SEO plugin v24.6 - https:\/\/yoast.com\/wordpress\/plugins\/seo\/ -->\n<title>Crea tu juego - Novaludics<\/title>\n<meta name=\"robots\" content=\"index, follow, max-snippet:-1, max-image-preview:large, max-video-preview:-1\" \/>\n<link rel=\"canonical\" href=\"https:\/\/novaludics.com\/en\/crea-tu-juego\/\" \/>\n<meta property=\"og:locale\" content=\"en_US\" \/>\n<meta property=\"og:type\" content=\"article\" \/>\n<meta property=\"og:title\" content=\"Crea tu juego - Novaludics\" \/>\n<meta property=\"og:description\" content=\"\u00a1Crea tu propio juego personalizado! \u00bfTienes una idea \u00fanica para un juego de mesa o juego de rol y te gustar\u00eda llevarla a la realidad? En Novaludics te ofrecemos la posibilidad de crear tu propio juego personalizado. Nuestro equipo de expertos trabajar\u00e1 contigo para convertir tu concepto en un juego real, dise\u00f1ado espec\u00edficamente para ti [&hellip;]\" \/>\n<meta property=\"og:url\" content=\"https:\/\/novaludics.com\/en\/crea-tu-juego\/\" \/>\n<meta property=\"og:site_name\" content=\"Novaludics\" \/>\n<meta property=\"article:modified_time\" content=\"2025-02-20T09:51:47+00:00\" \/>\n<meta name=\"twitter:card\" content=\"summary_large_image\" \/>\n<script type=\"application\/ld+json\" class=\"yoast-schema-graph\">{\"@context\":\"https:\/\/schema.org\",\"@graph\":[{\"@type\":\"WebPage\",\"@id\":\"https:\/\/novaludics.com\/crea-tu-juego\/\",\"url\":\"https:\/\/novaludics.com\/crea-tu-juego\/\",\"name\":\"Crea tu juego - Novaludics\",\"isPartOf\":{\"@id\":\"https:\/\/novaludics.com\/#website\"},\"datePublished\":\"2025-02-04T09:04:13+00:00\",\"dateModified\":\"2025-02-20T09:51:47+00:00\",\"breadcrumb\":{\"@id\":\"https:\/\/novaludics.com\/crea-tu-juego\/#breadcrumb\"},\"inLanguage\":\"en-US\",\"potentialAction\":[{\"@type\":\"ReadAction\",\"target\":[\"https:\/\/novaludics.com\/crea-tu-juego\/\"]}]},{\"@type\":\"BreadcrumbList\",\"@id\":\"https:\/\/novaludics.com\/crea-tu-juego\/#breadcrumb\",\"itemListElement\":[{\"@type\":\"ListItem\",\"position\":1,\"name\":\"Portada\",\"item\":\"https:\/\/novaludics.com\/\"},{\"@type\":\"ListItem\",\"position\":2,\"name\":\"Crea tu juego\"}]},{\"@type\":\"WebSite\",\"@id\":\"https:\/\/novaludics.com\/#website\",\"url\":\"https:\/\/novaludics.com\/\",\"name\":\"Novaludics\",\"description\":\"Tu tienda de juegos de mesa, miniaturas y complementos personalizados\",\"publisher\":{\"@id\":\"https:\/\/novaludics.com\/#organization\"},\"potentialAction\":[{\"@type\":\"SearchAction\",\"target\":{\"@type\":\"EntryPoint\",\"urlTemplate\":\"https:\/\/novaludics.com\/?s={search_term_string}\"},\"query-input\":{\"@type\":\"PropertyValueSpecification\",\"valueRequired\":true,\"valueName\":\"search_term_string\"}}],\"inLanguage\":\"en-US\"},{\"@type\":\"Organization\",\"@id\":\"https:\/\/novaludics.com\/#organization\",\"name\":\"Novaludics\",\"url\":\"https:\/\/novaludics.com\/\",\"logo\":{\"@type\":\"ImageObject\",\"inLanguage\":\"en-US\",\"@id\":\"https:\/\/novaludics.com\/#\/schema\/logo\/image\/\",\"url\":\"https:\/\/novaludics.com\/wp-content\/uploads\/2025\/02\/LOGO.png\",\"contentUrl\":\"https:\/\/novaludics.com\/wp-content\/uploads\/2025\/02\/LOGO.png\",\"width\":800,\"height\":218,\"caption\":\"Novaludics\"},\"image\":{\"@id\":\"https:\/\/novaludics.com\/#\/schema\/logo\/image\/\"}}]}<\/script>\n<!-- \/ Yoast SEO plugin. -->","yoast_head_json":{"title":"Crea tu juego - Novaludics","robots":{"index":"index","follow":"follow","max-snippet":"max-snippet:-1","max-image-preview":"max-image-preview:large","max-video-preview":"max-video-preview:-1"},"canonical":"https:\/\/novaludics.com\/en\/crea-tu-juego\/","og_locale":"en_US","og_type":"article","og_title":"Crea tu juego - Novaludics","og_description":"\u00a1Crea tu propio juego personalizado! \u00bfTienes una idea \u00fanica para un juego de mesa o juego de rol y te gustar\u00eda llevarla a la realidad? En Novaludics te ofrecemos la posibilidad de crear tu propio juego personalizado. Nuestro equipo de expertos trabajar\u00e1 contigo para convertir tu concepto en un juego real, dise\u00f1ado espec\u00edficamente para ti [&hellip;]","og_url":"https:\/\/novaludics.com\/en\/crea-tu-juego\/","og_site_name":"Novaludics","article_modified_time":"2025-02-20T09:51:47+00:00","twitter_card":"summary_large_image","schema":{"@context":"https:\/\/schema.org","@graph":[{"@type":"WebPage","@id":"https:\/\/novaludics.com\/crea-tu-juego\/","url":"https:\/\/novaludics.com\/crea-tu-juego\/","name":"Crea tu juego - Novaludics","isPartOf":{"@id":"https:\/\/novaludics.com\/#website"},"datePublished":"2025-02-04T09:04:13+00:00","dateModified":"2025-02-20T09:51:47+00:00","breadcrumb":{"@id":"https:\/\/novaludics.com\/crea-tu-juego\/#breadcrumb"},"inLanguage":"en-US","potentialAction":[{"@type":"ReadAction","target":["https:\/\/novaludics.com\/crea-tu-juego\/"]}]},{"@type":"BreadcrumbList","@id":"https:\/\/novaludics.com\/crea-tu-juego\/#breadcrumb","itemListElement":[{"@type":"ListItem","position":1,"name":"Portada","item":"https:\/\/novaludics.com\/"},{"@type":"ListItem","position":2,"name":"Crea tu juego"}]},{"@type":"WebSite","@id":"https:\/\/novaludics.com\/#website","url":"https:\/\/novaludics.com\/","name":"Novaludics","description":"Tu tienda de juegos de mesa, miniaturas y complementos personalizados","publisher":{"@id":"https:\/\/novaludics.com\/#organization"},"potentialAction":[{"@type":"SearchAction","target":{"@type":"EntryPoint","urlTemplate":"https:\/\/novaludics.com\/?s={search_term_string}"},"query-input":{"@type":"PropertyValueSpecification","valueRequired":true,"valueName":"search_term_string"}}],"inLanguage":"en-US"},{"@type":"Organization","@id":"https:\/\/novaludics.com\/#organization","name":"Novaludics","url":"https:\/\/novaludics.com\/","logo":{"@type":"ImageObject","inLanguage":"en-US","@id":"https:\/\/novaludics.com\/#\/schema\/logo\/image\/","url":"https:\/\/novaludics.com\/wp-content\/uploads\/2025\/02\/LOGO.png","contentUrl":"https:\/\/novaludics.com\/wp-content\/uploads\/2025\/02\/LOGO.png","width":800,"height":218,"caption":"Novaludics"},"image":{"@id":"https:\/\/novaludics.com\/#\/schema\/logo\/image\/"}}]}},"_links":{"self":[{"href":"https:\/\/novaludics.com\/en\/wp-json\/wp\/v2\/pages\/581","targetHints":{"allow":["GET"]}}],"collection":[{"href":"https:\/\/novaludics.com\/en\/wp-json\/wp\/v2\/pages"}],"about":[{"href":"https:\/\/novaludics.com\/en\/wp-json\/wp\/v2\/types\/page"}],"author":[{"embeddable":true,"href":"https:\/\/novaludics.com\/en\/wp-json\/wp\/v2\/users\/2"}],"replies":[{"embeddable":true,"href":"https:\/\/novaludics.com\/en\/wp-json\/wp\/v2\/comments?post=581"}],"version-history":[{"count":43,"href":"https:\/\/novaludics.com\/en\/wp-json\/wp\/v2\/pages\/581\/revisions"}],"predecessor-version":[{"id":1130,"href":"https:\/\/novaludics.com\/en\/wp-json\/wp\/v2\/pages\/581\/revisions\/1130"}],"wp:attachment":[{"href":"https:\/\/novaludics.com\/en\/wp-json\/wp\/v2\/media?parent=581"}],"curies":[{"name":"wp","href":"https:\/\/api.w.org\/{rel}","templated":true}]}}