{"id":50,"date":"2025-02-03T15:49:39","date_gmt":"2025-02-03T15:49:39","guid":{"rendered":"https:\/\/novaludics.com\/?page_id=50"},"modified":"2025-03-25T12:55:47","modified_gmt":"2025-03-25T11:55:47","slug":"miniaturas","status":"publish","type":"page","link":"https:\/\/novaludics.com\/en\/miniaturas\/","title":{"rendered":"Thumbnails"},"content":{"rendered":"<div data-elementor-type=\"wp-page\" data-elementor-id=\"50\" class=\"elementor elementor-50\" data-elementor-post-type=\"page\">\n\t\t\t\t<div class=\"elementor-element elementor-element-76b842a e-flex e-con-boxed e-con e-parent\" data-id=\"76b842a\" data-element_type=\"container\" data-settings=\"{&quot;background_background&quot;:&quot;classic&quot;}\">\n\t\t\t\t\t<div class=\"e-con-inner\">\n\t\t\t\t<div class=\"elementor-element elementor-element-45cf8a0 elementor-invisible elementor-widget elementor-widget-heading\" data-id=\"45cf8a0\" data-element_type=\"widget\" data-settings=\"{&quot;_animation&quot;:&quot;fadeInUp&quot;}\" data-widget_type=\"heading.default\">\n\t\t\t\t<div class=\"elementor-widget-container\">\n\t\t\t\t\t<h1 class=\"elementor-heading-title elementor-size-default\">Thumbnails<\/h1>\t\t\t\t<\/div>\n\t\t\t\t<\/div>\n\t\t\t\t\t<\/div>\n\t\t\t\t<\/div>\n\t\t<div class=\"elementor-element elementor-element-a40e00b e-flex e-con-boxed e-con e-parent\" data-id=\"a40e00b\" data-element_type=\"container\">\n\t\t\t\t\t<div class=\"e-con-inner\">\n\t\t<div class=\"elementor-element elementor-element-a3acede e-con-full e-flex e-con e-child\" data-id=\"a3acede\" data-element_type=\"container\">\n\t\t\t\t<div class=\"elementor-element elementor-element-8a2c291 elementor-widget__width-initial elementor-invisible elementor-widget elementor-widget-heading\" data-id=\"8a2c291\" data-element_type=\"widget\" data-settings=\"{&quot;_animation&quot;:&quot;fadeInUp&quot;,&quot;_animation_delay&quot;:200}\" data-widget_type=\"heading.default\">\n\t\t\t\t<div class=\"elementor-widget-container\">\n\t\t\t\t\t<h2 class=\"elementor-heading-title elementor-size-default\">Thumbnails<\/h2>\t\t\t\t<\/div>\n\t\t\t\t<\/div>\n\t\t\t\t<div class=\"elementor-element elementor-element-49b93ac elementor-widget-divider--view-line elementor-widget elementor-widget-divider\" data-id=\"49b93ac\" data-element_type=\"widget\" data-widget_type=\"divider.default\">\n\t\t\t\t<div class=\"elementor-widget-container\">\n\t\t\t\t\t\t\t<div class=\"elementor-divider\">\n\t\t\t<span class=\"elementor-divider-separator\">\n\t\t\t\t\t\t<\/span>\n\t\t<\/div>\n\t\t\t\t\t\t<\/div>\n\t\t\t\t<\/div>\n\t\t<div class=\"elementor-element elementor-element-ac2138d e-con-full e-flex e-con e-child\" data-id=\"ac2138d\" data-element_type=\"container\">\n\t\t\t\t<\/div>\n\t\t\t\t<\/div>\n\t\t\t\t\t<\/div>\n\t\t\t\t<\/div>\n\t\t<div class=\"elementor-element elementor-element-0fea616 e-flex e-con-boxed e-con e-parent\" data-id=\"0fea616\" data-element_type=\"container\" data-settings=\"{&quot;background_background&quot;:&quot;classic&quot;}\">\n\t\t\t\t\t<div class=\"e-con-inner\">\n\t\t<div class=\"elementor-element elementor-element-11950ac e-con-full e-flex e-con e-child\" data-id=\"11950ac\" data-element_type=\"container\">\n\t\t\t\t<div class=\"elementor-element elementor-element-45d08ab elementor-invisible elementor-widget elementor-widget-image\" data-id=\"45d08ab\" data-element_type=\"widget\" data-settings=\"{&quot;_animation&quot;:&quot;fadeInLeft&quot;}\" data-widget_type=\"image.default\">\n\t\t\t\t<div class=\"elementor-widget-container\">\n\t\t\t\t\t\t\t\t\t\t\t\t\t\t\t<img fetchpriority=\"high\" decoding=\"async\" width=\"800\" height=\"800\" src=\"https:\/\/novaludics.com\/wp-content\/uploads\/2025\/02\/1-1-1.jpg\" class=\"attachment-full size-full wp-image-669\" alt=\"\" srcset=\"https:\/\/novaludics.com\/wp-content\/uploads\/2025\/02\/1-1-1.jpg 800w, https:\/\/novaludics.com\/wp-content\/uploads\/2025\/02\/1-1-1-300x300.jpg 300w, https:\/\/novaludics.com\/wp-content\/uploads\/2025\/02\/1-1-1-100x100.jpg 100w, https:\/\/novaludics.com\/wp-content\/uploads\/2025\/02\/1-1-1-600x600.jpg 600w, https:\/\/novaludics.com\/wp-content\/uploads\/2025\/02\/1-1-1-150x150.jpg 150w, https:\/\/novaludics.com\/wp-content\/uploads\/2025\/02\/1-1-1-768x768.jpg 768w\" sizes=\"(max-width: 800px) 100vw, 800px\" \/>\t\t\t\t\t\t\t\t\t\t\t\t\t\t\t<\/div>\n\t\t\t\t<\/div>\n\t\t\t\t<\/div>\n\t\t<div class=\"elementor-element elementor-element-c08356b e-con-full e-flex elementor-invisible e-con e-child\" data-id=\"c08356b\" data-element_type=\"container\" data-settings=\"{&quot;animation&quot;:&quot;fadeInRight&quot;}\">\n\t\t\t\t<div class=\"elementor-element elementor-element-0ef260b elementor-widget elementor-widget-heading\" data-id=\"0ef260b\" data-element_type=\"widget\" data-widget_type=\"heading.default\">\n\t\t\t\t<div class=\"elementor-widget-container\">\n\t\t\t\t\t<h2 class=\"elementor-heading-title elementor-size-default\">3D printed miniatures with high-quality resin<\/h2>\t\t\t\t<\/div>\n\t\t\t\t<\/div>\n\t\t\t\t<div class=\"elementor-element elementor-element-bd99029 elementor-widget-divider--view-line elementor-widget elementor-widget-divider\" data-id=\"bd99029\" data-element_type=\"widget\" data-widget_type=\"divider.default\">\n\t\t\t\t<div class=\"elementor-widget-container\">\n\t\t\t\t\t\t\t<div class=\"elementor-divider\">\n\t\t\t<span class=\"elementor-divider-separator\">\n\t\t\t\t\t\t<\/span>\n\t\t<\/div>\n\t\t\t\t\t\t<\/div>\n\t\t\t\t<\/div>\n\t\t\t\t<div class=\"elementor-element elementor-element-3ff289c elementor-widget elementor-widget-heading\" data-id=\"3ff289c\" data-element_type=\"widget\" data-widget_type=\"heading.default\">\n\t\t\t\t<div class=\"elementor-widget-container\">\n\t\t\t\t\t<p class=\"elementor-heading-title elementor-size-default\">At Novaludics, we offer miniatures ideal for your board game, model making, collecting, and scenery projects. Thanks to our advanced resin 3D printing technology, each piece is meticulously detailed, ensuring exceptional accuracy that enhances the play and display experience.<\/p>\t\t\t\t<\/div>\n\t\t\t\t<\/div>\n\t\t\t\t<\/div>\n\t\t\t\t\t<\/div>\n\t\t\t\t<\/div>\n\t\t<div class=\"elementor-element elementor-element-4e86e0f e-flex e-con-boxed e-con e-parent\" data-id=\"4e86e0f\" data-element_type=\"container\" data-settings=\"{&quot;background_background&quot;:&quot;classic&quot;}\">\n\t\t\t\t\t<div class=\"e-con-inner\">\n\t\t<div class=\"elementor-element elementor-element-3ede2ba e-flex e-con-boxed e-con e-child\" data-id=\"3ede2ba\" data-element_type=\"container\">\n\t\t\t\t\t<div class=\"e-con-inner\">\n\t\t<div class=\"elementor-element elementor-element-758cd23 e-con-full e-flex e-con e-child\" data-id=\"758cd23\" data-element_type=\"container\">\n\t\t\t\t<div class=\"elementor-element elementor-element-cb5b9f3 elementor-widget__width-initial elementor-invisible elementor-widget elementor-widget-heading\" data-id=\"cb5b9f3\" data-element_type=\"widget\" data-settings=\"{&quot;_animation&quot;:&quot;fadeInUp&quot;,&quot;_animation_delay&quot;:200}\" data-widget_type=\"heading.default\">\n\t\t\t\t<div class=\"elementor-widget-container\">\n\t\t\t\t\t<h3 class=\"elementor-heading-title elementor-size-default\">Why choose Novaludics for your 3D printed miniatures?<\/h3>\t\t\t\t<\/div>\n\t\t\t\t<\/div>\n\t\t\t\t<div class=\"elementor-element elementor-element-361a8b2 elementor-widget-divider--view-line elementor-widget elementor-widget-divider\" data-id=\"361a8b2\" data-element_type=\"widget\" data-widget_type=\"divider.default\">\n\t\t\t\t<div class=\"elementor-widget-container\">\n\t\t\t\t\t\t\t<div class=\"elementor-divider\">\n\t\t\t<span class=\"elementor-divider-separator\">\n\t\t\t\t\t\t<\/span>\n\t\t<\/div>\n\t\t\t\t\t\t<\/div>\n\t\t\t\t<\/div>\n\t\t\t\t<\/div>\n\t\t\t\t\t<\/div>\n\t\t\t\t<\/div>\n\t\t<div class=\"elementor-element elementor-element-05b19d2 e-con-full e-flex e-con e-child\" data-id=\"05b19d2\" data-element_type=\"container\">\n\t\t<div class=\"elementor-element elementor-element-40408ad e-con-full e-grid e-con e-child\" data-id=\"40408ad\" data-element_type=\"container\">\n\t\t\t\t<div class=\"elementor-element elementor-element-4e06f37 elementor-view-stacked elementor-shape-circle elementor-position-top elementor-mobile-position-top elementor-invisible elementor-widget elementor-widget-icon-box\" data-id=\"4e06f37\" data-element_type=\"widget\" data-settings=\"{&quot;_animation&quot;:&quot;fadeInUp&quot;}\" data-widget_type=\"icon-box.default\">\n\t\t\t\t<div class=\"elementor-widget-container\">\n\t\t\t\t\t\t\t<div class=\"elementor-icon-box-wrapper\">\n\n\t\t\t\t\t\t<div class=\"elementor-icon-box-icon\">\n\t\t\t\t<span  class=\"elementor-icon\">\n\t\t\t\t<svg xmlns=\"http:\/\/www.w3.org\/2000\/svg\" xmlns:xlink=\"http:\/\/www.w3.org\/1999\/xlink\" width=\"512\" height=\"512\" x=\"0\" y=\"0\" viewbox=\"0 0 512 512\" style=\"enable-background:new 0 0 512 512\" xml:space=\"preserve\"><g><path d=\"M511.476 468.168c-.198-.451-7.724-17.164-12.541-27.868a7.29 7.29 0 0 0-9.636-3.655 7.287 7.287 0 0 0-3.656 9.635l3.471 7.711-102.629-59.241c0-3.835.002-137.083-.004-138.191a7.31 7.31 0 0 0-3.64-6.248l-119.647-69.064V60.385c3.497 3.992 4.892 9.467 10.559 9.467 5.864 0 9.403-6.696 5.907-11.546-18.644-25.869-18.367-26.511-21.715-27.487-2.868-.834-6.04.136-7.952 2.73l-17.84 24.757a7.285 7.285 0 0 0 1.653 10.171 7.287 7.287 0 0 0 10.173-1.653l4.639-6.438v120.862c-128.472 74.163-120.47 69.186-121.831 71.007-2.105 2.815-1.46-8.016-1.461 142.497L23.091 453.764l3.368-7.483a7.286 7.286 0 0 0-3.655-9.635 7.29 7.29 0 0 0-9.637 3.655c-2.682 5.961-12.36 27.455-12.54 27.867-2 4.51 1.005 9.717 5.95 10.2 32.087 3.231 30.395 3.105 31.086 3.105a7.287 7.287 0 0 0 .724-14.537l-7.628-.771 101.854-58.793c126.003 72.318 119.588 70.04 123.292 70.04 2.862 0-6.975 5.154 123.291-70.04l101.897 58.818-7.379.746a7.287 7.287 0 1 0 1.466 14.499c32.805-3.374 32.29-2.591 34.87-5.258 1.252-1.294 2.769-4.975 1.426-8.009zm-255.571-274.3 108.715 62.754-108.715 62.754-108.715-62.754zm-116.003 75.375 108.715 62.754v125.509l-108.716-62.754zm123.291 188.262V331.996l108.715-62.754v125.509z\" fill=\"#ffffff\" opacity=\"1\" data-original=\"#000000\"><\/path><\/g><\/svg>\t\t\t\t<\/span>\n\t\t\t<\/div>\n\t\t\t\n\t\t\t\t\t\t<div class=\"elementor-icon-box-content\">\n\n\t\t\t\t\t\t\t\t\t<div class=\"elementor-icon-box-title\">\n\t\t\t\t\t\t<span  >\n\t\t\t\t\t\t\tHigh-resolution 3D printing\t\t\t\t\t\t<\/span>\n\t\t\t\t\t<\/div>\n\t\t\t\t\n\t\t\t\t\t\t\t\t\t<p class=\"elementor-icon-box-description\">\n\t\t\t\t\t\tThanks to our advanced printing technology, we guarantee that each piece is perfect.\t\t\t\t\t<\/p>\n\t\t\t\t\n\t\t\t<\/div>\n\t\t\t\n\t\t<\/div>\n\t\t\t\t\t\t<\/div>\n\t\t\t\t<\/div>\n\t\t\t\t<div class=\"elementor-element elementor-element-600e994 elementor-view-stacked elementor-shape-circle elementor-position-top elementor-mobile-position-top elementor-invisible elementor-widget elementor-widget-icon-box\" data-id=\"600e994\" data-element_type=\"widget\" data-settings=\"{&quot;_animation&quot;:&quot;fadeInUp&quot;}\" data-widget_type=\"icon-box.default\">\n\t\t\t\t<div class=\"elementor-widget-container\">\n\t\t\t\t\t\t\t<div class=\"elementor-icon-box-wrapper\">\n\n\t\t\t\t\t\t<div class=\"elementor-icon-box-icon\">\n\t\t\t\t<span  class=\"elementor-icon\">\n\t\t\t\t<i aria-hidden=\"true\" class=\"icon icon-Computer\"><\/i>\t\t\t\t<\/span>\n\t\t\t<\/div>\n\t\t\t\n\t\t\t\t\t\t<div class=\"elementor-icon-box-content\">\n\n\t\t\t\t\t\t\t\t\t<div class=\"elementor-icon-box-title\">\n\t\t\t\t\t\t<span  >\n\t\t\t\t\t\t\tCustom designs\t\t\t\t\t\t<\/span>\n\t\t\t\t\t<\/div>\n\t\t\t\t\n\t\t\t\t\t\t\t\t\t<p class=\"elementor-icon-box-description\">\n\t\t\t\t\t\tIf you&#039;re looking for something unique, our designers can create exclusive miniatures to your specifications.\t\t\t\t\t<\/p>\n\t\t\t\t\n\t\t\t<\/div>\n\t\t\t\n\t\t<\/div>\n\t\t\t\t\t\t<\/div>\n\t\t\t\t<\/div>\n\t\t\t\t<div class=\"elementor-element elementor-element-4b8374c elementor-view-stacked elementor-shape-circle elementor-position-top elementor-mobile-position-top elementor-invisible elementor-widget elementor-widget-icon-box\" data-id=\"4b8374c\" data-element_type=\"widget\" data-settings=\"{&quot;_animation&quot;:&quot;fadeInUp&quot;}\" data-widget_type=\"icon-box.default\">\n\t\t\t\t<div class=\"elementor-widget-container\">\n\t\t\t\t\t\t\t<div class=\"elementor-icon-box-wrapper\">\n\n\t\t\t\t\t\t<div class=\"elementor-icon-box-icon\">\n\t\t\t\t<span  class=\"elementor-icon\">\n\t\t\t\t<i aria-hidden=\"true\" class=\"icon icon-diamond11\"><\/i>\t\t\t\t<\/span>\n\t\t\t<\/div>\n\t\t\t\n\t\t\t\t\t\t<div class=\"elementor-icon-box-content\">\n\n\t\t\t\t\t\t\t\t\t<div class=\"elementor-icon-box-title\">\n\t\t\t\t\t\t<span  >\n\t\t\t\t\t\t\tCommitment to quality\t\t\t\t\t\t<\/span>\n\t\t\t\t\t<\/div>\n\t\t\t\t\n\t\t\t\t\t\t\t\t\t<p class=\"elementor-icon-box-description\">\n\t\t\t\t\t\tWe work only with top quality materials to ensure durable and detailed products.\t\t\t\t\t<\/p>\n\t\t\t\t\n\t\t\t<\/div>\n\t\t\t\n\t\t<\/div>\n\t\t\t\t\t\t<\/div>\n\t\t\t\t<\/div>\n\t\t\t\t<div class=\"elementor-element elementor-element-884bdf7 elementor-view-stacked elementor-shape-circle elementor-position-top elementor-mobile-position-top elementor-invisible elementor-widget elementor-widget-icon-box\" data-id=\"884bdf7\" data-element_type=\"widget\" data-settings=\"{&quot;_animation&quot;:&quot;fadeInUp&quot;}\" data-widget_type=\"icon-box.default\">\n\t\t\t\t<div class=\"elementor-widget-container\">\n\t\t\t\t\t\t\t<div class=\"elementor-icon-box-wrapper\">\n\n\t\t\t\t\t\t<div class=\"elementor-icon-box-icon\">\n\t\t\t\t<span  class=\"elementor-icon\">\n\t\t\t\t<i aria-hidden=\"true\" class=\"icon icon-truck-2\"><\/i>\t\t\t\t<\/span>\n\t\t\t<\/div>\n\t\t\t\n\t\t\t\t\t\t<div class=\"elementor-icon-box-content\">\n\n\t\t\t\t\t\t\t\t\t<div class=\"elementor-icon-box-title\">\n\t\t\t\t\t\t<span  >\n\t\t\t\t\t\t\tFast and secure shipping\t\t\t\t\t\t<\/span>\n\t\t\t\t\t<\/div>\n\t\t\t\t\n\t\t\t\t\t\t\t\t\t<p class=\"elementor-icon-box-description\">\n\t\t\t\t\t\tReceive your miniatures quickly and safely, ready to use.\t\t\t\t\t<\/p>\n\t\t\t\t\n\t\t\t<\/div>\n\t\t\t\n\t\t<\/div>\n\t\t\t\t\t\t<\/div>\n\t\t\t\t<\/div>\n\t\t\t\t<\/div>\n\t\t\t\t<\/div>\n\t\t\t\t\t<\/div>\n\t\t\t\t<\/div>\n\t\t<div class=\"elementor-element elementor-element-b70a3d9 e-flex e-con-boxed e-con e-parent\" data-id=\"b70a3d9\" data-element_type=\"container\" data-settings=\"{&quot;background_background&quot;:&quot;classic&quot;}\">\n\t\t\t\t\t<div class=\"e-con-inner\">\n\t\t<div class=\"elementor-element elementor-element-0d85cfa e-con-full e-flex e-con e-child\" data-id=\"0d85cfa\" data-element_type=\"container\">\n\t\t\t\t<div class=\"elementor-element elementor-element-47fd3d3 elementor-invisible elementor-widget elementor-widget-heading\" data-id=\"47fd3d3\" data-element_type=\"widget\" data-settings=\"{&quot;_animation&quot;:&quot;fadeInUp&quot;}\" data-widget_type=\"heading.default\">\n\t\t\t\t<div class=\"elementor-widget-container\">\n\t\t\t\t\t<div class=\"elementor-heading-title elementor-size-default\">Figures and miniatures for all types of games<\/div>\t\t\t\t<\/div>\n\t\t\t\t<\/div>\n\t\t\t\t<div class=\"elementor-element elementor-element-2029448 elementor-invisible elementor-widget elementor-widget-heading\" data-id=\"2029448\" data-element_type=\"widget\" data-settings=\"{&quot;_animation&quot;:&quot;fadeInUp&quot;,&quot;_animation_delay&quot;:200}\" data-widget_type=\"heading.default\">\n\t\t\t\t<div class=\"elementor-widget-container\">\n\t\t\t\t\t<div class=\"elementor-heading-title elementor-size-default\">Our range of 3D-printed resin miniatures covers a wide variety of styles and sizes, suitable for board games, role-playing games (RPGs), wargames, and more. We work with fantasy, science fiction, historical, and other themed miniatures that you can easily integrate into your adventures and scenarios.<\/div>\t\t\t\t<\/div>\n\t\t\t\t<\/div>\n\t\t\t\t<\/div>\n\t\t\t\t\t<\/div>\n\t\t\t\t<\/div>\n\t\t\t\t<\/div>","protected":false},"excerpt":{"rendered":"<p>Miniatures 3D printed miniatures with high-quality resin. At Novaludics, we offer miniatures ideal for your board game, model making, collecting, and scenery projects. Thanks to our advanced resin 3D printing technology, each piece is meticulously detailed, ensuring exceptional accuracy that enhances the play and display experience. Why [\u2026]<\/p>","protected":false},"author":2,"featured_media":0,"parent":0,"menu_order":0,"comment_status":"closed","ping_status":"closed","template":"","meta":{"_glsr_average":0,"_glsr_ranking":0,"_glsr_reviews":0,"footnotes":""},"class_list":["post-50","page","type-page","status-publish","hentry"],"yoast_head":"<!-- This site is optimized with the Yoast SEO plugin v24.6 - https:\/\/yoast.com\/wordpress\/plugins\/seo\/ -->\n<title>Miniaturas - Novaludics<\/title>\n<meta name=\"robots\" content=\"index, follow, max-snippet:-1, max-image-preview:large, max-video-preview:-1\" \/>\n<link rel=\"canonical\" href=\"https:\/\/novaludics.com\/en\/miniaturas\/\" \/>\n<meta property=\"og:locale\" content=\"en_US\" \/>\n<meta property=\"og:type\" content=\"article\" \/>\n<meta property=\"og:title\" content=\"Miniaturas - Novaludics\" \/>\n<meta property=\"og:description\" content=\"Miniaturas Miniaturas impresas en 3D con resina de alta calidad En Novaludics, ofrecemos miniaturas ideales para tus proyectos de juegos de mesa, modelismo, coleccionismo y escenograf\u00eda. Gracias a nuestra avanzada tecnolog\u00eda de impresi\u00f3n 3D con resina, cada pieza es meticulosamente detallada, garantizando una precisi\u00f3n excepcional que realza la experiencia de juego y exposici\u00f3n. \u00bfPor qu\u00e9 [&hellip;]\" \/>\n<meta property=\"og:url\" content=\"https:\/\/novaludics.com\/en\/miniaturas\/\" \/>\n<meta property=\"og:site_name\" content=\"Novaludics\" \/>\n<meta property=\"article:modified_time\" content=\"2025-03-25T11:55:47+00:00\" \/>\n<meta property=\"og:image\" content=\"https:\/\/novaludics.com\/wp-content\/uploads\/2025\/02\/1-1-1.jpg\" \/>\n<meta name=\"twitter:card\" content=\"summary_large_image\" \/>\n<meta name=\"twitter:label1\" content=\"Est. reading time\" \/>\n\t<meta name=\"twitter:data1\" content=\"1 minute\" \/>\n<script type=\"application\/ld+json\" class=\"yoast-schema-graph\">{\"@context\":\"https:\/\/schema.org\",\"@graph\":[{\"@type\":\"WebPage\",\"@id\":\"https:\/\/novaludics.com\/miniaturas\/\",\"url\":\"https:\/\/novaludics.com\/miniaturas\/\",\"name\":\"Miniaturas - Novaludics\",\"isPartOf\":{\"@id\":\"https:\/\/novaludics.com\/#website\"},\"primaryImageOfPage\":{\"@id\":\"https:\/\/novaludics.com\/miniaturas\/#primaryimage\"},\"image\":{\"@id\":\"https:\/\/novaludics.com\/miniaturas\/#primaryimage\"},\"thumbnailUrl\":\"https:\/\/novaludics.com\/wp-content\/uploads\/2025\/02\/1-1-1.jpg\",\"datePublished\":\"2025-02-03T15:49:39+00:00\",\"dateModified\":\"2025-03-25T11:55:47+00:00\",\"breadcrumb\":{\"@id\":\"https:\/\/novaludics.com\/miniaturas\/#breadcrumb\"},\"inLanguage\":\"en-US\",\"potentialAction\":[{\"@type\":\"ReadAction\",\"target\":[\"https:\/\/novaludics.com\/miniaturas\/\"]}]},{\"@type\":\"ImageObject\",\"inLanguage\":\"en-US\",\"@id\":\"https:\/\/novaludics.com\/miniaturas\/#primaryimage\",\"url\":\"https:\/\/novaludics.com\/wp-content\/uploads\/2025\/02\/1-1-1.jpg\",\"contentUrl\":\"https:\/\/novaludics.com\/wp-content\/uploads\/2025\/02\/1-1-1.jpg\"},{\"@type\":\"BreadcrumbList\",\"@id\":\"https:\/\/novaludics.com\/miniaturas\/#breadcrumb\",\"itemListElement\":[{\"@type\":\"ListItem\",\"position\":1,\"name\":\"Portada\",\"item\":\"https:\/\/novaludics.com\/\"},{\"@type\":\"ListItem\",\"position\":2,\"name\":\"Miniaturas\"}]},{\"@type\":\"WebSite\",\"@id\":\"https:\/\/novaludics.com\/#website\",\"url\":\"https:\/\/novaludics.com\/\",\"name\":\"Novaludics\",\"description\":\"Tu tienda de juegos de mesa, miniaturas y complementos personalizados\",\"publisher\":{\"@id\":\"https:\/\/novaludics.com\/#organization\"},\"potentialAction\":[{\"@type\":\"SearchAction\",\"target\":{\"@type\":\"EntryPoint\",\"urlTemplate\":\"https:\/\/novaludics.com\/?s={search_term_string}\"},\"query-input\":{\"@type\":\"PropertyValueSpecification\",\"valueRequired\":true,\"valueName\":\"search_term_string\"}}],\"inLanguage\":\"en-US\"},{\"@type\":\"Organization\",\"@id\":\"https:\/\/novaludics.com\/#organization\",\"name\":\"Novaludics\",\"url\":\"https:\/\/novaludics.com\/\",\"logo\":{\"@type\":\"ImageObject\",\"inLanguage\":\"en-US\",\"@id\":\"https:\/\/novaludics.com\/#\/schema\/logo\/image\/\",\"url\":\"https:\/\/novaludics.com\/wp-content\/uploads\/2025\/02\/LOGO.png\",\"contentUrl\":\"https:\/\/novaludics.com\/wp-content\/uploads\/2025\/02\/LOGO.png\",\"width\":800,\"height\":218,\"caption\":\"Novaludics\"},\"image\":{\"@id\":\"https:\/\/novaludics.com\/#\/schema\/logo\/image\/\"}}]}<\/script>\n<!-- \/ Yoast SEO plugin. -->","yoast_head_json":{"title":"Miniaturas - Novaludics","robots":{"index":"index","follow":"follow","max-snippet":"max-snippet:-1","max-image-preview":"max-image-preview:large","max-video-preview":"max-video-preview:-1"},"canonical":"https:\/\/novaludics.com\/en\/miniaturas\/","og_locale":"en_US","og_type":"article","og_title":"Miniaturas - Novaludics","og_description":"Miniaturas Miniaturas impresas en 3D con resina de alta calidad En Novaludics, ofrecemos miniaturas ideales para tus proyectos de juegos de mesa, modelismo, coleccionismo y escenograf\u00eda. Gracias a nuestra avanzada tecnolog\u00eda de impresi\u00f3n 3D con resina, cada pieza es meticulosamente detallada, garantizando una precisi\u00f3n excepcional que realza la experiencia de juego y exposici\u00f3n. \u00bfPor qu\u00e9 [&hellip;]","og_url":"https:\/\/novaludics.com\/en\/miniaturas\/","og_site_name":"Novaludics","article_modified_time":"2025-03-25T11:55:47+00:00","og_image":[{"url":"https:\/\/novaludics.com\/wp-content\/uploads\/2025\/02\/1-1-1.jpg","type":"","width":"","height":""}],"twitter_card":"summary_large_image","twitter_misc":{"Est. reading time":"1 minute"},"schema":{"@context":"https:\/\/schema.org","@graph":[{"@type":"WebPage","@id":"https:\/\/novaludics.com\/miniaturas\/","url":"https:\/\/novaludics.com\/miniaturas\/","name":"Miniaturas - Novaludics","isPartOf":{"@id":"https:\/\/novaludics.com\/#website"},"primaryImageOfPage":{"@id":"https:\/\/novaludics.com\/miniaturas\/#primaryimage"},"image":{"@id":"https:\/\/novaludics.com\/miniaturas\/#primaryimage"},"thumbnailUrl":"https:\/\/novaludics.com\/wp-content\/uploads\/2025\/02\/1-1-1.jpg","datePublished":"2025-02-03T15:49:39+00:00","dateModified":"2025-03-25T11:55:47+00:00","breadcrumb":{"@id":"https:\/\/novaludics.com\/miniaturas\/#breadcrumb"},"inLanguage":"en-US","potentialAction":[{"@type":"ReadAction","target":["https:\/\/novaludics.com\/miniaturas\/"]}]},{"@type":"ImageObject","inLanguage":"en-US","@id":"https:\/\/novaludics.com\/miniaturas\/#primaryimage","url":"https:\/\/novaludics.com\/wp-content\/uploads\/2025\/02\/1-1-1.jpg","contentUrl":"https:\/\/novaludics.com\/wp-content\/uploads\/2025\/02\/1-1-1.jpg"},{"@type":"BreadcrumbList","@id":"https:\/\/novaludics.com\/miniaturas\/#breadcrumb","itemListElement":[{"@type":"ListItem","position":1,"name":"Portada","item":"https:\/\/novaludics.com\/"},{"@type":"ListItem","position":2,"name":"Miniaturas"}]},{"@type":"WebSite","@id":"https:\/\/novaludics.com\/#website","url":"https:\/\/novaludics.com\/","name":"Novaludics","description":"Tu tienda de juegos de mesa, miniaturas y complementos personalizados","publisher":{"@id":"https:\/\/novaludics.com\/#organization"},"potentialAction":[{"@type":"SearchAction","target":{"@type":"EntryPoint","urlTemplate":"https:\/\/novaludics.com\/?s={search_term_string}"},"query-input":{"@type":"PropertyValueSpecification","valueRequired":true,"valueName":"search_term_string"}}],"inLanguage":"en-US"},{"@type":"Organization","@id":"https:\/\/novaludics.com\/#organization","name":"Novaludics","url":"https:\/\/novaludics.com\/","logo":{"@type":"ImageObject","inLanguage":"en-US","@id":"https:\/\/novaludics.com\/#\/schema\/logo\/image\/","url":"https:\/\/novaludics.com\/wp-content\/uploads\/2025\/02\/LOGO.png","contentUrl":"https:\/\/novaludics.com\/wp-content\/uploads\/2025\/02\/LOGO.png","width":800,"height":218,"caption":"Novaludics"},"image":{"@id":"https:\/\/novaludics.com\/#\/schema\/logo\/image\/"}}]}},"_links":{"self":[{"href":"https:\/\/novaludics.com\/en\/wp-json\/wp\/v2\/pages\/50","targetHints":{"allow":["GET"]}}],"collection":[{"href":"https:\/\/novaludics.com\/en\/wp-json\/wp\/v2\/pages"}],"about":[{"href":"https:\/\/novaludics.com\/en\/wp-json\/wp\/v2\/types\/page"}],"author":[{"embeddable":true,"href":"https:\/\/novaludics.com\/en\/wp-json\/wp\/v2\/users\/2"}],"replies":[{"embeddable":true,"href":"https:\/\/novaludics.com\/en\/wp-json\/wp\/v2\/comments?post=50"}],"version-history":[{"count":64,"href":"https:\/\/novaludics.com\/en\/wp-json\/wp\/v2\/pages\/50\/revisions"}],"predecessor-version":[{"id":1276,"href":"https:\/\/novaludics.com\/en\/wp-json\/wp\/v2\/pages\/50\/revisions\/1276"}],"wp:attachment":[{"href":"https:\/\/novaludics.com\/en\/wp-json\/wp\/v2\/media?parent=50"}],"curies":[{"name":"wp","href":"https:\/\/api.w.org\/{rel}","templated":true}]}}