{"id":374,"date":"2025-02-03T21:49:33","date_gmt":"2025-02-03T21:49:33","guid":{"rendered":"https:\/\/novaludics.com\/?page_id=374"},"modified":"2025-06-18T10:52:53","modified_gmt":"2025-06-18T08:52:53","slug":"servicios","status":"publish","type":"page","link":"https:\/\/novaludics.com\/en\/servicios\/","title":{"rendered":"Products"},"content":{"rendered":"<div data-elementor-type=\"wp-page\" data-elementor-id=\"374\" class=\"elementor elementor-374\" data-elementor-post-type=\"page\">\n\t\t\t\t<div class=\"elementor-element elementor-element-5da1442 e-flex e-con-boxed e-con e-parent\" data-id=\"5da1442\" data-element_type=\"container\" data-settings=\"{&quot;background_background&quot;:&quot;classic&quot;}\">\n\t\t\t\t\t<div class=\"e-con-inner\">\n\t\t\t\t<div class=\"elementor-element elementor-element-24e0dc8 elementor-invisible elementor-widget elementor-widget-heading\" data-id=\"24e0dc8\" data-element_type=\"widget\" data-settings=\"{&quot;_animation&quot;:&quot;fadeInUp&quot;}\" data-widget_type=\"heading.default\">\n\t\t\t\t<div class=\"elementor-widget-container\">\n\t\t\t\t\t<h1 class=\"elementor-heading-title elementor-size-default\">Products<\/h1>\t\t\t\t<\/div>\n\t\t\t\t<\/div>\n\t\t\t\t\t<\/div>\n\t\t\t\t<\/div>\n\t\t<div class=\"elementor-element elementor-element-764d8aa e-flex e-con-boxed e-con e-parent\" data-id=\"764d8aa\" data-element_type=\"container\" data-settings=\"{&quot;background_background&quot;:&quot;classic&quot;}\">\n\t\t\t\t\t<div class=\"e-con-inner\">\n\t\t<div class=\"elementor-element elementor-element-5155b28 e-con-full e-flex e-con e-child\" data-id=\"5155b28\" data-element_type=\"container\">\n\t\t\t\t<div class=\"elementor-element elementor-element-655fa43 elementor-widget__width-initial elementor-invisible elementor-widget elementor-widget-heading\" data-id=\"655fa43\" data-element_type=\"widget\" data-settings=\"{&quot;_animation&quot;:&quot;fadeInUp&quot;,&quot;_animation_delay&quot;:200}\" data-widget_type=\"heading.default\">\n\t\t\t\t<div class=\"elementor-widget-container\">\n\t\t\t\t\t<h2 class=\"elementor-heading-title elementor-size-default\">Our Products<\/h2>\t\t\t\t<\/div>\n\t\t\t\t<\/div>\n\t\t\t\t<div class=\"elementor-element elementor-element-45b5bce elementor-widget-divider--view-line elementor-widget elementor-widget-divider\" data-id=\"45b5bce\" data-element_type=\"widget\" data-widget_type=\"divider.default\">\n\t\t\t\t<div class=\"elementor-widget-container\">\n\t\t\t\t\t\t\t<div class=\"elementor-divider\">\n\t\t\t<span class=\"elementor-divider-separator\">\n\t\t\t\t\t\t<\/span>\n\t\t<\/div>\n\t\t\t\t\t\t<\/div>\n\t\t\t\t<\/div>\n\t\t\t\t<\/div>\n\t\t\t\t\t<\/div>\n\t\t\t\t<\/div>\n\t\t<div class=\"elementor-element elementor-element-258c6b8 e-flex e-con-boxed e-con e-parent\" data-id=\"258c6b8\" data-element_type=\"container\" data-settings=\"{&quot;background_background&quot;:&quot;classic&quot;}\">\n\t\t\t\t\t<div class=\"e-con-inner\">\n\t\t<div class=\"elementor-element elementor-element-56177b4 e-con-full e-flex e-con e-child\" data-id=\"56177b4\" data-element_type=\"container\">\n\t\t\t\t<div class=\"elementor-element elementor-element-3058206 elementor-widget__width-initial elementor-invisible elementor-widget elementor-widget-heading\" data-id=\"3058206\" data-element_type=\"widget\" data-settings=\"{&quot;_animation&quot;:&quot;fadeInUp&quot;,&quot;_animation_delay&quot;:200}\" data-widget_type=\"heading.default\">\n\t\t\t\t<div class=\"elementor-widget-container\">\n\t\t\t\t\t<h2 class=\"elementor-heading-title elementor-size-default\">Transform your gaming experience with our products<\/h2>\t\t\t\t<\/div>\n\t\t\t\t<\/div>\n\t\t\t\t<div class=\"elementor-element elementor-element-93c6511 elementor-widget-divider--view-line elementor-widget elementor-widget-divider\" data-id=\"93c6511\" data-element_type=\"widget\" data-widget_type=\"divider.default\">\n\t\t\t\t<div class=\"elementor-widget-container\">\n\t\t\t\t\t\t\t<div class=\"elementor-divider\">\n\t\t\t<span class=\"elementor-divider-separator\">\n\t\t\t\t\t\t<\/span>\n\t\t<\/div>\n\t\t\t\t\t\t<\/div>\n\t\t\t\t<\/div>\n\t\t\t\t<\/div>\n\t\t<div class=\"elementor-element elementor-element-e1720da e-con-full e-grid e-con e-child\" data-id=\"e1720da\" data-element_type=\"container\">\n\t\t<div class=\"elementor-element elementor-element-25033a9 e-con-full e-flex elementor-invisible e-con e-child\" data-id=\"25033a9\" data-element_type=\"container\" data-settings=\"{&quot;animation&quot;:&quot;fadeInUp&quot;}\">\n\t\t<div class=\"elementor-element elementor-element-36aa83e e-con-full e-flex e-con e-child\" data-id=\"36aa83e\" data-element_type=\"container\">\n\t\t\t\t<div class=\"elementor-element elementor-element-9ac4cf1 elementor-widget elementor-widget-image\" data-id=\"9ac4cf1\" data-element_type=\"widget\" data-widget_type=\"image.default\">\n\t\t\t\t<div class=\"elementor-widget-container\">\n\t\t\t\t\t\t\t\t\t\t\t\t\t\t\t<img fetchpriority=\"high\" decoding=\"async\" width=\"800\" height=\"450\" src=\"https:\/\/novaludics.com\/wp-content\/uploads\/2025\/02\/Diseno-sin-titulo-1-1-1024x576.jpg\" class=\"attachment-large size-large wp-image-1061\" alt=\"\" srcset=\"https:\/\/novaludics.com\/wp-content\/uploads\/2025\/02\/Diseno-sin-titulo-1-1-1024x576.jpg 1024w, https:\/\/novaludics.com\/wp-content\/uploads\/2025\/02\/Diseno-sin-titulo-1-1-600x338.jpg 600w, https:\/\/novaludics.com\/wp-content\/uploads\/2025\/02\/Diseno-sin-titulo-1-1-300x169.jpg 300w, https:\/\/novaludics.com\/wp-content\/uploads\/2025\/02\/Diseno-sin-titulo-1-1-768x432.jpg 768w, https:\/\/novaludics.com\/wp-content\/uploads\/2025\/02\/Diseno-sin-titulo-1-1-1536x864.jpg 1536w, https:\/\/novaludics.com\/wp-content\/uploads\/2025\/02\/Diseno-sin-titulo-1-1.jpg 1920w\" sizes=\"(max-width: 800px) 100vw, 800px\" \/>\t\t\t\t\t\t\t\t\t\t\t\t\t\t\t<\/div>\n\t\t\t\t<\/div>\n\t\t\t\t<div class=\"elementor-element elementor-element-5b19d3e elementor-widget elementor-widget-icon-box\" data-id=\"5b19d3e\" data-element_type=\"widget\" data-widget_type=\"icon-box.default\">\n\t\t\t\t<div class=\"elementor-widget-container\">\n\t\t\t\t\t\t\t<div class=\"elementor-icon-box-wrapper\">\n\n\t\t\t\n\t\t\t\t\t\t<div class=\"elementor-icon-box-content\">\n\n\t\t\t\t\t\t\t\t\t<div class=\"elementor-icon-box-title\">\n\t\t\t\t\t\t<span  >\n\t\t\t\t\t\t\tUnique miniatures\t\t\t\t\t\t<\/span>\n\t\t\t\t\t<\/div>\n\t\t\t\t\n\t\t\t\t\t\t\t\t\t<p class=\"elementor-icon-box-description\">\n\t\t\t\t\t\t3D printed with unique details, ideal for role-playing games, wargames and more\t\t\t\t\t<\/p>\n\t\t\t\t\n\t\t\t<\/div>\n\t\t\t\n\t\t<\/div>\n\t\t\t\t\t\t<\/div>\n\t\t\t\t<\/div>\n\t\t\t\t<\/div>\n\t\t\t\t<div class=\"elementor-element elementor-element-2fa431d elementor-align-justify elementor-widget elementor-widget-button\" data-id=\"2fa431d\" data-element_type=\"widget\" data-widget_type=\"button.default\">\n\t\t\t\t<div class=\"elementor-widget-container\">\n\t\t\t\t\t\t\t\t\t<div class=\"elementor-button-wrapper\">\n\t\t\t\t\t<a class=\"elementor-button elementor-button-link elementor-size-sm\" href=\"https:\/\/novaludics.com\/en\/miniaturas\/\">\n\t\t\t\t\t\t<span class=\"elementor-button-content-wrapper\">\n\t\t\t\t\t\t\t\t\t<span class=\"elementor-button-text\">Learn more<\/span>\n\t\t\t\t\t<\/span>\n\t\t\t\t\t<\/a>\n\t\t\t\t<\/div>\n\t\t\t\t\t\t\t\t<\/div>\n\t\t\t\t<\/div>\n\t\t\t\t<\/div>\n\t\t<div class=\"elementor-element elementor-element-d1b8834 e-con-full elementor-hidden-desktop elementor-hidden-tablet elementor-hidden-mobile e-flex elementor-invisible e-con e-child\" data-id=\"d1b8834\" data-element_type=\"container\" data-settings=\"{&quot;animation&quot;:&quot;fadeInUp&quot;}\">\n\t\t<div class=\"elementor-element elementor-element-f809e00 e-con-full e-flex e-con e-child\" data-id=\"f809e00\" data-element_type=\"container\">\n\t\t\t\t<div class=\"elementor-element elementor-element-acf3d50 elementor-widget elementor-widget-image\" data-id=\"acf3d50\" data-element_type=\"widget\" data-widget_type=\"image.default\">\n\t\t\t\t<div class=\"elementor-widget-container\">\n\t\t\t\t\t\t\t\t\t\t\t\t\t\t\t<img decoding=\"async\" width=\"800\" height=\"450\" src=\"https:\/\/novaludics.com\/wp-content\/uploads\/2025\/02\/1-2-1024x576.jpg\" class=\"attachment-large size-large wp-image-297\" alt=\"\" srcset=\"https:\/\/novaludics.com\/wp-content\/uploads\/2025\/02\/1-2-1024x576.jpg 1024w, https:\/\/novaludics.com\/wp-content\/uploads\/2025\/02\/1-2-600x338.jpg 600w, https:\/\/novaludics.com\/wp-content\/uploads\/2025\/02\/1-2-300x169.jpg 300w, https:\/\/novaludics.com\/wp-content\/uploads\/2025\/02\/1-2-768x432.jpg 768w, https:\/\/novaludics.com\/wp-content\/uploads\/2025\/02\/1-2-1536x864.jpg 1536w, https:\/\/novaludics.com\/wp-content\/uploads\/2025\/02\/1-2.jpg 1920w\" sizes=\"(max-width: 800px) 100vw, 800px\" \/>\t\t\t\t\t\t\t\t\t\t\t\t\t\t\t<\/div>\n\t\t\t\t<\/div>\n\t\t\t\t<div class=\"elementor-element elementor-element-3af77ed elementor-widget elementor-widget-icon-box\" data-id=\"3af77ed\" data-element_type=\"widget\" data-widget_type=\"icon-box.default\">\n\t\t\t\t<div class=\"elementor-widget-container\">\n\t\t\t\t\t\t\t<div class=\"elementor-icon-box-wrapper\">\n\n\t\t\t\n\t\t\t\t\t\t<div class=\"elementor-icon-box-content\">\n\n\t\t\t\t\t\t\t\t\t<div class=\"elementor-icon-box-title\">\n\t\t\t\t\t\t<span  >\n\t\t\t\t\t\t\tBoard games\t\t\t\t\t\t<\/span>\n\t\t\t\t\t<\/div>\n\t\t\t\t\n\t\t\t\t\t\t\t\t\t<p class=\"elementor-icon-box-description\">\n\t\t\t\t\t\tFrom classics to new titles, enjoy unforgettable moments with friends and family.\t\t\t\t\t<\/p>\n\t\t\t\t\n\t\t\t<\/div>\n\t\t\t\n\t\t<\/div>\n\t\t\t\t\t\t<\/div>\n\t\t\t\t<\/div>\n\t\t\t\t<\/div>\n\t\t\t\t<div class=\"elementor-element elementor-element-cfe7bab elementor-align-justify elementor-widget elementor-widget-button\" data-id=\"cfe7bab\" data-element_type=\"widget\" data-widget_type=\"button.default\">\n\t\t\t\t<div class=\"elementor-widget-container\">\n\t\t\t\t\t\t\t\t\t<div class=\"elementor-button-wrapper\">\n\t\t\t\t\t<a class=\"elementor-button elementor-button-link elementor-size-sm\" href=\"https:\/\/novaludics.com\/en\/juegos-de-mesa\/\">\n\t\t\t\t\t\t<span class=\"elementor-button-content-wrapper\">\n\t\t\t\t\t\t\t\t\t<span class=\"elementor-button-text\">Learn more<\/span>\n\t\t\t\t\t<\/span>\n\t\t\t\t\t<\/a>\n\t\t\t\t<\/div>\n\t\t\t\t\t\t\t\t<\/div>\n\t\t\t\t<\/div>\n\t\t\t\t<\/div>\n\t\t<div class=\"elementor-element elementor-element-49c6c77 e-con-full e-flex elementor-invisible e-con e-child\" data-id=\"49c6c77\" data-element_type=\"container\" data-settings=\"{&quot;animation&quot;:&quot;fadeInUp&quot;}\">\n\t\t<div class=\"elementor-element elementor-element-674ab7c e-con-full e-flex e-con e-child\" data-id=\"674ab7c\" data-element_type=\"container\">\n\t\t\t\t<div class=\"elementor-element elementor-element-6079789 elementor-widget elementor-widget-image\" data-id=\"6079789\" data-element_type=\"widget\" data-widget_type=\"image.default\">\n\t\t\t\t<div class=\"elementor-widget-container\">\n\t\t\t\t\t\t\t\t\t\t\t\t\t\t\t<img decoding=\"async\" width=\"800\" height=\"450\" src=\"https:\/\/novaludics.com\/wp-content\/uploads\/2025\/02\/10-1024x576.jpg\" class=\"attachment-large size-large wp-image-305\" alt=\"\" srcset=\"https:\/\/novaludics.com\/wp-content\/uploads\/2025\/02\/10-1024x576.jpg 1024w, https:\/\/novaludics.com\/wp-content\/uploads\/2025\/02\/10-600x338.jpg 600w, https:\/\/novaludics.com\/wp-content\/uploads\/2025\/02\/10-300x169.jpg 300w, https:\/\/novaludics.com\/wp-content\/uploads\/2025\/02\/10-768x432.jpg 768w, https:\/\/novaludics.com\/wp-content\/uploads\/2025\/02\/10-1536x864.jpg 1536w, https:\/\/novaludics.com\/wp-content\/uploads\/2025\/02\/10.jpg 1920w\" sizes=\"(max-width: 800px) 100vw, 800px\" \/>\t\t\t\t\t\t\t\t\t\t\t\t\t\t\t<\/div>\n\t\t\t\t<\/div>\n\t\t\t\t<div class=\"elementor-element elementor-element-00bdc20 elementor-widget elementor-widget-icon-box\" data-id=\"00bdc20\" data-element_type=\"widget\" data-widget_type=\"icon-box.default\">\n\t\t\t\t<div class=\"elementor-widget-container\">\n\t\t\t\t\t\t\t<div class=\"elementor-icon-box-wrapper\">\n\n\t\t\t\n\t\t\t\t\t\t<div class=\"elementor-icon-box-content\">\n\n\t\t\t\t\t\t\t\t\t<div class=\"elementor-icon-box-title\">\n\t\t\t\t\t\t<span  >\n\t\t\t\t\t\t\tRole-playing games\t\t\t\t\t\t<\/span>\n\t\t\t\t\t<\/div>\n\t\t\t\t\n\t\t\t\t\t\t\t\t\t<p class=\"elementor-icon-box-description\">\n\t\t\t\t\t\tCustom books, dice, and accessories to take your adventures to the next level\t\t\t\t\t<\/p>\n\t\t\t\t\n\t\t\t<\/div>\n\t\t\t\n\t\t<\/div>\n\t\t\t\t\t\t<\/div>\n\t\t\t\t<\/div>\n\t\t\t\t<\/div>\n\t\t\t\t<div class=\"elementor-element elementor-element-ffaadf3 elementor-align-justify elementor-widget elementor-widget-button\" data-id=\"ffaadf3\" data-element_type=\"widget\" data-widget_type=\"button.default\">\n\t\t\t\t<div class=\"elementor-widget-container\">\n\t\t\t\t\t\t\t\t\t<div class=\"elementor-button-wrapper\">\n\t\t\t\t\t<a class=\"elementor-button elementor-button-link elementor-size-sm\" href=\"https:\/\/novaludics.com\/en\/libro-juegos-y-juegos-de-rol\/\">\n\t\t\t\t\t\t<span class=\"elementor-button-content-wrapper\">\n\t\t\t\t\t\t\t\t\t<span class=\"elementor-button-text\">Learn more<\/span>\n\t\t\t\t\t<\/span>\n\t\t\t\t\t<\/a>\n\t\t\t\t<\/div>\n\t\t\t\t\t\t\t\t<\/div>\n\t\t\t\t<\/div>\n\t\t\t\t<\/div>\n\t\t<div class=\"elementor-element elementor-element-7293831 e-con-full e-flex elementor-invisible e-con e-child\" data-id=\"7293831\" data-element_type=\"container\" data-settings=\"{&quot;animation&quot;:&quot;fadeInUp&quot;}\">\n\t\t<div class=\"elementor-element elementor-element-7985b7e e-con-full e-flex e-con e-child\" data-id=\"7985b7e\" data-element_type=\"container\">\n\t\t\t\t<div class=\"elementor-element elementor-element-4e26528 elementor-widget elementor-widget-image\" data-id=\"4e26528\" data-element_type=\"widget\" data-widget_type=\"image.default\">\n\t\t\t\t<div class=\"elementor-widget-container\">\n\t\t\t\t\t\t\t\t\t\t\t\t\t\t\t<img loading=\"lazy\" decoding=\"async\" width=\"800\" height=\"450\" src=\"https:\/\/novaludics.com\/wp-content\/uploads\/2025\/02\/Diseno-sin-titulo-2-1-1024x576.jpg\" class=\"attachment-large size-large wp-image-1065\" alt=\"\" srcset=\"https:\/\/novaludics.com\/wp-content\/uploads\/2025\/02\/Diseno-sin-titulo-2-1-1024x576.jpg 1024w, https:\/\/novaludics.com\/wp-content\/uploads\/2025\/02\/Diseno-sin-titulo-2-1-600x338.jpg 600w, https:\/\/novaludics.com\/wp-content\/uploads\/2025\/02\/Diseno-sin-titulo-2-1-300x169.jpg 300w, https:\/\/novaludics.com\/wp-content\/uploads\/2025\/02\/Diseno-sin-titulo-2-1-768x432.jpg 768w, https:\/\/novaludics.com\/wp-content\/uploads\/2025\/02\/Diseno-sin-titulo-2-1-1536x864.jpg 1536w, https:\/\/novaludics.com\/wp-content\/uploads\/2025\/02\/Diseno-sin-titulo-2-1.jpg 1920w\" sizes=\"(max-width: 800px) 100vw, 800px\" \/>\t\t\t\t\t\t\t\t\t\t\t\t\t\t\t<\/div>\n\t\t\t\t<\/div>\n\t\t\t\t<div class=\"elementor-element elementor-element-32af520 elementor-widget elementor-widget-icon-box\" data-id=\"32af520\" data-element_type=\"widget\" data-widget_type=\"icon-box.default\">\n\t\t\t\t<div class=\"elementor-widget-container\">\n\t\t\t\t\t\t\t<div class=\"elementor-icon-box-wrapper\">\n\n\t\t\t\n\t\t\t\t\t\t<div class=\"elementor-icon-box-content\">\n\n\t\t\t\t\t\t\t\t\t<div class=\"elementor-icon-box-title\">\n\t\t\t\t\t\t<span  >\n\t\t\t\t\t\t\tAccessories and complements\t\t\t\t\t\t<\/span>\n\t\t\t\t\t<\/div>\n\t\t\t\t\n\t\t\t\t\t\t\t\t\t<p class=\"elementor-icon-box-description\">\n\t\t\t\t\t\tMats, dice, tokens, and other accessories designed to enhance and customize the gaming experience\t\t\t\t\t<\/p>\n\t\t\t\t\n\t\t\t<\/div>\n\t\t\t\n\t\t<\/div>\n\t\t\t\t\t\t<\/div>\n\t\t\t\t<\/div>\n\t\t\t\t<\/div>\n\t\t\t\t<div class=\"elementor-element elementor-element-92a429d elementor-align-justify elementor-widget elementor-widget-button\" data-id=\"92a429d\" data-element_type=\"widget\" data-widget_type=\"button.default\">\n\t\t\t\t<div class=\"elementor-widget-container\">\n\t\t\t\t\t\t\t\t\t<div class=\"elementor-button-wrapper\">\n\t\t\t\t\t<a class=\"elementor-button elementor-button-link elementor-size-sm\" href=\"https:\/\/novaludics.com\/en\/accesorios-para-juegos-de-mesa\/\">\n\t\t\t\t\t\t<span class=\"elementor-button-content-wrapper\">\n\t\t\t\t\t\t\t\t\t<span class=\"elementor-button-text\">Learn more<\/span>\n\t\t\t\t\t<\/span>\n\t\t\t\t\t<\/a>\n\t\t\t\t<\/div>\n\t\t\t\t\t\t\t\t<\/div>\n\t\t\t\t<\/div>\n\t\t\t\t<\/div>\n\t\t\t\t<\/div>\n\t\t\t\t\t<\/div>\n\t\t\t\t<\/div>\n\t\t\t\t<\/div>","protected":false},"excerpt":{"rendered":"<p>Our Products Transform your gaming experience with our products Unique miniatures 3D printed with exclusive details, ideal for role-playing games, wargames, and more Learn more Board Games From classics to new titles, to enjoy unforgettable moments with friends and family Learn more Role-playing Games Custom books, dice, and accessories [\u2026]<\/p>","protected":false},"author":2,"featured_media":0,"parent":0,"menu_order":0,"comment_status":"closed","ping_status":"closed","template":"","meta":{"_glsr_average":0,"_glsr_ranking":0,"_glsr_reviews":0,"footnotes":""},"class_list":["post-374","page","type-page","status-publish","hentry"],"yoast_head":"<!-- This site is optimized with the Yoast SEO plugin v24.6 - https:\/\/yoast.com\/wordpress\/plugins\/seo\/ -->\n<title>Productos - Novaludics<\/title>\n<meta name=\"robots\" content=\"index, follow, max-snippet:-1, max-image-preview:large, max-video-preview:-1\" \/>\n<link rel=\"canonical\" href=\"https:\/\/novaludics.com\/en\/servicios\/\" \/>\n<meta property=\"og:locale\" content=\"en_US\" \/>\n<meta property=\"og:type\" content=\"article\" \/>\n<meta property=\"og:title\" content=\"Productos - Novaludics\" \/>\n<meta property=\"og:description\" content=\"Nuestros Productos Transforma tu experiencia de juego con nuestros productos Miniaturas \u00fanicas Impresas en 3D con detalles exclusivos, ideales para juegos de rol, wargames y m\u00e1s Saber m\u00e1s Juegos de mesa Desde cl\u00e1sicos hasta nuevos t\u00edtulos, para disfrutar de momentos inolvidables con amigos y familiares Saber m\u00e1s Juegos de rol Libros, dados y accesorios personalizados [&hellip;]\" \/>\n<meta property=\"og:url\" content=\"https:\/\/novaludics.com\/en\/servicios\/\" \/>\n<meta property=\"og:site_name\" content=\"Novaludics\" \/>\n<meta property=\"article:modified_time\" content=\"2025-06-18T08:52:53+00:00\" \/>\n<meta property=\"og:image\" content=\"https:\/\/novaludics.com\/wp-content\/uploads\/2025\/02\/Diseno-sin-titulo-1-1-1024x576.jpg\" \/>\n<meta name=\"twitter:card\" content=\"summary_large_image\" \/>\n<meta name=\"twitter:label1\" content=\"Est. reading time\" \/>\n\t<meta name=\"twitter:data1\" content=\"2 minutes\" \/>\n<script type=\"application\/ld+json\" class=\"yoast-schema-graph\">{\"@context\":\"https:\/\/schema.org\",\"@graph\":[{\"@type\":\"WebPage\",\"@id\":\"https:\/\/novaludics.com\/servicios\/\",\"url\":\"https:\/\/novaludics.com\/servicios\/\",\"name\":\"Productos - Novaludics\",\"isPartOf\":{\"@id\":\"https:\/\/novaludics.com\/#website\"},\"primaryImageOfPage\":{\"@id\":\"https:\/\/novaludics.com\/servicios\/#primaryimage\"},\"image\":{\"@id\":\"https:\/\/novaludics.com\/servicios\/#primaryimage\"},\"thumbnailUrl\":\"https:\/\/novaludics.com\/wp-content\/uploads\/2025\/02\/Diseno-sin-titulo-1-1-1024x576.jpg\",\"datePublished\":\"2025-02-03T21:49:33+00:00\",\"dateModified\":\"2025-06-18T08:52:53+00:00\",\"breadcrumb\":{\"@id\":\"https:\/\/novaludics.com\/servicios\/#breadcrumb\"},\"inLanguage\":\"en-US\",\"potentialAction\":[{\"@type\":\"ReadAction\",\"target\":[\"https:\/\/novaludics.com\/servicios\/\"]}]},{\"@type\":\"ImageObject\",\"inLanguage\":\"en-US\",\"@id\":\"https:\/\/novaludics.com\/servicios\/#primaryimage\",\"url\":\"https:\/\/novaludics.com\/wp-content\/uploads\/2025\/02\/Diseno-sin-titulo-1-1-1024x576.jpg\",\"contentUrl\":\"https:\/\/novaludics.com\/wp-content\/uploads\/2025\/02\/Diseno-sin-titulo-1-1-1024x576.jpg\"},{\"@type\":\"BreadcrumbList\",\"@id\":\"https:\/\/novaludics.com\/servicios\/#breadcrumb\",\"itemListElement\":[{\"@type\":\"ListItem\",\"position\":1,\"name\":\"Portada\",\"item\":\"https:\/\/novaludics.com\/\"},{\"@type\":\"ListItem\",\"position\":2,\"name\":\"Productos\"}]},{\"@type\":\"WebSite\",\"@id\":\"https:\/\/novaludics.com\/#website\",\"url\":\"https:\/\/novaludics.com\/\",\"name\":\"Novaludics\",\"description\":\"Tu tienda de juegos de mesa, miniaturas y complementos personalizados\",\"publisher\":{\"@id\":\"https:\/\/novaludics.com\/#organization\"},\"potentialAction\":[{\"@type\":\"SearchAction\",\"target\":{\"@type\":\"EntryPoint\",\"urlTemplate\":\"https:\/\/novaludics.com\/?s={search_term_string}\"},\"query-input\":{\"@type\":\"PropertyValueSpecification\",\"valueRequired\":true,\"valueName\":\"search_term_string\"}}],\"inLanguage\":\"en-US\"},{\"@type\":\"Organization\",\"@id\":\"https:\/\/novaludics.com\/#organization\",\"name\":\"Novaludics\",\"url\":\"https:\/\/novaludics.com\/\",\"logo\":{\"@type\":\"ImageObject\",\"inLanguage\":\"en-US\",\"@id\":\"https:\/\/novaludics.com\/#\/schema\/logo\/image\/\",\"url\":\"https:\/\/novaludics.com\/wp-content\/uploads\/2025\/02\/LOGO.png\",\"contentUrl\":\"https:\/\/novaludics.com\/wp-content\/uploads\/2025\/02\/LOGO.png\",\"width\":800,\"height\":218,\"caption\":\"Novaludics\"},\"image\":{\"@id\":\"https:\/\/novaludics.com\/#\/schema\/logo\/image\/\"}}]}<\/script>\n<!-- \/ Yoast SEO plugin. -->","yoast_head_json":{"title":"Productos - Novaludics","robots":{"index":"index","follow":"follow","max-snippet":"max-snippet:-1","max-image-preview":"max-image-preview:large","max-video-preview":"max-video-preview:-1"},"canonical":"https:\/\/novaludics.com\/en\/servicios\/","og_locale":"en_US","og_type":"article","og_title":"Productos - Novaludics","og_description":"Nuestros Productos Transforma tu experiencia de juego con nuestros productos Miniaturas \u00fanicas Impresas en 3D con detalles exclusivos, ideales para juegos de rol, wargames y m\u00e1s Saber m\u00e1s Juegos de mesa Desde cl\u00e1sicos hasta nuevos t\u00edtulos, para disfrutar de momentos inolvidables con amigos y familiares Saber m\u00e1s Juegos de rol Libros, dados y accesorios personalizados [&hellip;]","og_url":"https:\/\/novaludics.com\/en\/servicios\/","og_site_name":"Novaludics","article_modified_time":"2025-06-18T08:52:53+00:00","og_image":[{"url":"https:\/\/novaludics.com\/wp-content\/uploads\/2025\/02\/Diseno-sin-titulo-1-1-1024x576.jpg","type":"","width":"","height":""}],"twitter_card":"summary_large_image","twitter_misc":{"Est. reading time":"2 minutes"},"schema":{"@context":"https:\/\/schema.org","@graph":[{"@type":"WebPage","@id":"https:\/\/novaludics.com\/servicios\/","url":"https:\/\/novaludics.com\/servicios\/","name":"Productos - Novaludics","isPartOf":{"@id":"https:\/\/novaludics.com\/#website"},"primaryImageOfPage":{"@id":"https:\/\/novaludics.com\/servicios\/#primaryimage"},"image":{"@id":"https:\/\/novaludics.com\/servicios\/#primaryimage"},"thumbnailUrl":"https:\/\/novaludics.com\/wp-content\/uploads\/2025\/02\/Diseno-sin-titulo-1-1-1024x576.jpg","datePublished":"2025-02-03T21:49:33+00:00","dateModified":"2025-06-18T08:52:53+00:00","breadcrumb":{"@id":"https:\/\/novaludics.com\/servicios\/#breadcrumb"},"inLanguage":"en-US","potentialAction":[{"@type":"ReadAction","target":["https:\/\/novaludics.com\/servicios\/"]}]},{"@type":"ImageObject","inLanguage":"en-US","@id":"https:\/\/novaludics.com\/servicios\/#primaryimage","url":"https:\/\/novaludics.com\/wp-content\/uploads\/2025\/02\/Diseno-sin-titulo-1-1-1024x576.jpg","contentUrl":"https:\/\/novaludics.com\/wp-content\/uploads\/2025\/02\/Diseno-sin-titulo-1-1-1024x576.jpg"},{"@type":"BreadcrumbList","@id":"https:\/\/novaludics.com\/servicios\/#breadcrumb","itemListElement":[{"@type":"ListItem","position":1,"name":"Portada","item":"https:\/\/novaludics.com\/"},{"@type":"ListItem","position":2,"name":"Productos"}]},{"@type":"WebSite","@id":"https:\/\/novaludics.com\/#website","url":"https:\/\/novaludics.com\/","name":"Novaludics","description":"Tu tienda de juegos de mesa, miniaturas y complementos personalizados","publisher":{"@id":"https:\/\/novaludics.com\/#organization"},"potentialAction":[{"@type":"SearchAction","target":{"@type":"EntryPoint","urlTemplate":"https:\/\/novaludics.com\/?s={search_term_string}"},"query-input":{"@type":"PropertyValueSpecification","valueRequired":true,"valueName":"search_term_string"}}],"inLanguage":"en-US"},{"@type":"Organization","@id":"https:\/\/novaludics.com\/#organization","name":"Novaludics","url":"https:\/\/novaludics.com\/","logo":{"@type":"ImageObject","inLanguage":"en-US","@id":"https:\/\/novaludics.com\/#\/schema\/logo\/image\/","url":"https:\/\/novaludics.com\/wp-content\/uploads\/2025\/02\/LOGO.png","contentUrl":"https:\/\/novaludics.com\/wp-content\/uploads\/2025\/02\/LOGO.png","width":800,"height":218,"caption":"Novaludics"},"image":{"@id":"https:\/\/novaludics.com\/#\/schema\/logo\/image\/"}}]}},"_links":{"self":[{"href":"https:\/\/novaludics.com\/en\/wp-json\/wp\/v2\/pages\/374","targetHints":{"allow":["GET"]}}],"collection":[{"href":"https:\/\/novaludics.com\/en\/wp-json\/wp\/v2\/pages"}],"about":[{"href":"https:\/\/novaludics.com\/en\/wp-json\/wp\/v2\/types\/page"}],"author":[{"embeddable":true,"href":"https:\/\/novaludics.com\/en\/wp-json\/wp\/v2\/users\/2"}],"replies":[{"embeddable":true,"href":"https:\/\/novaludics.com\/en\/wp-json\/wp\/v2\/comments?post=374"}],"version-history":[{"count":57,"href":"https:\/\/novaludics.com\/en\/wp-json\/wp\/v2\/pages\/374\/revisions"}],"predecessor-version":[{"id":1583,"href":"https:\/\/novaludics.com\/en\/wp-json\/wp\/v2\/pages\/374\/revisions\/1583"}],"wp:attachment":[{"href":"https:\/\/novaludics.com\/en\/wp-json\/wp\/v2\/media?parent=374"}],"curies":[{"name":"wp","href":"https:\/\/api.w.org\/{rel}","templated":true}]}}