{"id":1761,"date":"2025-07-24T17:45:33","date_gmt":"2025-07-24T15:45:33","guid":{"rendered":"https:\/\/novaludics.com\/?page_id=1761"},"modified":"2025-07-24T17:48:41","modified_gmt":"2025-07-24T15:48:41","slug":"comprar-juegos-de-mesa","status":"publish","type":"page","link":"https:\/\/novaludics.com\/en\/comprar-juegos-de-mesa\/","title":{"rendered":"Buy board games"},"content":{"rendered":"<div data-elementor-type=\"wp-page\" data-elementor-id=\"1761\" class=\"elementor elementor-1761\" data-elementor-post-type=\"page\">\n\t\t\t\t<div class=\"elementor-element elementor-element-9f1616a e-flex e-con-boxed e-con e-parent\" data-id=\"9f1616a\" data-element_type=\"container\" data-settings=\"{&quot;background_background&quot;:&quot;classic&quot;}\">\n\t\t\t\t\t<div class=\"e-con-inner\">\n\t\t\t\t<div class=\"elementor-element elementor-element-0b53f34 elementor-widget elementor-widget-heading\" data-id=\"0b53f34\" data-element_type=\"widget\" data-widget_type=\"heading.default\">\n\t\t\t\t<div class=\"elementor-widget-container\">\n\t\t\t\t\t<h2 class=\"elementor-heading-title elementor-size-default\"> Buy board games<\/h2>\t\t\t\t<\/div>\n\t\t\t\t<\/div>\n\t\t\t\t\t<\/div>\n\t\t\t\t<\/div>\n\t\t<div class=\"elementor-element elementor-element-77705fc e-flex e-con-boxed e-con e-parent\" data-id=\"77705fc\" data-element_type=\"container\">\n\t\t\t\t\t<div class=\"e-con-inner\">\n\t\t<div class=\"elementor-element elementor-element-ae975fe e-con-full e-flex e-con e-child\" data-id=\"ae975fe\" data-element_type=\"container\">\n\t\t\t\t<div class=\"elementor-element elementor-element-acf4413 elementor-widget elementor-widget-text-editor\" data-id=\"acf4413\" data-element_type=\"widget\" data-widget_type=\"text-editor.default\">\n\t\t\t\t<div class=\"elementor-widget-container\">\n\t\t\t\t\t\t\t\t\t<h2 data-start=\"4376\" data-end=\"4449\">Buying board games: why Novaludics is the best choice<\/h2><p data-start=\"4451\" data-end=\"4802\">The world of board games is vast and exciting, but choosing the right title can be overwhelming. That&#039;s why, <strong data-start=\"4576\" data-end=\"4602\">buy board games<\/strong>, it&#039;s essential to have a store that offers professional advice and quality products. Novaludics has established itself as a benchmark for gamers seeking unique experiences.<\/p>\t\t\t\t\t\t\t\t<\/div>\n\t\t\t\t<\/div>\n\t\t\t\t<\/div>\n\t\t<div class=\"elementor-element elementor-element-58ad50b e-con-full e-flex e-con e-child\" data-id=\"58ad50b\" data-element_type=\"container\">\n\t\t\t\t<div class=\"elementor-element elementor-element-6db3d63 elementor-widget elementor-widget-image\" data-id=\"6db3d63\" data-element_type=\"widget\" data-widget_type=\"image.default\">\n\t\t\t\t<div class=\"elementor-widget-container\">\n\t\t\t\t\t\t\t\t\t\t\t\t\t\t\t<img fetchpriority=\"high\" decoding=\"async\" width=\"800\" height=\"566\" src=\"https:\/\/novaludics.com\/wp-content\/uploads\/2025\/07\/juego-de-mesa-personalizado-1024x724.jpg\" class=\"attachment-large size-large wp-image-1725\" alt=\"\" srcset=\"https:\/\/novaludics.com\/wp-content\/uploads\/2025\/07\/juego-de-mesa-personalizado-1024x724.jpg 1024w, https:\/\/novaludics.com\/wp-content\/uploads\/2025\/07\/juego-de-mesa-personalizado-300x212.jpg 300w, https:\/\/novaludics.com\/wp-content\/uploads\/2025\/07\/juego-de-mesa-personalizado-768x543.jpg 768w, https:\/\/novaludics.com\/wp-content\/uploads\/2025\/07\/juego-de-mesa-personalizado-1536x1086.jpg 1536w, https:\/\/novaludics.com\/wp-content\/uploads\/2025\/07\/juego-de-mesa-personalizado-18x12.jpg 18w, https:\/\/novaludics.com\/wp-content\/uploads\/2025\/07\/juego-de-mesa-personalizado-600x424.jpg 600w, https:\/\/novaludics.com\/wp-content\/uploads\/2025\/07\/juego-de-mesa-personalizado.jpg 2000w\" sizes=\"(max-width: 800px) 100vw, 800px\" \/>\t\t\t\t\t\t\t\t\t\t\t\t\t\t\t<\/div>\n\t\t\t\t<\/div>\n\t\t\t\t<\/div>\n\t\t\t\t\t<\/div>\n\t\t\t\t<\/div>\n\t\t<div class=\"elementor-element elementor-element-c09f866 e-flex e-con-boxed e-con e-parent\" data-id=\"c09f866\" data-element_type=\"container\">\n\t\t\t\t\t<div class=\"e-con-inner\">\n\t\t<div class=\"elementor-element elementor-element-57aec39 e-con-full e-flex e-con e-child\" data-id=\"57aec39\" data-element_type=\"container\">\n\t\t\t\t<div class=\"elementor-element elementor-element-d08608f elementor-widget elementor-widget-image\" data-id=\"d08608f\" data-element_type=\"widget\" data-widget_type=\"image.default\">\n\t\t\t\t<div class=\"elementor-widget-container\">\n\t\t\t\t\t\t\t\t\t\t\t\t\t\t\t<img decoding=\"async\" width=\"800\" height=\"566\" src=\"https:\/\/novaludics.com\/wp-content\/uploads\/2025\/05\/Accesorios-para-juegos-1024x724.jpg\" class=\"attachment-large size-large wp-image-1428\" alt=\"\" srcset=\"https:\/\/novaludics.com\/wp-content\/uploads\/2025\/05\/Accesorios-para-juegos-1024x724.jpg 1024w, https:\/\/novaludics.com\/wp-content\/uploads\/2025\/05\/Accesorios-para-juegos-300x212.jpg 300w, https:\/\/novaludics.com\/wp-content\/uploads\/2025\/05\/Accesorios-para-juegos-768x543.jpg 768w, https:\/\/novaludics.com\/wp-content\/uploads\/2025\/05\/Accesorios-para-juegos-1536x1086.jpg 1536w, https:\/\/novaludics.com\/wp-content\/uploads\/2025\/05\/Accesorios-para-juegos-18x12.jpg 18w, https:\/\/novaludics.com\/wp-content\/uploads\/2025\/05\/Accesorios-para-juegos-600x424.jpg 600w, https:\/\/novaludics.com\/wp-content\/uploads\/2025\/05\/Accesorios-para-juegos.jpg 2000w\" sizes=\"(max-width: 800px) 100vw, 800px\" \/>\t\t\t\t\t\t\t\t\t\t\t\t\t\t\t<\/div>\n\t\t\t\t<\/div>\n\t\t\t\t<\/div>\n\t\t<div class=\"elementor-element elementor-element-de9f229 e-con-full e-flex e-con e-child\" data-id=\"de9f229\" data-element_type=\"container\">\n\t\t\t\t<div class=\"elementor-element elementor-element-58221ed elementor-widget elementor-widget-text-editor\" data-id=\"58221ed\" data-element_type=\"widget\" data-widget_type=\"text-editor.default\">\n\t\t\t\t<div class=\"elementor-widget-container\">\n\t\t\t\t\t\t\t\t\t<h3 data-start=\"4804\" data-end=\"4862\"><strong data-start=\"4808\" data-end=\"4860\">Buy board games with expert advice<\/strong><\/h3><p data-start=\"4863\" data-end=\"5133\">At Novaludics, we don&#039;t just sell products; we help you find the game that best suits your preferences. Our team analyzes your preferences, the number of players, and the desired difficulty to recommend the best option for you. <strong data-start=\"5106\" data-end=\"5132\">buy board games<\/strong>.<\/p>\t\t\t\t\t\t\t\t<\/div>\n\t\t\t\t<\/div>\n\t\t\t\t<\/div>\n\t\t\t\t\t<\/div>\n\t\t\t\t<\/div>\n\t\t<div class=\"elementor-element elementor-element-40a862f e-flex e-con-boxed e-con e-parent\" data-id=\"40a862f\" data-element_type=\"container\">\n\t\t\t\t\t<div class=\"e-con-inner\">\n\t\t\t\t<div class=\"elementor-element elementor-element-ef43550 elementor-widget elementor-widget-heading\" data-id=\"ef43550\" data-element_type=\"widget\" data-widget_type=\"heading.default\">\n\t\t\t\t<div class=\"elementor-widget-container\">\n\t\t\t\t\t<h2 class=\"elementor-heading-title elementor-size-default\">Exclusive accessories when purchasing board games<\/h2>\t\t\t\t<\/div>\n\t\t\t\t<\/div>\n\t\t\t\t\t<\/div>\n\t\t\t\t<\/div>\n\t\t<div class=\"elementor-element elementor-element-efa4b8f e-flex e-con-boxed e-con e-parent\" data-id=\"efa4b8f\" data-element_type=\"container\">\n\t\t\t\t\t<div class=\"e-con-inner\">\n\t\t\t\t<div class=\"elementor-element elementor-element-dd04ae5 elementor-widget elementor-widget-text-editor\" data-id=\"dd04ae5\" data-element_type=\"widget\" data-widget_type=\"text-editor.default\">\n\t\t\t\t<div class=\"elementor-widget-container\">\n\t\t\t\t\t\t\t\t\t<p data-start=\"5193\" data-end=\"5435\">In addition to carefully selected titles, we offer custom add-ons that enhance the gaming experience. <strong data-start=\"5319\" data-end=\"5345\">buy board games<\/strong> With us, you can opt for unique, custom-designed inserts, mats, and components.<\/p><h3 data-start=\"5437\" data-end=\"5500\"><strong data-start=\"5441\" data-end=\"5498\">Why choose Novaludics to buy board games?<\/strong><\/h3><p data-start=\"5501\" data-end=\"5737\">Choosing Novaludics means choosing quality, personalized service, and an unparalleled shopping experience. We make sure every customer finds the perfect product, whether for an afternoon with friends or a professional collection.<\/p><p data-start=\"5739\" data-end=\"5825\">If you like <strong data-start=\"5750\" data-end=\"5776\">buy board games<\/strong>, our store is the ideal place to start.<\/p>\t\t\t\t\t\t\t\t<\/div>\n\t\t\t\t<\/div>\n\t\t\t\t\t<\/div>\n\t\t\t\t<\/div>\n\t\t<div class=\"elementor-element elementor-element-252ef51 e-flex e-con-boxed e-con e-parent\" data-id=\"252ef51\" data-element_type=\"container\">\n\t\t\t\t\t<div class=\"e-con-inner\">\n\t\t\t\t<div class=\"elementor-element elementor-element-66d4648 elementor-widget elementor-widget-heading\" data-id=\"66d4648\" data-element_type=\"widget\" data-widget_type=\"heading.default\">\n\t\t\t\t<div class=\"elementor-widget-container\">\n\t\t\t\t\t<h2 class=\"elementor-heading-title elementor-size-default\">Contact us <\/h2>\t\t\t\t<\/div>\n\t\t\t\t<\/div>\n\t\t\t\t\t<\/div>\n\t\t\t\t<\/div>\n\t\t<div class=\"elementor-element elementor-element-4bed945 e-flex e-con-boxed e-con e-parent\" data-id=\"4bed945\" data-element_type=\"container\">\n\t\t\t\t\t<div class=\"e-con-inner\">\n\t\t<div class=\"elementor-element elementor-element-708d9eb e-con-full e-flex e-con e-child\" data-id=\"708d9eb\" data-element_type=\"container\">\n\t\t\t\t<div class=\"elementor-element elementor-element-dd52bd9 elementor-widget elementor-widget-shortcode\" data-id=\"dd52bd9\" data-element_type=\"widget\" data-widget_type=\"shortcode.default\">\n\t\t\t\t<div class=\"elementor-widget-container\">\n\t\t\t\t\t\t\t<div class=\"elementor-shortcode\">\t\t<div data-elementor-type=\"section\" data-elementor-id=\"970\" class=\"elementor elementor-970\" data-elementor-post-type=\"elementor_library\">\n\t\t\t<div class=\"elementor-element elementor-element-09efcf6 e-flex e-con-boxed e-con e-parent\" data-id=\"09efcf6\" data-element_type=\"container\">\n\t\t\t\t\t<div class=\"e-con-inner\">\n\t\t\t\t<div class=\"elementor-element elementor-element-6fc3cfa elementor-button-align-stretch elementor-invisible elementor-widget elementor-widget-form\" data-id=\"6fc3cfa\" data-element_type=\"widget\" data-settings=\"{&quot;button_width&quot;:&quot;50&quot;,&quot;step_next_label&quot;:&quot;Next&quot;,&quot;step_previous_label&quot;:&quot;Previous&quot;,&quot;_animation&quot;:&quot;fadeIn&quot;,&quot;step_type&quot;:&quot;number_text&quot;,&quot;step_icon_shape&quot;:&quot;circle&quot;}\" data-widget_type=\"form.default\">\n\t\t\t\t<div class=\"elementor-widget-container\">\n\t\t\t\t\t\t\t<form class=\"elementor-form\" method=\"post\" name=\"New Form\" action=\"\">\n\t\t\t<input type=\"hidden\" name=\"post_id\" value=\"970\"\/>\n\t\t\t<input type=\"hidden\" name=\"form_id\" value=\"6fc3cfa\"\/>\n\t\t\t<input type=\"hidden\" name=\"referer_title\" value=\"FAQ - Novaludics\" \/>\n\n\t\t\t\t\t\t\t<input type=\"hidden\" name=\"queried_id\" value=\"583\"\/>\n\t\t\t\n\t\t\t<div class=\"elementor-form-fields-wrapper elementor-labels-\">\n\t\t\t\t\t\t\t\t<div class=\"elementor-field-type-text elementor-field-group elementor-column elementor-field-group-name elementor-col-100 elementor-field-required\">\n\t\t\t\t\t\t\t\t\t\t\t\t<label for=\"form-field-name\" class=\"elementor-field-label elementor-screen-only\">\n\t\t\t\t\t\t\t\tName *\t\t\t\t\t\t\t<\/label>\n\t\t\t\t\t\t\t\t\t\t\t\t\t\t<input size=\"1\" type=\"text\" name=\"form_fields[name]\" id=\"form-field-name\" class=\"elementor-field elementor-size-md  elementor-field-textual\" placeholder=\"Name *\" required=\"required\">\n\t\t\t\t\t\t\t\t\t\t\t<\/div>\n\t\t\t\t\t\t\t\t<div class=\"elementor-field-type-email elementor-field-group elementor-column elementor-field-group-email elementor-col-100 elementor-field-required\">\n\t\t\t\t\t\t\t\t\t\t\t\t<label for=\"form-field-email\" class=\"elementor-field-label elementor-screen-only\">\n\t\t\t\t\t\t\t\tEmail *\t\t\t\t\t\t\t<\/label>\n\t\t\t\t\t\t\t\t\t\t\t\t\t\t<input size=\"1\" type=\"email\" name=\"form_fields[email]\" id=\"form-field-email\" class=\"elementor-field elementor-size-md  elementor-field-textual\" placeholder=\"Email *\" required=\"required\">\n\t\t\t\t\t\t\t\t\t\t\t<\/div>\n\t\t\t\t\t\t\t\t<div class=\"elementor-field-type-text elementor-field-group elementor-column elementor-field-group-field_4e7a3a8 elementor-col-100 elementor-field-required\">\n\t\t\t\t\t\t\t\t\t\t\t\t<label for=\"form-field-field_4e7a3a8\" class=\"elementor-field-label elementor-screen-only\">\n\t\t\t\t\t\t\t\tPhone *\t\t\t\t\t\t\t<\/label>\n\t\t\t\t\t\t\t\t\t\t\t\t\t\t<input size=\"1\" type=\"text\" name=\"form_fields[field_4e7a3a8]\" id=\"form-field-field_4e7a3a8\" class=\"elementor-field elementor-size-md  elementor-field-textual\" placeholder=\"Phone *\" required=\"required\">\n\t\t\t\t\t\t\t\t\t\t\t<\/div>\n\t\t\t\t\t\t\t\t<div class=\"elementor-field-type-textarea elementor-field-group elementor-column elementor-field-group-message elementor-col-100 elementor-field-required\">\n\t\t\t\t\t\t\t\t\t\t\t\t<label for=\"form-field-message\" class=\"elementor-field-label elementor-screen-only\">\n\t\t\t\t\t\t\t\tMessage *\t\t\t\t\t\t\t<\/label>\n\t\t\t\t\t\t<textarea class=\"elementor-field-textual elementor-field  elementor-size-md\" name=\"form_fields[message]\" id=\"form-field-message\" rows=\"5\" placeholder=\"Message *\" required=\"required\"><\/textarea>\t\t\t\t<\/div>\n\t\t\t\t\t\t\t\t<div class=\"elementor-field-type-checkbox elementor-field-group elementor-column elementor-field-group-field_d3d7aef elementor-col-100\">\n\t\t\t\t\t<div class=\"elementor-field-subgroup\"><span class=\"elementor-field-option\"><input type=\"checkbox\" value=\"He le\u00eddo y acepto el &lt;a href=&quot;\/aviso-legal\/&quot;&gt;aviso legal&lt;\/a&gt; y la &lt;a href=&quot;\/politica-de-privacidad\/&quot;&gt;pol\u00edtica de privacidad&lt;\/a&gt;\" id=\"form-field-field_d3d7aef-0\" name=\"form_fields[field_d3d7aef]\"> <label for=\"form-field-field_d3d7aef-0\">I have read and accept the <a href=\"\/en\/aviso-legal\/\">legal notice<\/a> and the <a href=\"\/en\/politica-de-privacidad\/\">Privacy Policy<\/a><\/label><\/span><\/div>\t\t\t\t<\/div>\n\t\t\t\t\t\t\t\t<div class=\"elementor-field-type-recaptcha_v3 elementor-field-group elementor-column elementor-field-group-field_5289e2a elementor-col-100 recaptcha_v3-bottomleft\">\n\t\t\t\t\t<div class=\"elementor-field\" id=\"form-field-field_5289e2a\"><div class=\"elementor-g-recaptcha\" data-sitekey=\"6LdztPsqAAAAAF7oBPfzRCcYllq4MapV2EyMjcnc\" data-type=\"v3\" data-action=\"Form\" data-badge=\"bottomleft\" data-size=\"invisible\"><\/div><\/div>\t\t\t\t<\/div>\n\t\t\t\t\t\t\t\t<div class=\"elementor-field-group elementor-column elementor-field-type-submit elementor-col-50 e-form__buttons\">\n\t\t\t\t\t<button class=\"elementor-button elementor-size-md\" type=\"submit\">\n\t\t\t\t\t\t<span class=\"elementor-button-content-wrapper\">\n\t\t\t\t\t\t\t\t\t\t\t\t\t\t\t\t\t\t\t\t\t\t<span class=\"elementor-button-text\">Send<\/span>\n\t\t\t\t\t\t\t\t\t\t\t\t\t<\/span>\n\t\t\t\t\t<\/button>\n\t\t\t\t<\/div>\n\t\t\t<\/div>\n\t\t<input type=\"hidden\" name=\"trp-form-language\" value=\"en\"\/><\/form>\n\t\t\t\t\t\t<\/div>\n\t\t\t\t<\/div>\n\t\t\t\t\t<\/div>\n\t\t\t\t<\/div>\n\t\t\t\t<\/div>\n\t\t<\/div>\n\t\t\t\t\t\t<\/div>\n\t\t\t\t<\/div>\n\t\t\t\t<\/div>\n\t\t\t\t\t<\/div>\n\t\t\t\t<\/div>\n\t\t\t\t<\/div>","protected":false},"excerpt":{"rendered":"<p>Comprar juegos de mesa Comprar juegos de mesa: por qu\u00e9 Novaludics es la mejor elecci\u00f3n El mundo de los juegos de mesa es amplio y emocionante, pero elegir el t\u00edtulo adecuado puede resultar abrumador. Por eso, al comprar juegos de mesa, es fundamental contar con una tienda que ofrezca asesoramiento profesional y productos de calidad. [&hellip;]<\/p>","protected":false},"author":3,"featured_media":0,"parent":0,"menu_order":0,"comment_status":"closed","ping_status":"closed","template":"","meta":{"_glsr_average":0,"_glsr_ranking":0,"_glsr_reviews":0,"footnotes":""},"class_list":["post-1761","page","type-page","status-publish","hentry"],"yoast_head":"<!-- This site is optimized with the Yoast SEO plugin v24.6 - https:\/\/yoast.com\/wordpress\/plugins\/seo\/ -->\n<title>Comprar juegos de mesa - Novaludics<\/title>\n<meta name=\"robots\" content=\"index, follow, max-snippet:-1, max-image-preview:large, max-video-preview:-1\" \/>\n<link rel=\"canonical\" href=\"https:\/\/novaludics.com\/en\/comprar-juegos-de-mesa\/\" \/>\n<meta property=\"og:locale\" content=\"en_US\" \/>\n<meta property=\"og:type\" content=\"article\" \/>\n<meta property=\"og:title\" content=\"Comprar juegos de mesa - Novaludics\" \/>\n<meta property=\"og:description\" content=\"Comprar juegos de mesa Comprar juegos de mesa: por qu\u00e9 Novaludics es la mejor elecci\u00f3n El mundo de los juegos de mesa es amplio y emocionante, pero elegir el t\u00edtulo adecuado puede resultar abrumador. Por eso, al comprar juegos de mesa, es fundamental contar con una tienda que ofrezca asesoramiento profesional y productos de calidad. [&hellip;]\" \/>\n<meta property=\"og:url\" content=\"https:\/\/novaludics.com\/en\/comprar-juegos-de-mesa\/\" \/>\n<meta property=\"og:site_name\" content=\"Novaludics\" \/>\n<meta property=\"article:modified_time\" content=\"2025-07-24T15:48:41+00:00\" \/>\n<meta property=\"og:image\" content=\"https:\/\/novaludics.com\/wp-content\/uploads\/2025\/07\/juego-de-mesa-personalizado.jpg\" \/>\n\t<meta property=\"og:image:width\" content=\"2000\" \/>\n\t<meta property=\"og:image:height\" content=\"1414\" \/>\n\t<meta property=\"og:image:type\" content=\"image\/jpeg\" \/>\n<meta name=\"twitter:card\" content=\"summary_large_image\" \/>\n<meta name=\"twitter:label1\" content=\"Est. reading time\" \/>\n\t<meta name=\"twitter:data1\" content=\"2 minutes\" \/>\n<script type=\"application\/ld+json\" class=\"yoast-schema-graph\">{\"@context\":\"https:\/\/schema.org\",\"@graph\":[{\"@type\":\"WebPage\",\"@id\":\"https:\/\/novaludics.com\/comprar-juegos-de-mesa\/\",\"url\":\"https:\/\/novaludics.com\/comprar-juegos-de-mesa\/\",\"name\":\"Comprar juegos de mesa - Novaludics\",\"isPartOf\":{\"@id\":\"https:\/\/novaludics.com\/#website\"},\"primaryImageOfPage\":{\"@id\":\"https:\/\/novaludics.com\/comprar-juegos-de-mesa\/#primaryimage\"},\"image\":{\"@id\":\"https:\/\/novaludics.com\/comprar-juegos-de-mesa\/#primaryimage\"},\"thumbnailUrl\":\"https:\/\/novaludics.com\/wp-content\/uploads\/2025\/07\/juego-de-mesa-personalizado-1024x724.jpg\",\"datePublished\":\"2025-07-24T15:45:33+00:00\",\"dateModified\":\"2025-07-24T15:48:41+00:00\",\"breadcrumb\":{\"@id\":\"https:\/\/novaludics.com\/comprar-juegos-de-mesa\/#breadcrumb\"},\"inLanguage\":\"en-US\",\"potentialAction\":[{\"@type\":\"ReadAction\",\"target\":[\"https:\/\/novaludics.com\/comprar-juegos-de-mesa\/\"]}]},{\"@type\":\"ImageObject\",\"inLanguage\":\"en-US\",\"@id\":\"https:\/\/novaludics.com\/comprar-juegos-de-mesa\/#primaryimage\",\"url\":\"https:\/\/novaludics.com\/wp-content\/uploads\/2025\/07\/juego-de-mesa-personalizado-1024x724.jpg\",\"contentUrl\":\"https:\/\/novaludics.com\/wp-content\/uploads\/2025\/07\/juego-de-mesa-personalizado-1024x724.jpg\"},{\"@type\":\"BreadcrumbList\",\"@id\":\"https:\/\/novaludics.com\/comprar-juegos-de-mesa\/#breadcrumb\",\"itemListElement\":[{\"@type\":\"ListItem\",\"position\":1,\"name\":\"Portada\",\"item\":\"https:\/\/novaludics.com\/\"},{\"@type\":\"ListItem\",\"position\":2,\"name\":\"Comprar juegos de mesa\"}]},{\"@type\":\"WebSite\",\"@id\":\"https:\/\/novaludics.com\/#website\",\"url\":\"https:\/\/novaludics.com\/\",\"name\":\"Novaludics\",\"description\":\"Tu tienda de juegos de mesa, miniaturas y complementos personalizados\",\"publisher\":{\"@id\":\"https:\/\/novaludics.com\/#organization\"},\"potentialAction\":[{\"@type\":\"SearchAction\",\"target\":{\"@type\":\"EntryPoint\",\"urlTemplate\":\"https:\/\/novaludics.com\/?s={search_term_string}\"},\"query-input\":{\"@type\":\"PropertyValueSpecification\",\"valueRequired\":true,\"valueName\":\"search_term_string\"}}],\"inLanguage\":\"en-US\"},{\"@type\":\"Organization\",\"@id\":\"https:\/\/novaludics.com\/#organization\",\"name\":\"Novaludics\",\"url\":\"https:\/\/novaludics.com\/\",\"logo\":{\"@type\":\"ImageObject\",\"inLanguage\":\"en-US\",\"@id\":\"https:\/\/novaludics.com\/#\/schema\/logo\/image\/\",\"url\":\"https:\/\/novaludics.com\/wp-content\/uploads\/2025\/02\/LOGO.png\",\"contentUrl\":\"https:\/\/novaludics.com\/wp-content\/uploads\/2025\/02\/LOGO.png\",\"width\":800,\"height\":218,\"caption\":\"Novaludics\"},\"image\":{\"@id\":\"https:\/\/novaludics.com\/#\/schema\/logo\/image\/\"}}]}<\/script>\n<!-- \/ Yoast SEO plugin. -->","yoast_head_json":{"title":"Comprar juegos de mesa - Novaludics","robots":{"index":"index","follow":"follow","max-snippet":"max-snippet:-1","max-image-preview":"max-image-preview:large","max-video-preview":"max-video-preview:-1"},"canonical":"https:\/\/novaludics.com\/en\/comprar-juegos-de-mesa\/","og_locale":"en_US","og_type":"article","og_title":"Comprar juegos de mesa - Novaludics","og_description":"Comprar juegos de mesa Comprar juegos de mesa: por qu\u00e9 Novaludics es la mejor elecci\u00f3n El mundo de los juegos de mesa es amplio y emocionante, pero elegir el t\u00edtulo adecuado puede resultar abrumador. Por eso, al comprar juegos de mesa, es fundamental contar con una tienda que ofrezca asesoramiento profesional y productos de calidad. [&hellip;]","og_url":"https:\/\/novaludics.com\/en\/comprar-juegos-de-mesa\/","og_site_name":"Novaludics","article_modified_time":"2025-07-24T15:48:41+00:00","og_image":[{"width":2000,"height":1414,"url":"https:\/\/novaludics.com\/wp-content\/uploads\/2025\/07\/juego-de-mesa-personalizado.jpg","type":"image\/jpeg"}],"twitter_card":"summary_large_image","twitter_misc":{"Est. reading time":"2 minutes"},"schema":{"@context":"https:\/\/schema.org","@graph":[{"@type":"WebPage","@id":"https:\/\/novaludics.com\/comprar-juegos-de-mesa\/","url":"https:\/\/novaludics.com\/comprar-juegos-de-mesa\/","name":"Comprar juegos de mesa - Novaludics","isPartOf":{"@id":"https:\/\/novaludics.com\/#website"},"primaryImageOfPage":{"@id":"https:\/\/novaludics.com\/comprar-juegos-de-mesa\/#primaryimage"},"image":{"@id":"https:\/\/novaludics.com\/comprar-juegos-de-mesa\/#primaryimage"},"thumbnailUrl":"https:\/\/novaludics.com\/wp-content\/uploads\/2025\/07\/juego-de-mesa-personalizado-1024x724.jpg","datePublished":"2025-07-24T15:45:33+00:00","dateModified":"2025-07-24T15:48:41+00:00","breadcrumb":{"@id":"https:\/\/novaludics.com\/comprar-juegos-de-mesa\/#breadcrumb"},"inLanguage":"en-US","potentialAction":[{"@type":"ReadAction","target":["https:\/\/novaludics.com\/comprar-juegos-de-mesa\/"]}]},{"@type":"ImageObject","inLanguage":"en-US","@id":"https:\/\/novaludics.com\/comprar-juegos-de-mesa\/#primaryimage","url":"https:\/\/novaludics.com\/wp-content\/uploads\/2025\/07\/juego-de-mesa-personalizado-1024x724.jpg","contentUrl":"https:\/\/novaludics.com\/wp-content\/uploads\/2025\/07\/juego-de-mesa-personalizado-1024x724.jpg"},{"@type":"BreadcrumbList","@id":"https:\/\/novaludics.com\/comprar-juegos-de-mesa\/#breadcrumb","itemListElement":[{"@type":"ListItem","position":1,"name":"Portada","item":"https:\/\/novaludics.com\/"},{"@type":"ListItem","position":2,"name":"Comprar juegos de mesa"}]},{"@type":"WebSite","@id":"https:\/\/novaludics.com\/#website","url":"https:\/\/novaludics.com\/","name":"Novaludics","description":"Tu tienda de juegos de mesa, miniaturas y complementos personalizados","publisher":{"@id":"https:\/\/novaludics.com\/#organization"},"potentialAction":[{"@type":"SearchAction","target":{"@type":"EntryPoint","urlTemplate":"https:\/\/novaludics.com\/?s={search_term_string}"},"query-input":{"@type":"PropertyValueSpecification","valueRequired":true,"valueName":"search_term_string"}}],"inLanguage":"en-US"},{"@type":"Organization","@id":"https:\/\/novaludics.com\/#organization","name":"Novaludics","url":"https:\/\/novaludics.com\/","logo":{"@type":"ImageObject","inLanguage":"en-US","@id":"https:\/\/novaludics.com\/#\/schema\/logo\/image\/","url":"https:\/\/novaludics.com\/wp-content\/uploads\/2025\/02\/LOGO.png","contentUrl":"https:\/\/novaludics.com\/wp-content\/uploads\/2025\/02\/LOGO.png","width":800,"height":218,"caption":"Novaludics"},"image":{"@id":"https:\/\/novaludics.com\/#\/schema\/logo\/image\/"}}]}},"_links":{"self":[{"href":"https:\/\/novaludics.com\/en\/wp-json\/wp\/v2\/pages\/1761","targetHints":{"allow":["GET"]}}],"collection":[{"href":"https:\/\/novaludics.com\/en\/wp-json\/wp\/v2\/pages"}],"about":[{"href":"https:\/\/novaludics.com\/en\/wp-json\/wp\/v2\/types\/page"}],"author":[{"embeddable":true,"href":"https:\/\/novaludics.com\/en\/wp-json\/wp\/v2\/users\/3"}],"replies":[{"embeddable":true,"href":"https:\/\/novaludics.com\/en\/wp-json\/wp\/v2\/comments?post=1761"}],"version-history":[{"count":7,"href":"https:\/\/novaludics.com\/en\/wp-json\/wp\/v2\/pages\/1761\/revisions"}],"predecessor-version":[{"id":1769,"href":"https:\/\/novaludics.com\/en\/wp-json\/wp\/v2\/pages\/1761\/revisions\/1769"}],"wp:attachment":[{"href":"https:\/\/novaludics.com\/en\/wp-json\/wp\/v2\/media?parent=1761"}],"curies":[{"name":"wp","href":"https:\/\/api.w.org\/{rel}","templated":true}]}}