{"id":1740,"date":"2025-07-24T17:39:23","date_gmt":"2025-07-24T15:39:23","guid":{"rendered":"https:\/\/novaludics.com\/?page_id=1740"},"modified":"2025-07-24T17:40:55","modified_gmt":"2025-07-24T15:40:55","slug":"accesorios-para-juegos-en-madrid","status":"publish","type":"page","link":"https:\/\/novaludics.com\/en\/accesorios-para-juegos-en-madrid\/","title":{"rendered":"Gaming accessories in Madrid"},"content":{"rendered":"<div data-elementor-type=\"wp-page\" data-elementor-id=\"1740\" class=\"elementor elementor-1740\" data-elementor-post-type=\"page\">\n\t\t\t\t<div class=\"elementor-element elementor-element-9f1616a e-flex e-con-boxed e-con e-parent\" data-id=\"9f1616a\" data-element_type=\"container\" data-settings=\"{&quot;background_background&quot;:&quot;classic&quot;}\">\n\t\t\t\t\t<div class=\"e-con-inner\">\n\t\t\t\t<div class=\"elementor-element elementor-element-0b53f34 elementor-widget elementor-widget-heading\" data-id=\"0b53f34\" data-element_type=\"widget\" data-widget_type=\"heading.default\">\n\t\t\t\t<div class=\"elementor-widget-container\">\n\t\t\t\t\t<h2 class=\"elementor-heading-title elementor-size-default\">Gaming accessories in Madrid<\/h2>\t\t\t\t<\/div>\n\t\t\t\t<\/div>\n\t\t\t\t\t<\/div>\n\t\t\t\t<\/div>\n\t\t<div class=\"elementor-element elementor-element-77705fc e-flex e-con-boxed e-con e-parent\" data-id=\"77705fc\" data-element_type=\"container\">\n\t\t\t\t\t<div class=\"e-con-inner\">\n\t\t<div class=\"elementor-element elementor-element-ae975fe e-con-full e-flex e-con e-child\" data-id=\"ae975fe\" data-element_type=\"container\">\n\t\t\t\t<div class=\"elementor-element elementor-element-acf4413 elementor-widget elementor-widget-text-editor\" data-id=\"acf4413\" data-element_type=\"widget\" data-widget_type=\"text-editor.default\">\n\t\t\t\t<div class=\"elementor-widget-container\">\n\t\t\t\t\t\t\t\t\t<h2>Gaming accessories in Madrid: quality and customization with Novaludics<\/h2><p data-start=\"294\" data-end=\"764\">If you&#039;re a gaming enthusiast, you&#039;ll know that the right accessories can make the difference between an ordinary game and an unforgettable experience. Having the best <strong data-start=\"468\" data-end=\"504\">gaming accessories in Madrid<\/strong> It allows you to not only optimize gameplay but also add a unique touch to your favorite titles. Novaludics is the perfect choice for those looking for exclusive products, designed with high-quality materials and designed for all types of players.<\/p>\t\t\t\t\t\t\t\t<\/div>\n\t\t\t\t<\/div>\n\t\t\t\t<\/div>\n\t\t<div class=\"elementor-element elementor-element-58ad50b e-con-full e-flex e-con e-child\" data-id=\"58ad50b\" data-element_type=\"container\">\n\t\t\t\t<div class=\"elementor-element elementor-element-6db3d63 elementor-widget elementor-widget-image\" data-id=\"6db3d63\" data-element_type=\"widget\" data-widget_type=\"image.default\">\n\t\t\t\t<div class=\"elementor-widget-container\">\n\t\t\t\t\t\t\t\t\t\t\t\t\t\t\t<img fetchpriority=\"high\" decoding=\"async\" width=\"800\" height=\"566\" src=\"https:\/\/novaludics.com\/wp-content\/uploads\/2025\/04\/juegos-de-rol-1-1024x724.jpg\" class=\"attachment-large size-large wp-image-1380\" alt=\"\" srcset=\"https:\/\/novaludics.com\/wp-content\/uploads\/2025\/04\/juegos-de-rol-1-1024x724.jpg 1024w, https:\/\/novaludics.com\/wp-content\/uploads\/2025\/04\/juegos-de-rol-1-300x212.jpg 300w, https:\/\/novaludics.com\/wp-content\/uploads\/2025\/04\/juegos-de-rol-1-768x543.jpg 768w, https:\/\/novaludics.com\/wp-content\/uploads\/2025\/04\/juegos-de-rol-1-1536x1086.jpg 1536w, https:\/\/novaludics.com\/wp-content\/uploads\/2025\/04\/juegos-de-rol-1-18x12.jpg 18w, https:\/\/novaludics.com\/wp-content\/uploads\/2025\/04\/juegos-de-rol-1-600x424.jpg 600w, https:\/\/novaludics.com\/wp-content\/uploads\/2025\/04\/juegos-de-rol-1.jpg 2000w\" sizes=\"(max-width: 800px) 100vw, 800px\" \/>\t\t\t\t\t\t\t\t\t\t\t\t\t\t\t<\/div>\n\t\t\t\t<\/div>\n\t\t\t\t<\/div>\n\t\t\t\t\t<\/div>\n\t\t\t\t<\/div>\n\t\t<div class=\"elementor-element elementor-element-c09f866 e-flex e-con-boxed e-con e-parent\" data-id=\"c09f866\" data-element_type=\"container\">\n\t\t\t\t\t<div class=\"e-con-inner\">\n\t\t<div class=\"elementor-element elementor-element-57aec39 e-con-full e-flex e-con e-child\" data-id=\"57aec39\" data-element_type=\"container\">\n\t\t\t\t<div class=\"elementor-element elementor-element-d08608f elementor-widget elementor-widget-image\" data-id=\"d08608f\" data-element_type=\"widget\" data-widget_type=\"image.default\">\n\t\t\t\t<div class=\"elementor-widget-container\">\n\t\t\t\t\t\t\t\t\t\t\t\t\t\t\t<img decoding=\"async\" width=\"800\" height=\"566\" src=\"https:\/\/novaludics.com\/wp-content\/uploads\/2025\/04\/juegos-de-mesa-barcelona-1-1024x724.jpg\" class=\"attachment-large size-large wp-image-1378\" alt=\"\" srcset=\"https:\/\/novaludics.com\/wp-content\/uploads\/2025\/04\/juegos-de-mesa-barcelona-1-1024x724.jpg 1024w, https:\/\/novaludics.com\/wp-content\/uploads\/2025\/04\/juegos-de-mesa-barcelona-1-300x212.jpg 300w, https:\/\/novaludics.com\/wp-content\/uploads\/2025\/04\/juegos-de-mesa-barcelona-1-768x543.jpg 768w, https:\/\/novaludics.com\/wp-content\/uploads\/2025\/04\/juegos-de-mesa-barcelona-1-1536x1086.jpg 1536w, https:\/\/novaludics.com\/wp-content\/uploads\/2025\/04\/juegos-de-mesa-barcelona-1-18x12.jpg 18w, https:\/\/novaludics.com\/wp-content\/uploads\/2025\/04\/juegos-de-mesa-barcelona-1-600x424.jpg 600w, https:\/\/novaludics.com\/wp-content\/uploads\/2025\/04\/juegos-de-mesa-barcelona-1.jpg 2000w\" sizes=\"(max-width: 800px) 100vw, 800px\" \/>\t\t\t\t\t\t\t\t\t\t\t\t\t\t\t<\/div>\n\t\t\t\t<\/div>\n\t\t\t\t<\/div>\n\t\t<div class=\"elementor-element elementor-element-de9f229 e-con-full e-flex e-con e-child\" data-id=\"de9f229\" data-element_type=\"container\">\n\t\t\t\t<div class=\"elementor-element elementor-element-58221ed elementor-widget elementor-widget-text-editor\" data-id=\"58221ed\" data-element_type=\"widget\" data-widget_type=\"text-editor.default\">\n\t\t\t\t<div class=\"elementor-widget-container\">\n\t\t\t\t\t\t\t\t\t<h2 data-start=\"766\" data-end=\"835\">Gaming accessories in Madrid for all your needs<\/h2><p data-start=\"836\" data-end=\"1286\">From custom mats that enhance the aesthetics of your gaming table, to organizer inserts that make mounting and storing components easier, Novaludics offers a wide range of <strong data-start=\"1034\" data-end=\"1070\">gaming accessories in Madrid<\/strong>Our catalog includes miniatures, themed dice, markers, and other accessories designed using technologies such as 3D printing and laser cutting. All with the quality guarantee that characterizes our brand.<\/p>\t\t\t\t\t\t\t\t<\/div>\n\t\t\t\t<\/div>\n\t\t\t\t<\/div>\n\t\t\t\t\t<\/div>\n\t\t\t\t<\/div>\n\t\t<div class=\"elementor-element elementor-element-40a862f e-flex e-con-boxed e-con e-parent\" data-id=\"40a862f\" data-element_type=\"container\">\n\t\t\t\t\t<div class=\"e-con-inner\">\n\t\t\t\t<div class=\"elementor-element elementor-element-ef43550 elementor-widget elementor-widget-heading\" data-id=\"ef43550\" data-element_type=\"widget\" data-widget_type=\"heading.default\">\n\t\t\t\t<div class=\"elementor-widget-container\">\n\t\t\t\t\t<h2 class=\"elementor-heading-title elementor-size-default\">Why trust Novaludics for gaming accessories in Madrid<\/h2>\t\t\t\t<\/div>\n\t\t\t\t<\/div>\n\t\t\t\t\t<\/div>\n\t\t\t\t<\/div>\n\t\t<div class=\"elementor-element elementor-element-efa4b8f e-flex e-con-boxed e-con e-parent\" data-id=\"efa4b8f\" data-element_type=\"container\">\n\t\t\t\t\t<div class=\"e-con-inner\">\n\t\t\t\t<div class=\"elementor-element elementor-element-dd04ae5 elementor-widget elementor-widget-text-editor\" data-id=\"dd04ae5\" data-element_type=\"widget\" data-widget_type=\"text-editor.default\">\n\t\t\t\t<div class=\"elementor-widget-container\">\n\t\t\t\t\t\t\t\t\t<p data-start=\"1366\" data-end=\"1848\">When choosing <strong data-start=\"1386\" data-end=\"1422\">gaming accessories in Madrid<\/strong>It&#039;s important to have a company that combines experience, innovation, and personalized service. At Novaludics, we work closely with each client to offer unique solutions. We adapt to your favorite games, creating products that not only improve their functionality but also enhance their aesthetics. Furthermore, our commitment to excellence allows us to guarantee long-lasting, top-quality finishes.<\/p><h3 data-start=\"1850\" data-end=\"1923\"><strong data-start=\"1854\" data-end=\"1921\">Gaming accessories in Madrid that transform your experience<\/strong><\/h3><p data-start=\"1924\" data-end=\"2300\">What sets Novaludics apart from other options on the market is our focus on customization. We don&#039;t believe in generic solutions. We design <strong data-start=\"2075\" data-end=\"2111\">gaming accessories in Madrid<\/strong> that fit your needs, whether for classic board games or modern editions. We want every game to be special and for your accessories to reflect your style as a player.<\/p><p data-start=\"2302\" data-end=\"2483\">In conclusion, if you are looking to improve your games with original and quality products, Novaludics is your best option to get the best <strong data-start=\"2444\" data-end=\"2480\">gaming accessories in Madrid<\/strong>.<\/p>\t\t\t\t\t\t\t\t<\/div>\n\t\t\t\t<\/div>\n\t\t\t\t\t<\/div>\n\t\t\t\t<\/div>\n\t\t<div class=\"elementor-element elementor-element-252ef51 e-flex e-con-boxed e-con e-parent\" data-id=\"252ef51\" data-element_type=\"container\">\n\t\t\t\t\t<div class=\"e-con-inner\">\n\t\t\t\t<div class=\"elementor-element elementor-element-66d4648 elementor-widget elementor-widget-heading\" data-id=\"66d4648\" data-element_type=\"widget\" data-widget_type=\"heading.default\">\n\t\t\t\t<div class=\"elementor-widget-container\">\n\t\t\t\t\t<h2 class=\"elementor-heading-title elementor-size-default\">Contact us <\/h2>\t\t\t\t<\/div>\n\t\t\t\t<\/div>\n\t\t\t\t\t<\/div>\n\t\t\t\t<\/div>\n\t\t<div class=\"elementor-element elementor-element-4bed945 e-flex e-con-boxed e-con e-parent\" data-id=\"4bed945\" data-element_type=\"container\">\n\t\t\t\t\t<div class=\"e-con-inner\">\n\t\t<div class=\"elementor-element elementor-element-708d9eb e-con-full e-flex e-con e-child\" data-id=\"708d9eb\" data-element_type=\"container\">\n\t\t\t\t<div class=\"elementor-element elementor-element-dd52bd9 elementor-widget elementor-widget-shortcode\" data-id=\"dd52bd9\" data-element_type=\"widget\" data-widget_type=\"shortcode.default\">\n\t\t\t\t<div class=\"elementor-widget-container\">\n\t\t\t\t\t\t\t<div class=\"elementor-shortcode\">\t\t<div data-elementor-type=\"section\" data-elementor-id=\"970\" class=\"elementor elementor-970\" data-elementor-post-type=\"elementor_library\">\n\t\t\t<div class=\"elementor-element elementor-element-09efcf6 e-flex e-con-boxed e-con e-parent\" data-id=\"09efcf6\" data-element_type=\"container\">\n\t\t\t\t\t<div class=\"e-con-inner\">\n\t\t\t\t<div class=\"elementor-element elementor-element-6fc3cfa elementor-button-align-stretch elementor-invisible elementor-widget elementor-widget-form\" data-id=\"6fc3cfa\" data-element_type=\"widget\" data-settings=\"{&quot;button_width&quot;:&quot;50&quot;,&quot;step_next_label&quot;:&quot;Next&quot;,&quot;step_previous_label&quot;:&quot;Previous&quot;,&quot;_animation&quot;:&quot;fadeIn&quot;,&quot;step_type&quot;:&quot;number_text&quot;,&quot;step_icon_shape&quot;:&quot;circle&quot;}\" data-widget_type=\"form.default\">\n\t\t\t\t<div class=\"elementor-widget-container\">\n\t\t\t\t\t\t\t<form class=\"elementor-form\" method=\"post\" name=\"New Form\" action=\"\">\n\t\t\t<input type=\"hidden\" name=\"post_id\" value=\"970\"\/>\n\t\t\t<input type=\"hidden\" name=\"form_id\" value=\"6fc3cfa\"\/>\n\t\t\t<input type=\"hidden\" name=\"referer_title\" value=\"FAQ - Novaludics\" \/>\n\n\t\t\t\t\t\t\t<input type=\"hidden\" name=\"queried_id\" value=\"583\"\/>\n\t\t\t\n\t\t\t<div class=\"elementor-form-fields-wrapper elementor-labels-\">\n\t\t\t\t\t\t\t\t<div class=\"elementor-field-type-text elementor-field-group elementor-column elementor-field-group-name elementor-col-100 elementor-field-required\">\n\t\t\t\t\t\t\t\t\t\t\t\t<label for=\"form-field-name\" class=\"elementor-field-label elementor-screen-only\">\n\t\t\t\t\t\t\t\tName *\t\t\t\t\t\t\t<\/label>\n\t\t\t\t\t\t\t\t\t\t\t\t\t\t<input size=\"1\" type=\"text\" name=\"form_fields[name]\" id=\"form-field-name\" class=\"elementor-field elementor-size-md  elementor-field-textual\" placeholder=\"Name *\" required=\"required\">\n\t\t\t\t\t\t\t\t\t\t\t<\/div>\n\t\t\t\t\t\t\t\t<div class=\"elementor-field-type-email elementor-field-group elementor-column elementor-field-group-email elementor-col-100 elementor-field-required\">\n\t\t\t\t\t\t\t\t\t\t\t\t<label for=\"form-field-email\" class=\"elementor-field-label elementor-screen-only\">\n\t\t\t\t\t\t\t\tEmail *\t\t\t\t\t\t\t<\/label>\n\t\t\t\t\t\t\t\t\t\t\t\t\t\t<input size=\"1\" type=\"email\" name=\"form_fields[email]\" id=\"form-field-email\" class=\"elementor-field elementor-size-md  elementor-field-textual\" placeholder=\"Email *\" required=\"required\">\n\t\t\t\t\t\t\t\t\t\t\t<\/div>\n\t\t\t\t\t\t\t\t<div class=\"elementor-field-type-text elementor-field-group elementor-column elementor-field-group-field_4e7a3a8 elementor-col-100 elementor-field-required\">\n\t\t\t\t\t\t\t\t\t\t\t\t<label for=\"form-field-field_4e7a3a8\" class=\"elementor-field-label elementor-screen-only\">\n\t\t\t\t\t\t\t\tPhone *\t\t\t\t\t\t\t<\/label>\n\t\t\t\t\t\t\t\t\t\t\t\t\t\t<input size=\"1\" type=\"text\" name=\"form_fields[field_4e7a3a8]\" id=\"form-field-field_4e7a3a8\" class=\"elementor-field elementor-size-md  elementor-field-textual\" placeholder=\"Phone *\" required=\"required\">\n\t\t\t\t\t\t\t\t\t\t\t<\/div>\n\t\t\t\t\t\t\t\t<div class=\"elementor-field-type-textarea elementor-field-group elementor-column elementor-field-group-message elementor-col-100 elementor-field-required\">\n\t\t\t\t\t\t\t\t\t\t\t\t<label for=\"form-field-message\" class=\"elementor-field-label elementor-screen-only\">\n\t\t\t\t\t\t\t\tMessage *\t\t\t\t\t\t\t<\/label>\n\t\t\t\t\t\t<textarea class=\"elementor-field-textual elementor-field  elementor-size-md\" name=\"form_fields[message]\" id=\"form-field-message\" rows=\"5\" placeholder=\"Message *\" required=\"required\"><\/textarea>\t\t\t\t<\/div>\n\t\t\t\t\t\t\t\t<div class=\"elementor-field-type-checkbox elementor-field-group elementor-column elementor-field-group-field_d3d7aef elementor-col-100\">\n\t\t\t\t\t<div class=\"elementor-field-subgroup\"><span class=\"elementor-field-option\"><input type=\"checkbox\" value=\"He le\u00eddo y acepto el &lt;a href=&quot;\/aviso-legal\/&quot;&gt;aviso legal&lt;\/a&gt; y la &lt;a href=&quot;\/politica-de-privacidad\/&quot;&gt;pol\u00edtica de privacidad&lt;\/a&gt;\" id=\"form-field-field_d3d7aef-0\" name=\"form_fields[field_d3d7aef]\"> <label for=\"form-field-field_d3d7aef-0\">I have read and accept the <a href=\"\/en\/aviso-legal\/\">legal notice<\/a> and the <a href=\"\/en\/politica-de-privacidad\/\">Privacy Policy<\/a><\/label><\/span><\/div>\t\t\t\t<\/div>\n\t\t\t\t\t\t\t\t<div class=\"elementor-field-type-recaptcha_v3 elementor-field-group elementor-column elementor-field-group-field_5289e2a elementor-col-100 recaptcha_v3-bottomleft\">\n\t\t\t\t\t<div class=\"elementor-field\" id=\"form-field-field_5289e2a\"><div class=\"elementor-g-recaptcha\" data-sitekey=\"6LdztPsqAAAAAF7oBPfzRCcYllq4MapV2EyMjcnc\" data-type=\"v3\" data-action=\"Form\" data-badge=\"bottomleft\" data-size=\"invisible\"><\/div><\/div>\t\t\t\t<\/div>\n\t\t\t\t\t\t\t\t<div class=\"elementor-field-group elementor-column elementor-field-type-submit elementor-col-50 e-form__buttons\">\n\t\t\t\t\t<button class=\"elementor-button elementor-size-md\" type=\"submit\">\n\t\t\t\t\t\t<span class=\"elementor-button-content-wrapper\">\n\t\t\t\t\t\t\t\t\t\t\t\t\t\t\t\t\t\t\t\t\t\t<span class=\"elementor-button-text\">Send<\/span>\n\t\t\t\t\t\t\t\t\t\t\t\t\t<\/span>\n\t\t\t\t\t<\/button>\n\t\t\t\t<\/div>\n\t\t\t<\/div>\n\t\t<input type=\"hidden\" name=\"trp-form-language\" value=\"en\"\/><\/form>\n\t\t\t\t\t\t<\/div>\n\t\t\t\t<\/div>\n\t\t\t\t\t<\/div>\n\t\t\t\t<\/div>\n\t\t\t\t<\/div>\n\t\t<\/div>\n\t\t\t\t\t\t<\/div>\n\t\t\t\t<\/div>\n\t\t\t\t<\/div>\n\t\t\t\t\t<\/div>\n\t\t\t\t<\/div>\n\t\t\t\t<\/div>","protected":false},"excerpt":{"rendered":"<p>Accesorios para juegos en Madrid Accesorios para juegos en Madrid: calidad y personalizaci\u00f3n con Novaludics Si eres amante del mundo l\u00fadico, sabr\u00e1s que los complementos adecuados marcan la diferencia entre una partida corriente y una experiencia inolvidable. Contar con los mejores accesorios para juegos en Madrid te permite no solo optimizar la jugabilidad, sino tambi\u00e9n [&hellip;]<\/p>","protected":false},"author":3,"featured_media":0,"parent":0,"menu_order":0,"comment_status":"closed","ping_status":"closed","template":"","meta":{"_glsr_average":0,"_glsr_ranking":0,"_glsr_reviews":0,"footnotes":""},"class_list":["post-1740","page","type-page","status-publish","hentry"],"yoast_head":"<!-- This site is optimized with the Yoast SEO plugin v24.6 - https:\/\/yoast.com\/wordpress\/plugins\/seo\/ -->\n<title>Accesorios para juegos en Madrid - Novaludics<\/title>\n<meta name=\"robots\" content=\"index, follow, max-snippet:-1, max-image-preview:large, max-video-preview:-1\" \/>\n<link rel=\"canonical\" href=\"https:\/\/novaludics.com\/en\/accesorios-para-juegos-en-madrid\/\" \/>\n<meta property=\"og:locale\" content=\"en_US\" \/>\n<meta property=\"og:type\" content=\"article\" \/>\n<meta property=\"og:title\" content=\"Accesorios para juegos en Madrid - Novaludics\" \/>\n<meta property=\"og:description\" content=\"Accesorios para juegos en Madrid Accesorios para juegos en Madrid: calidad y personalizaci\u00f3n con Novaludics Si eres amante del mundo l\u00fadico, sabr\u00e1s que los complementos adecuados marcan la diferencia entre una partida corriente y una experiencia inolvidable. Contar con los mejores accesorios para juegos en Madrid te permite no solo optimizar la jugabilidad, sino tambi\u00e9n [&hellip;]\" \/>\n<meta property=\"og:url\" content=\"https:\/\/novaludics.com\/en\/accesorios-para-juegos-en-madrid\/\" \/>\n<meta property=\"og:site_name\" content=\"Novaludics\" \/>\n<meta property=\"article:modified_time\" content=\"2025-07-24T15:40:55+00:00\" \/>\n<meta property=\"og:image\" content=\"https:\/\/novaludics.com\/wp-content\/uploads\/2025\/04\/juegos-de-rol-1.jpg\" \/>\n\t<meta property=\"og:image:width\" content=\"2000\" \/>\n\t<meta property=\"og:image:height\" content=\"1414\" \/>\n\t<meta property=\"og:image:type\" content=\"image\/jpeg\" \/>\n<meta name=\"twitter:card\" content=\"summary_large_image\" \/>\n<meta name=\"twitter:label1\" content=\"Est. reading time\" \/>\n\t<meta name=\"twitter:data1\" content=\"3 minutes\" \/>\n<script type=\"application\/ld+json\" class=\"yoast-schema-graph\">{\"@context\":\"https:\/\/schema.org\",\"@graph\":[{\"@type\":\"WebPage\",\"@id\":\"https:\/\/novaludics.com\/accesorios-para-juegos-en-madrid\/\",\"url\":\"https:\/\/novaludics.com\/accesorios-para-juegos-en-madrid\/\",\"name\":\"Accesorios para juegos en Madrid - Novaludics\",\"isPartOf\":{\"@id\":\"https:\/\/novaludics.com\/#website\"},\"primaryImageOfPage\":{\"@id\":\"https:\/\/novaludics.com\/accesorios-para-juegos-en-madrid\/#primaryimage\"},\"image\":{\"@id\":\"https:\/\/novaludics.com\/accesorios-para-juegos-en-madrid\/#primaryimage\"},\"thumbnailUrl\":\"https:\/\/novaludics.com\/wp-content\/uploads\/2025\/04\/juegos-de-rol-1-1024x724.jpg\",\"datePublished\":\"2025-07-24T15:39:23+00:00\",\"dateModified\":\"2025-07-24T15:40:55+00:00\",\"breadcrumb\":{\"@id\":\"https:\/\/novaludics.com\/accesorios-para-juegos-en-madrid\/#breadcrumb\"},\"inLanguage\":\"en-US\",\"potentialAction\":[{\"@type\":\"ReadAction\",\"target\":[\"https:\/\/novaludics.com\/accesorios-para-juegos-en-madrid\/\"]}]},{\"@type\":\"ImageObject\",\"inLanguage\":\"en-US\",\"@id\":\"https:\/\/novaludics.com\/accesorios-para-juegos-en-madrid\/#primaryimage\",\"url\":\"https:\/\/novaludics.com\/wp-content\/uploads\/2025\/04\/juegos-de-rol-1-1024x724.jpg\",\"contentUrl\":\"https:\/\/novaludics.com\/wp-content\/uploads\/2025\/04\/juegos-de-rol-1-1024x724.jpg\"},{\"@type\":\"BreadcrumbList\",\"@id\":\"https:\/\/novaludics.com\/accesorios-para-juegos-en-madrid\/#breadcrumb\",\"itemListElement\":[{\"@type\":\"ListItem\",\"position\":1,\"name\":\"Portada\",\"item\":\"https:\/\/novaludics.com\/\"},{\"@type\":\"ListItem\",\"position\":2,\"name\":\"Accesorios para juegos en Madrid\"}]},{\"@type\":\"WebSite\",\"@id\":\"https:\/\/novaludics.com\/#website\",\"url\":\"https:\/\/novaludics.com\/\",\"name\":\"Novaludics\",\"description\":\"Tu tienda de juegos de mesa, miniaturas y complementos personalizados\",\"publisher\":{\"@id\":\"https:\/\/novaludics.com\/#organization\"},\"potentialAction\":[{\"@type\":\"SearchAction\",\"target\":{\"@type\":\"EntryPoint\",\"urlTemplate\":\"https:\/\/novaludics.com\/?s={search_term_string}\"},\"query-input\":{\"@type\":\"PropertyValueSpecification\",\"valueRequired\":true,\"valueName\":\"search_term_string\"}}],\"inLanguage\":\"en-US\"},{\"@type\":\"Organization\",\"@id\":\"https:\/\/novaludics.com\/#organization\",\"name\":\"Novaludics\",\"url\":\"https:\/\/novaludics.com\/\",\"logo\":{\"@type\":\"ImageObject\",\"inLanguage\":\"en-US\",\"@id\":\"https:\/\/novaludics.com\/#\/schema\/logo\/image\/\",\"url\":\"https:\/\/novaludics.com\/wp-content\/uploads\/2025\/02\/LOGO.png\",\"contentUrl\":\"https:\/\/novaludics.com\/wp-content\/uploads\/2025\/02\/LOGO.png\",\"width\":800,\"height\":218,\"caption\":\"Novaludics\"},\"image\":{\"@id\":\"https:\/\/novaludics.com\/#\/schema\/logo\/image\/\"}}]}<\/script>\n<!-- \/ Yoast SEO plugin. -->","yoast_head_json":{"title":"Accesorios para juegos en Madrid - Novaludics","robots":{"index":"index","follow":"follow","max-snippet":"max-snippet:-1","max-image-preview":"max-image-preview:large","max-video-preview":"max-video-preview:-1"},"canonical":"https:\/\/novaludics.com\/en\/accesorios-para-juegos-en-madrid\/","og_locale":"en_US","og_type":"article","og_title":"Accesorios para juegos en Madrid - Novaludics","og_description":"Accesorios para juegos en Madrid Accesorios para juegos en Madrid: calidad y personalizaci\u00f3n con Novaludics Si eres amante del mundo l\u00fadico, sabr\u00e1s que los complementos adecuados marcan la diferencia entre una partida corriente y una experiencia inolvidable. Contar con los mejores accesorios para juegos en Madrid te permite no solo optimizar la jugabilidad, sino tambi\u00e9n [&hellip;]","og_url":"https:\/\/novaludics.com\/en\/accesorios-para-juegos-en-madrid\/","og_site_name":"Novaludics","article_modified_time":"2025-07-24T15:40:55+00:00","og_image":[{"width":2000,"height":1414,"url":"https:\/\/novaludics.com\/wp-content\/uploads\/2025\/04\/juegos-de-rol-1.jpg","type":"image\/jpeg"}],"twitter_card":"summary_large_image","twitter_misc":{"Est. reading time":"3 minutes"},"schema":{"@context":"https:\/\/schema.org","@graph":[{"@type":"WebPage","@id":"https:\/\/novaludics.com\/accesorios-para-juegos-en-madrid\/","url":"https:\/\/novaludics.com\/accesorios-para-juegos-en-madrid\/","name":"Accesorios para juegos en Madrid - Novaludics","isPartOf":{"@id":"https:\/\/novaludics.com\/#website"},"primaryImageOfPage":{"@id":"https:\/\/novaludics.com\/accesorios-para-juegos-en-madrid\/#primaryimage"},"image":{"@id":"https:\/\/novaludics.com\/accesorios-para-juegos-en-madrid\/#primaryimage"},"thumbnailUrl":"https:\/\/novaludics.com\/wp-content\/uploads\/2025\/04\/juegos-de-rol-1-1024x724.jpg","datePublished":"2025-07-24T15:39:23+00:00","dateModified":"2025-07-24T15:40:55+00:00","breadcrumb":{"@id":"https:\/\/novaludics.com\/accesorios-para-juegos-en-madrid\/#breadcrumb"},"inLanguage":"en-US","potentialAction":[{"@type":"ReadAction","target":["https:\/\/novaludics.com\/accesorios-para-juegos-en-madrid\/"]}]},{"@type":"ImageObject","inLanguage":"en-US","@id":"https:\/\/novaludics.com\/accesorios-para-juegos-en-madrid\/#primaryimage","url":"https:\/\/novaludics.com\/wp-content\/uploads\/2025\/04\/juegos-de-rol-1-1024x724.jpg","contentUrl":"https:\/\/novaludics.com\/wp-content\/uploads\/2025\/04\/juegos-de-rol-1-1024x724.jpg"},{"@type":"BreadcrumbList","@id":"https:\/\/novaludics.com\/accesorios-para-juegos-en-madrid\/#breadcrumb","itemListElement":[{"@type":"ListItem","position":1,"name":"Portada","item":"https:\/\/novaludics.com\/"},{"@type":"ListItem","position":2,"name":"Accesorios para juegos en Madrid"}]},{"@type":"WebSite","@id":"https:\/\/novaludics.com\/#website","url":"https:\/\/novaludics.com\/","name":"Novaludics","description":"Tu tienda de juegos de mesa, miniaturas y complementos personalizados","publisher":{"@id":"https:\/\/novaludics.com\/#organization"},"potentialAction":[{"@type":"SearchAction","target":{"@type":"EntryPoint","urlTemplate":"https:\/\/novaludics.com\/?s={search_term_string}"},"query-input":{"@type":"PropertyValueSpecification","valueRequired":true,"valueName":"search_term_string"}}],"inLanguage":"en-US"},{"@type":"Organization","@id":"https:\/\/novaludics.com\/#organization","name":"Novaludics","url":"https:\/\/novaludics.com\/","logo":{"@type":"ImageObject","inLanguage":"en-US","@id":"https:\/\/novaludics.com\/#\/schema\/logo\/image\/","url":"https:\/\/novaludics.com\/wp-content\/uploads\/2025\/02\/LOGO.png","contentUrl":"https:\/\/novaludics.com\/wp-content\/uploads\/2025\/02\/LOGO.png","width":800,"height":218,"caption":"Novaludics"},"image":{"@id":"https:\/\/novaludics.com\/#\/schema\/logo\/image\/"}}]}},"_links":{"self":[{"href":"https:\/\/novaludics.com\/en\/wp-json\/wp\/v2\/pages\/1740","targetHints":{"allow":["GET"]}}],"collection":[{"href":"https:\/\/novaludics.com\/en\/wp-json\/wp\/v2\/pages"}],"about":[{"href":"https:\/\/novaludics.com\/en\/wp-json\/wp\/v2\/types\/page"}],"author":[{"embeddable":true,"href":"https:\/\/novaludics.com\/en\/wp-json\/wp\/v2\/users\/3"}],"replies":[{"embeddable":true,"href":"https:\/\/novaludics.com\/en\/wp-json\/wp\/v2\/comments?post=1740"}],"version-history":[{"count":8,"href":"https:\/\/novaludics.com\/en\/wp-json\/wp\/v2\/pages\/1740\/revisions"}],"predecessor-version":[{"id":1751,"href":"https:\/\/novaludics.com\/en\/wp-json\/wp\/v2\/pages\/1740\/revisions\/1751"}],"wp:attachment":[{"href":"https:\/\/novaludics.com\/en\/wp-json\/wp\/v2\/media?parent=1740"}],"curies":[{"name":"wp","href":"https:\/\/api.w.org\/{rel}","templated":true}]}}