{"id":1450,"date":"2025-05-28T09:19:13","date_gmt":"2025-05-28T07:19:13","guid":{"rendered":"https:\/\/novaludics.com\/?page_id=1450"},"modified":"2025-06-02T09:27:53","modified_gmt":"2025-06-02T07:27:53","slug":"juegos-de-mesa-en-madrid","status":"publish","type":"page","link":"https:\/\/novaludics.com\/en\/juegos-de-mesa-en-madrid\/","title":{"rendered":"Board games in Madrid"},"content":{"rendered":"<div data-elementor-type=\"wp-page\" data-elementor-id=\"1450\" class=\"elementor elementor-1450\" data-elementor-post-type=\"page\">\n\t\t\t\t<div class=\"elementor-element elementor-element-5f28b48 e-flex e-con-boxed e-con e-parent\" data-id=\"5f28b48\" data-element_type=\"container\">\n\t\t\t\t\t<div class=\"e-con-inner\">\n\t\t\t\t<div class=\"elementor-element elementor-element-db08159 elementor-widget elementor-widget-heading\" data-id=\"db08159\" data-element_type=\"widget\" data-widget_type=\"heading.default\">\n\t\t\t\t<div class=\"elementor-widget-container\">\n\t\t\t\t\t<h2 class=\"elementor-heading-title elementor-size-default\">Board games in Madrid<\/h2>\t\t\t\t<\/div>\n\t\t\t\t<\/div>\n\t\t\t\t\t<\/div>\n\t\t\t\t<\/div>\n\t\t<div class=\"elementor-element elementor-element-e94fe8a e-flex e-con-boxed e-con e-parent\" data-id=\"e94fe8a\" data-element_type=\"container\">\n\t\t\t\t\t<div class=\"e-con-inner\">\n\t\t<div class=\"elementor-element elementor-element-14be324 e-con-full e-flex e-con e-child\" data-id=\"14be324\" data-element_type=\"container\">\n\t\t\t\t<div class=\"elementor-element elementor-element-f2a39cc elementor-widget elementor-widget-text-editor\" data-id=\"f2a39cc\" data-element_type=\"widget\" data-widget_type=\"text-editor.default\">\n\t\t\t\t<div class=\"elementor-widget-container\">\n\t\t\t\t\t\t\t\t\t<h3 data-start=\"360\" data-end=\"429\">Board games in Madrid: experience the fun with Novaludics<\/h3><p data-start=\"431\" data-end=\"944\">The <strong data-start=\"435\" data-end=\"463\">board games in Madrid<\/strong> are experiencing a true revolution. More and more individuals, families, and groups of friends are seeking different, enriching, and fun experiences that go beyond screens. In this context, board games have become one of the most valued leisure options for their ability to connect, entertain, and stimulate the mind. If you live in Madrid and are looking for a reference point to enjoy this universe, <strong data-start=\"910\" data-end=\"924\">Novaludics<\/strong> is your best option.<\/p><p data-start=\"1031\" data-end=\"1406\">The offer of <strong data-start=\"1044\" data-end=\"1072\">board games in Madrid<\/strong> It&#039;s as varied as it is exciting. From classic titles to designer offerings, including cooperative, strategy, narrative, and family games, there&#039;s an ideal option for every type of player. The best part? They all share one fundamental aspect: they encourage communication, critical thinking, and shared fun.<\/p>\t\t\t\t\t\t\t\t<\/div>\n\t\t\t\t<\/div>\n\t\t\t\t<\/div>\n\t\t<div class=\"elementor-element elementor-element-cb6c606 e-con-full e-flex e-con e-child\" data-id=\"cb6c606\" data-element_type=\"container\">\n\t\t\t\t<div class=\"elementor-element elementor-element-089cfab elementor-widget elementor-widget-image\" data-id=\"089cfab\" data-element_type=\"widget\" data-widget_type=\"image.default\">\n\t\t\t\t<div class=\"elementor-widget-container\">\n\t\t\t\t\t\t\t\t\t\t\t\t\t\t\t<img fetchpriority=\"high\" decoding=\"async\" width=\"800\" height=\"566\" src=\"https:\/\/novaludics.com\/wp-content\/uploads\/2025\/03\/mesa-juego-espana-1024x724.jpg\" class=\"attachment-large size-large wp-image-1320\" alt=\"\" srcset=\"https:\/\/novaludics.com\/wp-content\/uploads\/2025\/03\/mesa-juego-espana-1024x724.jpg 1024w, https:\/\/novaludics.com\/wp-content\/uploads\/2025\/03\/mesa-juego-espana-300x212.jpg 300w, https:\/\/novaludics.com\/wp-content\/uploads\/2025\/03\/mesa-juego-espana-768x543.jpg 768w, https:\/\/novaludics.com\/wp-content\/uploads\/2025\/03\/mesa-juego-espana-1536x1086.jpg 1536w, https:\/\/novaludics.com\/wp-content\/uploads\/2025\/03\/mesa-juego-espana-18x12.jpg 18w, https:\/\/novaludics.com\/wp-content\/uploads\/2025\/03\/mesa-juego-espana-600x424.jpg 600w, https:\/\/novaludics.com\/wp-content\/uploads\/2025\/03\/mesa-juego-espana.jpg 2000w\" sizes=\"(max-width: 800px) 100vw, 800px\" \/>\t\t\t\t\t\t\t\t\t\t\t\t\t\t\t<\/div>\n\t\t\t\t<\/div>\n\t\t\t\t<\/div>\n\t\t\t\t\t<\/div>\n\t\t\t\t<\/div>\n\t\t<div class=\"elementor-element elementor-element-3936b4c e-flex e-con-boxed e-con e-parent\" data-id=\"3936b4c\" data-element_type=\"container\">\n\t\t\t\t\t<div class=\"e-con-inner\">\n\t\t<div class=\"elementor-element elementor-element-a1371da e-con-full e-flex e-con e-child\" data-id=\"a1371da\" data-element_type=\"container\">\n\t\t\t\t<div class=\"elementor-element elementor-element-8e32243 elementor-widget elementor-widget-image\" data-id=\"8e32243\" data-element_type=\"widget\" data-widget_type=\"image.default\">\n\t\t\t\t<div class=\"elementor-widget-container\">\n\t\t\t\t\t\t\t\t\t\t\t\t\t\t\t<img decoding=\"async\" width=\"800\" height=\"566\" src=\"https:\/\/novaludics.com\/wp-content\/uploads\/2025\/04\/juegos-de-mesa-rol-1024x724.jpg\" class=\"attachment-large size-large wp-image-1379\" alt=\"\" srcset=\"https:\/\/novaludics.com\/wp-content\/uploads\/2025\/04\/juegos-de-mesa-rol-1024x724.jpg 1024w, https:\/\/novaludics.com\/wp-content\/uploads\/2025\/04\/juegos-de-mesa-rol-300x212.jpg 300w, https:\/\/novaludics.com\/wp-content\/uploads\/2025\/04\/juegos-de-mesa-rol-768x543.jpg 768w, https:\/\/novaludics.com\/wp-content\/uploads\/2025\/04\/juegos-de-mesa-rol-1536x1086.jpg 1536w, https:\/\/novaludics.com\/wp-content\/uploads\/2025\/04\/juegos-de-mesa-rol-18x12.jpg 18w, https:\/\/novaludics.com\/wp-content\/uploads\/2025\/04\/juegos-de-mesa-rol-600x424.jpg 600w, https:\/\/novaludics.com\/wp-content\/uploads\/2025\/04\/juegos-de-mesa-rol.jpg 2000w\" sizes=\"(max-width: 800px) 100vw, 800px\" \/>\t\t\t\t\t\t\t\t\t\t\t\t\t\t\t<\/div>\n\t\t\t\t<\/div>\n\t\t\t\t<\/div>\n\t\t<div class=\"elementor-element elementor-element-21c19d7 e-con-full e-flex e-con e-child\" data-id=\"21c19d7\" data-element_type=\"container\">\n\t\t\t\t<div class=\"elementor-element elementor-element-12ec61d elementor-widget elementor-widget-text-editor\" data-id=\"12ec61d\" data-element_type=\"widget\" data-widget_type=\"text-editor.default\">\n\t\t\t\t<div class=\"elementor-widget-container\">\n\t\t\t\t\t\t\t\t\t<h3 data-start=\"2213\" data-end=\"2304\">Board games in Madrid with a unique touch: customization and exclusive accessories<\/h3><p data-start=\"2306\" data-end=\"2657\">What distinguishes Novaludics from the rest of the stores <strong data-start=\"2360\" data-end=\"2388\">board games in Madrid<\/strong> is our commitment to personalization and the complete player experience. We don&#039;t just offer games, but also <strong data-start=\"2512\" data-end=\"2556\">personalized accessories and add-ons<\/strong>: organizer inserts, special tokens, unique dice, miniatures, themed mats, and much more.<\/p><p data-start=\"2659\" data-end=\"2974\">Thanks to our 3D design and printing capabilities, laser cutting, and custom engraving, we transform any game into a unique experience. Whether you&#039;re a casual gamer or have a demanding collection, our products will help you care for, protect, and give your favorite games their unique identity.<\/p><p data-start=\"2976\" data-end=\"3172\">Additionally, we collaborate with publishers, independent creators, and industry events to promote gaming development in Madrid and offer innovative offerings to our customer community.<\/p>\t\t\t\t\t\t\t\t<\/div>\n\t\t\t\t<\/div>\n\t\t\t\t<\/div>\n\t\t\t\t\t<\/div>\n\t\t\t\t<\/div>\n\t\t<div class=\"elementor-element elementor-element-52194ba e-flex e-con-boxed e-con e-parent\" data-id=\"52194ba\" data-element_type=\"container\">\n\t\t\t\t\t<div class=\"e-con-inner\">\n\t\t\t\t<div class=\"elementor-element elementor-element-e79c4d4 elementor-widget elementor-widget-heading\" data-id=\"e79c4d4\" data-element_type=\"widget\" data-widget_type=\"heading.default\">\n\t\t\t\t<div class=\"elementor-widget-container\">\n\t\t\t\t\t<h2 class=\"elementor-heading-title elementor-size-default\"><h2 data-start=\"3179\" data-end=\"3249\"><strong data-start=\"3182\" data-end=\"3249\">Why choose Novaludics for your board games in Madrid?<\/strong><\/h2><\/h2>\t\t\t\t<\/div>\n\t\t\t\t<\/div>\n\t\t\t\t\t<\/div>\n\t\t\t\t<\/div>\n\t\t<div class=\"elementor-element elementor-element-411304d e-flex e-con-boxed e-con e-parent\" data-id=\"411304d\" data-element_type=\"container\">\n\t\t\t\t\t<div class=\"e-con-inner\">\n\t\t\t\t<div class=\"elementor-element elementor-element-0c66d15 elementor-widget elementor-widget-text-editor\" data-id=\"0c66d15\" data-element_type=\"widget\" data-widget_type=\"text-editor.default\">\n\t\t\t\t<div class=\"elementor-widget-container\">\n\t\t\t\t\t\t\t\t\t<p data-start=\"3251\" data-end=\"3480\">At Novaludics, we don&#039;t just sell games. We offer a comprehensive service for those who value attention to detail, personalized advice, and a thoughtful shopping experience. Here are some reasons to trust us:<\/p><ul data-start=\"3482\" data-end=\"3999\"><li data-start=\"3482\" data-end=\"3604\"><p data-start=\"3484\" data-end=\"3604\"><strong data-start=\"3484\" data-end=\"3510\">Specialized catalog<\/strong>We work with the best titles on the market and focus on quality in every selection.<\/p><\/li><li data-start=\"3605\" data-end=\"3734\"><p data-start=\"3607\" data-end=\"3734\"><strong data-start=\"3607\" data-end=\"3633\">Personalized attention<\/strong>: We help you find the perfect game for your tastes, experience level, or group of players.<\/p><\/li><li data-start=\"3735\" data-end=\"3850\"><p data-start=\"3737\" data-end=\"3850\"><strong data-start=\"3737\" data-end=\"3764\">Exclusive accessories<\/strong>: We have a full line of accessories to enhance your gaming experience.<\/p><\/li><li data-start=\"3851\" data-end=\"3999\"><p data-start=\"3853\" data-end=\"3999\"><strong data-start=\"3853\" data-end=\"3877\">Passion for play<\/strong>We are an active part of the community, organizing and participating in events, and promoting responsible and creative play.<\/p><\/li><\/ul><p data-start=\"4001\" data-end=\"4295\">If you are looking for the best <strong data-start=\"4031\" data-end=\"4059\">board games in Madrid<\/strong>, with a different, professional and passionate approach, <strong data-start=\"4112\" data-end=\"4153\">Novaludics is your trusted space<\/strong>We invite you to discover our store, explore our offerings, and enjoy an experience that goes far beyond simple gaming.<\/p>\t\t\t\t\t\t\t\t<\/div>\n\t\t\t\t<\/div>\n\t\t\t\t\t<\/div>\n\t\t\t\t<\/div>\n\t\t<div class=\"elementor-element elementor-element-125bfec e-flex e-con-boxed e-con e-parent\" data-id=\"125bfec\" data-element_type=\"container\">\n\t\t\t\t\t<div class=\"e-con-inner\">\n\t\t\t\t<div class=\"elementor-element elementor-element-0c70a2e elementor-widget elementor-widget-heading\" data-id=\"0c70a2e\" data-element_type=\"widget\" data-widget_type=\"heading.default\">\n\t\t\t\t<div class=\"elementor-widget-container\">\n\t\t\t\t\t<h2 class=\"elementor-heading-title elementor-size-default\">Contact us <\/h2>\t\t\t\t<\/div>\n\t\t\t\t<\/div>\n\t\t\t\t\t<\/div>\n\t\t\t\t<\/div>\n\t\t<div class=\"elementor-element elementor-element-189720b e-flex e-con-boxed e-con e-parent\" data-id=\"189720b\" data-element_type=\"container\">\n\t\t\t\t\t<div class=\"e-con-inner\">\n\t\t\t\t<div class=\"elementor-element elementor-element-6cefdf5 elementor-widget elementor-widget-shortcode\" data-id=\"6cefdf5\" data-element_type=\"widget\" data-widget_type=\"shortcode.default\">\n\t\t\t\t<div class=\"elementor-widget-container\">\n\t\t\t\t\t\t\t<div class=\"elementor-shortcode\">\t\t<div data-elementor-type=\"section\" data-elementor-id=\"970\" class=\"elementor elementor-970\" data-elementor-post-type=\"elementor_library\">\n\t\t\t<div class=\"elementor-element elementor-element-09efcf6 e-flex e-con-boxed e-con e-parent\" data-id=\"09efcf6\" data-element_type=\"container\">\n\t\t\t\t\t<div class=\"e-con-inner\">\n\t\t\t\t<div class=\"elementor-element elementor-element-6fc3cfa elementor-button-align-stretch elementor-invisible elementor-widget elementor-widget-form\" data-id=\"6fc3cfa\" data-element_type=\"widget\" data-settings=\"{&quot;button_width&quot;:&quot;50&quot;,&quot;step_next_label&quot;:&quot;Next&quot;,&quot;step_previous_label&quot;:&quot;Previous&quot;,&quot;_animation&quot;:&quot;fadeIn&quot;,&quot;step_type&quot;:&quot;number_text&quot;,&quot;step_icon_shape&quot;:&quot;circle&quot;}\" data-widget_type=\"form.default\">\n\t\t\t\t<div class=\"elementor-widget-container\">\n\t\t\t\t\t\t\t<form class=\"elementor-form\" method=\"post\" name=\"New Form\" action=\"\">\n\t\t\t<input type=\"hidden\" name=\"post_id\" value=\"970\"\/>\n\t\t\t<input type=\"hidden\" name=\"form_id\" value=\"6fc3cfa\"\/>\n\t\t\t<input type=\"hidden\" name=\"referer_title\" value=\"FAQ - Novaludics\" \/>\n\n\t\t\t\t\t\t\t<input type=\"hidden\" name=\"queried_id\" value=\"583\"\/>\n\t\t\t\n\t\t\t<div class=\"elementor-form-fields-wrapper elementor-labels-\">\n\t\t\t\t\t\t\t\t<div class=\"elementor-field-type-text elementor-field-group elementor-column elementor-field-group-name elementor-col-100 elementor-field-required\">\n\t\t\t\t\t\t\t\t\t\t\t\t<label for=\"form-field-name\" class=\"elementor-field-label elementor-screen-only\">\n\t\t\t\t\t\t\t\tName *\t\t\t\t\t\t\t<\/label>\n\t\t\t\t\t\t\t\t\t\t\t\t\t\t<input size=\"1\" type=\"text\" name=\"form_fields[name]\" id=\"form-field-name\" class=\"elementor-field elementor-size-md  elementor-field-textual\" placeholder=\"Name *\" required=\"required\">\n\t\t\t\t\t\t\t\t\t\t\t<\/div>\n\t\t\t\t\t\t\t\t<div class=\"elementor-field-type-email elementor-field-group elementor-column elementor-field-group-email elementor-col-100 elementor-field-required\">\n\t\t\t\t\t\t\t\t\t\t\t\t<label for=\"form-field-email\" class=\"elementor-field-label elementor-screen-only\">\n\t\t\t\t\t\t\t\tEmail *\t\t\t\t\t\t\t<\/label>\n\t\t\t\t\t\t\t\t\t\t\t\t\t\t<input size=\"1\" type=\"email\" name=\"form_fields[email]\" id=\"form-field-email\" class=\"elementor-field elementor-size-md  elementor-field-textual\" placeholder=\"Email *\" required=\"required\">\n\t\t\t\t\t\t\t\t\t\t\t<\/div>\n\t\t\t\t\t\t\t\t<div class=\"elementor-field-type-text elementor-field-group elementor-column elementor-field-group-field_4e7a3a8 elementor-col-100 elementor-field-required\">\n\t\t\t\t\t\t\t\t\t\t\t\t<label for=\"form-field-field_4e7a3a8\" class=\"elementor-field-label elementor-screen-only\">\n\t\t\t\t\t\t\t\tPhone *\t\t\t\t\t\t\t<\/label>\n\t\t\t\t\t\t\t\t\t\t\t\t\t\t<input size=\"1\" type=\"text\" name=\"form_fields[field_4e7a3a8]\" id=\"form-field-field_4e7a3a8\" class=\"elementor-field elementor-size-md  elementor-field-textual\" placeholder=\"Phone *\" required=\"required\">\n\t\t\t\t\t\t\t\t\t\t\t<\/div>\n\t\t\t\t\t\t\t\t<div class=\"elementor-field-type-textarea elementor-field-group elementor-column elementor-field-group-message elementor-col-100 elementor-field-required\">\n\t\t\t\t\t\t\t\t\t\t\t\t<label for=\"form-field-message\" class=\"elementor-field-label elementor-screen-only\">\n\t\t\t\t\t\t\t\tMessage *\t\t\t\t\t\t\t<\/label>\n\t\t\t\t\t\t<textarea class=\"elementor-field-textual elementor-field  elementor-size-md\" name=\"form_fields[message]\" id=\"form-field-message\" rows=\"5\" placeholder=\"Message *\" required=\"required\"><\/textarea>\t\t\t\t<\/div>\n\t\t\t\t\t\t\t\t<div class=\"elementor-field-type-checkbox elementor-field-group elementor-column elementor-field-group-field_d3d7aef elementor-col-100\">\n\t\t\t\t\t<div class=\"elementor-field-subgroup\"><span class=\"elementor-field-option\"><input type=\"checkbox\" value=\"He le\u00eddo y acepto el &lt;a href=&quot;\/aviso-legal\/&quot;&gt;aviso legal&lt;\/a&gt; y la &lt;a href=&quot;\/politica-de-privacidad\/&quot;&gt;pol\u00edtica de privacidad&lt;\/a&gt;\" id=\"form-field-field_d3d7aef-0\" name=\"form_fields[field_d3d7aef]\"> <label for=\"form-field-field_d3d7aef-0\">I have read and accept the <a href=\"\/en\/aviso-legal\/\">legal notice<\/a> and the <a href=\"\/en\/politica-de-privacidad\/\">Privacy Policy<\/a><\/label><\/span><\/div>\t\t\t\t<\/div>\n\t\t\t\t\t\t\t\t<div class=\"elementor-field-type-recaptcha_v3 elementor-field-group elementor-column elementor-field-group-field_5289e2a elementor-col-100 recaptcha_v3-bottomleft\">\n\t\t\t\t\t<div class=\"elementor-field\" id=\"form-field-field_5289e2a\"><div class=\"elementor-g-recaptcha\" data-sitekey=\"6LdztPsqAAAAAF7oBPfzRCcYllq4MapV2EyMjcnc\" data-type=\"v3\" data-action=\"Form\" data-badge=\"bottomleft\" data-size=\"invisible\"><\/div><\/div>\t\t\t\t<\/div>\n\t\t\t\t\t\t\t\t<div class=\"elementor-field-group elementor-column elementor-field-type-submit elementor-col-50 e-form__buttons\">\n\t\t\t\t\t<button class=\"elementor-button elementor-size-md\" type=\"submit\">\n\t\t\t\t\t\t<span class=\"elementor-button-content-wrapper\">\n\t\t\t\t\t\t\t\t\t\t\t\t\t\t\t\t\t\t\t\t\t\t<span class=\"elementor-button-text\">Send<\/span>\n\t\t\t\t\t\t\t\t\t\t\t\t\t<\/span>\n\t\t\t\t\t<\/button>\n\t\t\t\t<\/div>\n\t\t\t<\/div>\n\t\t<input type=\"hidden\" name=\"trp-form-language\" value=\"en\"\/><\/form>\n\t\t\t\t\t\t<\/div>\n\t\t\t\t<\/div>\n\t\t\t\t\t<\/div>\n\t\t\t\t<\/div>\n\t\t\t\t<\/div>\n\t\t<\/div>\n\t\t\t\t\t\t<\/div>\n\t\t\t\t<\/div>\n\t\t\t\t\t<\/div>\n\t\t\t\t<\/div>\n\t\t\t\t<\/div>","protected":false},"excerpt":{"rendered":"<p>Juegos de mesa en Madrid Juegos de mesa en Madrid: vive la afici\u00f3n l\u00fadica con Novaludics Los juegos de mesa en Madrid est\u00e1n viviendo una aut\u00e9ntica revoluci\u00f3n. Cada vez m\u00e1s personas, familias y grupos de amigos buscan experiencias diferentes, enriquecedoras y divertidas que vayan m\u00e1s all\u00e1 de las pantallas. En este contexto, los juegos de [&hellip;]<\/p>","protected":false},"author":3,"featured_media":0,"parent":0,"menu_order":0,"comment_status":"closed","ping_status":"closed","template":"","meta":{"_glsr_average":0,"_glsr_ranking":0,"_glsr_reviews":0,"footnotes":""},"class_list":["post-1450","page","type-page","status-publish","hentry"],"yoast_head":"<!-- This site is optimized with the Yoast SEO plugin v24.6 - https:\/\/yoast.com\/wordpress\/plugins\/seo\/ -->\n<title>Juegos de mesa en Madrid - Novaludics<\/title>\n<meta name=\"robots\" content=\"index, follow, max-snippet:-1, max-image-preview:large, max-video-preview:-1\" \/>\n<link rel=\"canonical\" href=\"https:\/\/novaludics.com\/en\/juegos-de-mesa-en-madrid\/\" \/>\n<meta property=\"og:locale\" content=\"en_US\" \/>\n<meta property=\"og:type\" content=\"article\" \/>\n<meta property=\"og:title\" content=\"Juegos de mesa en Madrid - Novaludics\" \/>\n<meta property=\"og:description\" content=\"Juegos de mesa en Madrid Juegos de mesa en Madrid: vive la afici\u00f3n l\u00fadica con Novaludics Los juegos de mesa en Madrid est\u00e1n viviendo una aut\u00e9ntica revoluci\u00f3n. Cada vez m\u00e1s personas, familias y grupos de amigos buscan experiencias diferentes, enriquecedoras y divertidas que vayan m\u00e1s all\u00e1 de las pantallas. En este contexto, los juegos de [&hellip;]\" \/>\n<meta property=\"og:url\" content=\"https:\/\/novaludics.com\/en\/juegos-de-mesa-en-madrid\/\" \/>\n<meta property=\"og:site_name\" content=\"Novaludics\" \/>\n<meta property=\"article:modified_time\" content=\"2025-06-02T07:27:53+00:00\" \/>\n<meta property=\"og:image\" content=\"https:\/\/novaludics.com\/wp-content\/uploads\/2025\/03\/mesa-juego-espana.jpg\" \/>\n\t<meta property=\"og:image:width\" content=\"2000\" \/>\n\t<meta property=\"og:image:height\" content=\"1414\" \/>\n\t<meta property=\"og:image:type\" content=\"image\/jpeg\" \/>\n<meta name=\"twitter:card\" content=\"summary_large_image\" \/>\n<meta name=\"twitter:label1\" content=\"Est. reading time\" \/>\n\t<meta name=\"twitter:data1\" content=\"3 minutes\" \/>\n<script type=\"application\/ld+json\" class=\"yoast-schema-graph\">{\"@context\":\"https:\/\/schema.org\",\"@graph\":[{\"@type\":\"WebPage\",\"@id\":\"https:\/\/novaludics.com\/juegos-de-mesa-en-madrid\/\",\"url\":\"https:\/\/novaludics.com\/juegos-de-mesa-en-madrid\/\",\"name\":\"Juegos de mesa en Madrid - Novaludics\",\"isPartOf\":{\"@id\":\"https:\/\/novaludics.com\/#website\"},\"primaryImageOfPage\":{\"@id\":\"https:\/\/novaludics.com\/juegos-de-mesa-en-madrid\/#primaryimage\"},\"image\":{\"@id\":\"https:\/\/novaludics.com\/juegos-de-mesa-en-madrid\/#primaryimage\"},\"thumbnailUrl\":\"https:\/\/novaludics.com\/wp-content\/uploads\/2025\/03\/mesa-juego-espana-1024x724.jpg\",\"datePublished\":\"2025-05-28T07:19:13+00:00\",\"dateModified\":\"2025-06-02T07:27:53+00:00\",\"breadcrumb\":{\"@id\":\"https:\/\/novaludics.com\/juegos-de-mesa-en-madrid\/#breadcrumb\"},\"inLanguage\":\"en-US\",\"potentialAction\":[{\"@type\":\"ReadAction\",\"target\":[\"https:\/\/novaludics.com\/juegos-de-mesa-en-madrid\/\"]}]},{\"@type\":\"ImageObject\",\"inLanguage\":\"en-US\",\"@id\":\"https:\/\/novaludics.com\/juegos-de-mesa-en-madrid\/#primaryimage\",\"url\":\"https:\/\/novaludics.com\/wp-content\/uploads\/2025\/03\/mesa-juego-espana-1024x724.jpg\",\"contentUrl\":\"https:\/\/novaludics.com\/wp-content\/uploads\/2025\/03\/mesa-juego-espana-1024x724.jpg\"},{\"@type\":\"BreadcrumbList\",\"@id\":\"https:\/\/novaludics.com\/juegos-de-mesa-en-madrid\/#breadcrumb\",\"itemListElement\":[{\"@type\":\"ListItem\",\"position\":1,\"name\":\"Portada\",\"item\":\"https:\/\/novaludics.com\/\"},{\"@type\":\"ListItem\",\"position\":2,\"name\":\"Juegos de mesa en Madrid\"}]},{\"@type\":\"WebSite\",\"@id\":\"https:\/\/novaludics.com\/#website\",\"url\":\"https:\/\/novaludics.com\/\",\"name\":\"Novaludics\",\"description\":\"Tu tienda de juegos de mesa, miniaturas y complementos personalizados\",\"publisher\":{\"@id\":\"https:\/\/novaludics.com\/#organization\"},\"potentialAction\":[{\"@type\":\"SearchAction\",\"target\":{\"@type\":\"EntryPoint\",\"urlTemplate\":\"https:\/\/novaludics.com\/?s={search_term_string}\"},\"query-input\":{\"@type\":\"PropertyValueSpecification\",\"valueRequired\":true,\"valueName\":\"search_term_string\"}}],\"inLanguage\":\"en-US\"},{\"@type\":\"Organization\",\"@id\":\"https:\/\/novaludics.com\/#organization\",\"name\":\"Novaludics\",\"url\":\"https:\/\/novaludics.com\/\",\"logo\":{\"@type\":\"ImageObject\",\"inLanguage\":\"en-US\",\"@id\":\"https:\/\/novaludics.com\/#\/schema\/logo\/image\/\",\"url\":\"https:\/\/novaludics.com\/wp-content\/uploads\/2025\/02\/LOGO.png\",\"contentUrl\":\"https:\/\/novaludics.com\/wp-content\/uploads\/2025\/02\/LOGO.png\",\"width\":800,\"height\":218,\"caption\":\"Novaludics\"},\"image\":{\"@id\":\"https:\/\/novaludics.com\/#\/schema\/logo\/image\/\"}}]}<\/script>\n<!-- \/ Yoast SEO plugin. -->","yoast_head_json":{"title":"Juegos de mesa en Madrid - Novaludics","robots":{"index":"index","follow":"follow","max-snippet":"max-snippet:-1","max-image-preview":"max-image-preview:large","max-video-preview":"max-video-preview:-1"},"canonical":"https:\/\/novaludics.com\/en\/juegos-de-mesa-en-madrid\/","og_locale":"en_US","og_type":"article","og_title":"Juegos de mesa en Madrid - Novaludics","og_description":"Juegos de mesa en Madrid Juegos de mesa en Madrid: vive la afici\u00f3n l\u00fadica con Novaludics Los juegos de mesa en Madrid est\u00e1n viviendo una aut\u00e9ntica revoluci\u00f3n. Cada vez m\u00e1s personas, familias y grupos de amigos buscan experiencias diferentes, enriquecedoras y divertidas que vayan m\u00e1s all\u00e1 de las pantallas. En este contexto, los juegos de [&hellip;]","og_url":"https:\/\/novaludics.com\/en\/juegos-de-mesa-en-madrid\/","og_site_name":"Novaludics","article_modified_time":"2025-06-02T07:27:53+00:00","og_image":[{"width":2000,"height":1414,"url":"https:\/\/novaludics.com\/wp-content\/uploads\/2025\/03\/mesa-juego-espana.jpg","type":"image\/jpeg"}],"twitter_card":"summary_large_image","twitter_misc":{"Est. reading time":"3 minutes"},"schema":{"@context":"https:\/\/schema.org","@graph":[{"@type":"WebPage","@id":"https:\/\/novaludics.com\/juegos-de-mesa-en-madrid\/","url":"https:\/\/novaludics.com\/juegos-de-mesa-en-madrid\/","name":"Juegos de mesa en Madrid - Novaludics","isPartOf":{"@id":"https:\/\/novaludics.com\/#website"},"primaryImageOfPage":{"@id":"https:\/\/novaludics.com\/juegos-de-mesa-en-madrid\/#primaryimage"},"image":{"@id":"https:\/\/novaludics.com\/juegos-de-mesa-en-madrid\/#primaryimage"},"thumbnailUrl":"https:\/\/novaludics.com\/wp-content\/uploads\/2025\/03\/mesa-juego-espana-1024x724.jpg","datePublished":"2025-05-28T07:19:13+00:00","dateModified":"2025-06-02T07:27:53+00:00","breadcrumb":{"@id":"https:\/\/novaludics.com\/juegos-de-mesa-en-madrid\/#breadcrumb"},"inLanguage":"en-US","potentialAction":[{"@type":"ReadAction","target":["https:\/\/novaludics.com\/juegos-de-mesa-en-madrid\/"]}]},{"@type":"ImageObject","inLanguage":"en-US","@id":"https:\/\/novaludics.com\/juegos-de-mesa-en-madrid\/#primaryimage","url":"https:\/\/novaludics.com\/wp-content\/uploads\/2025\/03\/mesa-juego-espana-1024x724.jpg","contentUrl":"https:\/\/novaludics.com\/wp-content\/uploads\/2025\/03\/mesa-juego-espana-1024x724.jpg"},{"@type":"BreadcrumbList","@id":"https:\/\/novaludics.com\/juegos-de-mesa-en-madrid\/#breadcrumb","itemListElement":[{"@type":"ListItem","position":1,"name":"Portada","item":"https:\/\/novaludics.com\/"},{"@type":"ListItem","position":2,"name":"Juegos de mesa en Madrid"}]},{"@type":"WebSite","@id":"https:\/\/novaludics.com\/#website","url":"https:\/\/novaludics.com\/","name":"Novaludics","description":"Tu tienda de juegos de mesa, miniaturas y complementos personalizados","publisher":{"@id":"https:\/\/novaludics.com\/#organization"},"potentialAction":[{"@type":"SearchAction","target":{"@type":"EntryPoint","urlTemplate":"https:\/\/novaludics.com\/?s={search_term_string}"},"query-input":{"@type":"PropertyValueSpecification","valueRequired":true,"valueName":"search_term_string"}}],"inLanguage":"en-US"},{"@type":"Organization","@id":"https:\/\/novaludics.com\/#organization","name":"Novaludics","url":"https:\/\/novaludics.com\/","logo":{"@type":"ImageObject","inLanguage":"en-US","@id":"https:\/\/novaludics.com\/#\/schema\/logo\/image\/","url":"https:\/\/novaludics.com\/wp-content\/uploads\/2025\/02\/LOGO.png","contentUrl":"https:\/\/novaludics.com\/wp-content\/uploads\/2025\/02\/LOGO.png","width":800,"height":218,"caption":"Novaludics"},"image":{"@id":"https:\/\/novaludics.com\/#\/schema\/logo\/image\/"}}]}},"_links":{"self":[{"href":"https:\/\/novaludics.com\/en\/wp-json\/wp\/v2\/pages\/1450","targetHints":{"allow":["GET"]}}],"collection":[{"href":"https:\/\/novaludics.com\/en\/wp-json\/wp\/v2\/pages"}],"about":[{"href":"https:\/\/novaludics.com\/en\/wp-json\/wp\/v2\/types\/page"}],"author":[{"embeddable":true,"href":"https:\/\/novaludics.com\/en\/wp-json\/wp\/v2\/users\/3"}],"replies":[{"embeddable":true,"href":"https:\/\/novaludics.com\/en\/wp-json\/wp\/v2\/comments?post=1450"}],"version-history":[{"count":7,"href":"https:\/\/novaludics.com\/en\/wp-json\/wp\/v2\/pages\/1450\/revisions"}],"predecessor-version":[{"id":1458,"href":"https:\/\/novaludics.com\/en\/wp-json\/wp\/v2\/pages\/1450\/revisions\/1458"}],"wp:attachment":[{"href":"https:\/\/novaludics.com\/en\/wp-json\/wp\/v2\/media?parent=1450"}],"curies":[{"name":"wp","href":"https:\/\/api.w.org\/{rel}","templated":true}]}}