{"id":1413,"date":"2025-04-30T08:09:26","date_gmt":"2025-04-30T06:09:26","guid":{"rendered":"https:\/\/novaludics.com\/?page_id=1413"},"modified":"2025-04-30T08:12:53","modified_gmt":"2025-04-30T06:12:53","slug":"venta-de-miniaturas","status":"publish","type":"page","link":"https:\/\/novaludics.com\/en\/venta-de-miniaturas\/","title":{"rendered":"Sale of miniatures"},"content":{"rendered":"<div data-elementor-type=\"wp-page\" data-elementor-id=\"1413\" class=\"elementor elementor-1413\" data-elementor-post-type=\"page\">\n\t\t\t\t<div class=\"elementor-element elementor-element-5a8a53d e-flex e-con-boxed e-con e-parent\" data-id=\"5a8a53d\" data-element_type=\"container\">\n\t\t\t\t\t<div class=\"e-con-inner\">\n\t\t\t\t<div class=\"elementor-element elementor-element-366e811 elementor-widget elementor-widget-heading\" data-id=\"366e811\" data-element_type=\"widget\" data-widget_type=\"heading.default\">\n\t\t\t\t<div class=\"elementor-widget-container\">\n\t\t\t\t\t<h2 class=\"elementor-heading-title elementor-size-default\">Sale of miniatures <\/h2>\t\t\t\t<\/div>\n\t\t\t\t<\/div>\n\t\t\t\t\t<\/div>\n\t\t\t\t<\/div>\n\t\t<div class=\"elementor-element elementor-element-7597cdc e-flex e-con-boxed e-con e-parent\" data-id=\"7597cdc\" data-element_type=\"container\">\n\t\t\t\t\t<div class=\"e-con-inner\">\n\t\t\t\t<div class=\"elementor-element elementor-element-d1db790 elementor-widget elementor-widget-heading\" data-id=\"d1db790\" data-element_type=\"widget\" data-widget_type=\"heading.default\">\n\t\t\t\t<div class=\"elementor-widget-container\">\n\t\t\t\t\t<h2 class=\"elementor-heading-title elementor-size-default\">Miniatures for sale: Immerse yourself in fantasy worlds with Novaludics\n<\/h2>\t\t\t\t<\/div>\n\t\t\t\t<\/div>\n\t\t\t\t\t<\/div>\n\t\t\t\t<\/div>\n\t\t<div class=\"elementor-element elementor-element-fe21a59 e-flex e-con-boxed e-con e-parent\" data-id=\"fe21a59\" data-element_type=\"container\">\n\t\t\t\t\t<div class=\"e-con-inner\">\n\t\t<div class=\"elementor-element elementor-element-400e2ad e-con-full e-flex e-con e-child\" data-id=\"400e2ad\" data-element_type=\"container\">\n\t\t\t\t<div class=\"elementor-element elementor-element-9345276 elementor-widget elementor-widget-text-editor\" data-id=\"9345276\" data-element_type=\"widget\" data-widget_type=\"text-editor.default\">\n\t\t\t\t<div class=\"elementor-widget-container\">\n\t\t\t\t\t\t\t\t\t<h3 data-start=\"1169\" data-end=\"1253\"><strong data-start=\"1172\" data-end=\"1253\">Miniatures for sale: variety, detail, and customization for every hobbyist<\/strong><\/h3><p class=\"\" data-start=\"1255\" data-end=\"1556\">The <strong data-start=\"1258\" data-end=\"1281\">sale of miniatures<\/strong> It encompasses much more than just figures. We&#039;re talking about key elements for storytelling, character representation, strategy planning, and world-building. At Novaludics, we understand that each miniature is an extension of your creativity and your passion for gaming.<\/p><p class=\"\" data-start=\"1558\" data-end=\"1862\">We offer a carefully curated catalog of miniatures in fantasy, science fiction, historical, steampunk, cyberpunk, and many more styles. Whether you play Dungeons &amp; Dragons, Warhammer, Pathfinder, or other systems, you&#039;ll find figures to suit all needs and play styles.<\/p><p class=\"\" data-start=\"1864\" data-end=\"2170\">Additionally, we work with top-tier manufacturers and independent artists that allow us to offer unique customization options, with details not found in any big box store. <strong data-start=\"2067\" data-end=\"2090\">sale of miniatures<\/strong> At Novaludics it is synonymous with quality, exclusivity and commitment to the player.<\/p>\t\t\t\t\t\t\t\t<\/div>\n\t\t\t\t<\/div>\n\t\t\t\t<\/div>\n\t\t<div class=\"elementor-element elementor-element-0f789d6 e-con-full e-flex e-con e-child\" data-id=\"0f789d6\" data-element_type=\"container\">\n\t\t\t\t<div class=\"elementor-element elementor-element-b0f3a1f elementor-widget elementor-widget-image\" data-id=\"b0f3a1f\" data-element_type=\"widget\" data-widget_type=\"image.default\">\n\t\t\t\t<div class=\"elementor-widget-container\">\n\t\t\t\t\t\t\t\t\t\t\t\t\t\t\t<img fetchpriority=\"high\" decoding=\"async\" width=\"2000\" height=\"1414\" src=\"https:\/\/novaludics.com\/wp-content\/uploads\/2025\/04\/juegos-de-mesa-rol.jpg\" class=\"attachment-full size-full wp-image-1379\" alt=\"\" srcset=\"https:\/\/novaludics.com\/wp-content\/uploads\/2025\/04\/juegos-de-mesa-rol.jpg 2000w, https:\/\/novaludics.com\/wp-content\/uploads\/2025\/04\/juegos-de-mesa-rol-300x212.jpg 300w, https:\/\/novaludics.com\/wp-content\/uploads\/2025\/04\/juegos-de-mesa-rol-1024x724.jpg 1024w, https:\/\/novaludics.com\/wp-content\/uploads\/2025\/04\/juegos-de-mesa-rol-768x543.jpg 768w, https:\/\/novaludics.com\/wp-content\/uploads\/2025\/04\/juegos-de-mesa-rol-1536x1086.jpg 1536w, https:\/\/novaludics.com\/wp-content\/uploads\/2025\/04\/juegos-de-mesa-rol-18x12.jpg 18w, https:\/\/novaludics.com\/wp-content\/uploads\/2025\/04\/juegos-de-mesa-rol-600x424.jpg 600w\" sizes=\"(max-width: 2000px) 100vw, 2000px\" \/>\t\t\t\t\t\t\t\t\t\t\t\t\t\t\t<\/div>\n\t\t\t\t<\/div>\n\t\t\t\t<\/div>\n\t\t\t\t\t<\/div>\n\t\t\t\t<\/div>\n\t\t<div class=\"elementor-element elementor-element-1ffb487 e-flex e-con-boxed e-con e-parent\" data-id=\"1ffb487\" data-element_type=\"container\">\n\t\t\t\t\t<div class=\"e-con-inner\">\n\t\t<div class=\"elementor-element elementor-element-af03a84 e-con-full e-flex e-con e-child\" data-id=\"af03a84\" data-element_type=\"container\">\n\t\t\t\t<div class=\"elementor-element elementor-element-8642ceb elementor-widget elementor-widget-image\" data-id=\"8642ceb\" data-element_type=\"widget\" data-widget_type=\"image.default\">\n\t\t\t\t<div class=\"elementor-widget-container\">\n\t\t\t\t\t\t\t\t\t\t\t\t\t\t\t<img decoding=\"async\" width=\"2000\" height=\"1414\" src=\"https:\/\/novaludics.com\/wp-content\/uploads\/2025\/04\/miniaturas-personalizadas.jpg\" class=\"attachment-full size-full wp-image-1381\" alt=\"\" srcset=\"https:\/\/novaludics.com\/wp-content\/uploads\/2025\/04\/miniaturas-personalizadas.jpg 2000w, https:\/\/novaludics.com\/wp-content\/uploads\/2025\/04\/miniaturas-personalizadas-300x212.jpg 300w, https:\/\/novaludics.com\/wp-content\/uploads\/2025\/04\/miniaturas-personalizadas-1024x724.jpg 1024w, https:\/\/novaludics.com\/wp-content\/uploads\/2025\/04\/miniaturas-personalizadas-768x543.jpg 768w, https:\/\/novaludics.com\/wp-content\/uploads\/2025\/04\/miniaturas-personalizadas-1536x1086.jpg 1536w, https:\/\/novaludics.com\/wp-content\/uploads\/2025\/04\/miniaturas-personalizadas-18x12.jpg 18w, https:\/\/novaludics.com\/wp-content\/uploads\/2025\/04\/miniaturas-personalizadas-600x424.jpg 600w\" sizes=\"(max-width: 2000px) 100vw, 2000px\" \/>\t\t\t\t\t\t\t\t\t\t\t\t\t\t\t<\/div>\n\t\t\t\t<\/div>\n\t\t\t\t<\/div>\n\t\t<div class=\"elementor-element elementor-element-5f3794f e-con-full e-flex e-con e-child\" data-id=\"5f3794f\" data-element_type=\"container\">\n\t\t\t\t<div class=\"elementor-element elementor-element-713ce2b elementor-widget elementor-widget-text-editor\" data-id=\"713ce2b\" data-element_type=\"widget\" data-widget_type=\"text-editor.default\">\n\t\t\t\t<div class=\"elementor-widget-container\">\n\t\t\t\t\t\t\t\t\t<h3 data-start=\"3218\" data-end=\"3292\"><strong data-start=\"3221\" data-end=\"3292\">Selling miniatures: a gateway to creativity and collecting<\/strong><\/h3><p class=\"\" data-start=\"3294\" data-end=\"3649\">The <strong data-start=\"3297\" data-end=\"3320\">sale of miniatures<\/strong> It also represents an opportunity to develop other facets of the hobby: painting, modeling, set design, and visual storytelling. Many of our customers not only use them on the table, but also turn them into display pieces, unique gifts, or even the centerpiece of personal art projects.<\/p><p class=\"\" data-start=\"3651\" data-end=\"3982\">That&#039;s why at Novaludics we also offer painting accessories, bases, tools, and tips to get the most out of your miniatures. If you&#039;re just starting out, we&#039;ll guide you through a gradual start. And if you&#039;re already an expert, we offer advanced products to take your skills to the next level.<\/p><p class=\"\" data-start=\"3984\" data-end=\"4075\">Every figure can be a work of art. And we&#039;re here to help you make it that way.<\/p><p class=\"\" data-start=\"4162\" data-end=\"4497\">If you are looking for a specialized store, with a real passion for the world of play, professional attention and an offer that combines the best of the market with original proposals, Novaludics is your best option in<strong data-start=\"4329\" data-end=\"4385\"> sale of miniatures<\/strong>. Here you don&#039;t just buy figures: you develop stories, improve your games, and enjoy your hobby to the fullest.<\/p><p class=\"\" data-start=\"4499\" data-end=\"4559\">Trust those who understand your passion. Trust Novaludics.<\/p>\t\t\t\t\t\t\t\t<\/div>\n\t\t\t\t<\/div>\n\t\t\t\t<\/div>\n\t\t\t\t\t<\/div>\n\t\t\t\t<\/div>\n\t\t\t\t<\/div>","protected":false},"excerpt":{"rendered":"<p>Venta de miniaturas Venta de miniaturas: sum\u00e9rgete en mundos de fantas\u00eda con Novaludics Venta de miniaturas: variedad, detalle y personalizaci\u00f3n para cada aficionado La venta de miniaturas abarca mucho m\u00e1s que simples figuras. Estamos hablando de elementos clave para narrar historias, representar personajes, planificar estrategias y construir mundos. En Novaludics, comprendemos que cada miniatura es [&hellip;]<\/p>","protected":false},"author":3,"featured_media":0,"parent":0,"menu_order":0,"comment_status":"closed","ping_status":"closed","template":"","meta":{"_glsr_average":0,"_glsr_ranking":0,"_glsr_reviews":0,"footnotes":""},"class_list":["post-1413","page","type-page","status-publish","hentry"],"yoast_head":"<!-- This site is optimized with the Yoast SEO plugin v24.6 - https:\/\/yoast.com\/wordpress\/plugins\/seo\/ -->\n<title>Venta de miniaturas - Novaludics<\/title>\n<meta name=\"robots\" content=\"index, follow, max-snippet:-1, max-image-preview:large, max-video-preview:-1\" \/>\n<link rel=\"canonical\" href=\"https:\/\/novaludics.com\/en\/venta-de-miniaturas\/\" \/>\n<meta property=\"og:locale\" content=\"en_US\" \/>\n<meta property=\"og:type\" content=\"article\" \/>\n<meta property=\"og:title\" content=\"Venta de miniaturas - Novaludics\" \/>\n<meta property=\"og:description\" content=\"Venta de miniaturas Venta de miniaturas: sum\u00e9rgete en mundos de fantas\u00eda con Novaludics Venta de miniaturas: variedad, detalle y personalizaci\u00f3n para cada aficionado La venta de miniaturas abarca mucho m\u00e1s que simples figuras. Estamos hablando de elementos clave para narrar historias, representar personajes, planificar estrategias y construir mundos. En Novaludics, comprendemos que cada miniatura es [&hellip;]\" \/>\n<meta property=\"og:url\" content=\"https:\/\/novaludics.com\/en\/venta-de-miniaturas\/\" \/>\n<meta property=\"og:site_name\" content=\"Novaludics\" \/>\n<meta property=\"article:modified_time\" content=\"2025-04-30T06:12:53+00:00\" \/>\n<meta property=\"og:image\" content=\"https:\/\/novaludics.com\/wp-content\/uploads\/2025\/04\/juegos-de-mesa-rol.jpg\" \/>\n\t<meta property=\"og:image:width\" content=\"2000\" \/>\n\t<meta property=\"og:image:height\" content=\"1414\" \/>\n\t<meta property=\"og:image:type\" content=\"image\/jpeg\" \/>\n<meta name=\"twitter:card\" content=\"summary_large_image\" \/>\n<meta name=\"twitter:label1\" content=\"Est. reading time\" \/>\n\t<meta name=\"twitter:data1\" content=\"3 minutes\" \/>\n<script type=\"application\/ld+json\" class=\"yoast-schema-graph\">{\"@context\":\"https:\/\/schema.org\",\"@graph\":[{\"@type\":\"WebPage\",\"@id\":\"https:\/\/novaludics.com\/venta-de-miniaturas\/\",\"url\":\"https:\/\/novaludics.com\/venta-de-miniaturas\/\",\"name\":\"Venta de miniaturas - Novaludics\",\"isPartOf\":{\"@id\":\"https:\/\/novaludics.com\/#website\"},\"primaryImageOfPage\":{\"@id\":\"https:\/\/novaludics.com\/venta-de-miniaturas\/#primaryimage\"},\"image\":{\"@id\":\"https:\/\/novaludics.com\/venta-de-miniaturas\/#primaryimage\"},\"thumbnailUrl\":\"https:\/\/novaludics.com\/wp-content\/uploads\/2025\/04\/juegos-de-mesa-rol.jpg\",\"datePublished\":\"2025-04-30T06:09:26+00:00\",\"dateModified\":\"2025-04-30T06:12:53+00:00\",\"breadcrumb\":{\"@id\":\"https:\/\/novaludics.com\/venta-de-miniaturas\/#breadcrumb\"},\"inLanguage\":\"en-US\",\"potentialAction\":[{\"@type\":\"ReadAction\",\"target\":[\"https:\/\/novaludics.com\/venta-de-miniaturas\/\"]}]},{\"@type\":\"ImageObject\",\"inLanguage\":\"en-US\",\"@id\":\"https:\/\/novaludics.com\/venta-de-miniaturas\/#primaryimage\",\"url\":\"https:\/\/novaludics.com\/wp-content\/uploads\/2025\/04\/juegos-de-mesa-rol.jpg\",\"contentUrl\":\"https:\/\/novaludics.com\/wp-content\/uploads\/2025\/04\/juegos-de-mesa-rol.jpg\"},{\"@type\":\"BreadcrumbList\",\"@id\":\"https:\/\/novaludics.com\/venta-de-miniaturas\/#breadcrumb\",\"itemListElement\":[{\"@type\":\"ListItem\",\"position\":1,\"name\":\"Portada\",\"item\":\"https:\/\/novaludics.com\/\"},{\"@type\":\"ListItem\",\"position\":2,\"name\":\"Venta de miniaturas\"}]},{\"@type\":\"WebSite\",\"@id\":\"https:\/\/novaludics.com\/#website\",\"url\":\"https:\/\/novaludics.com\/\",\"name\":\"Novaludics\",\"description\":\"Tu tienda de juegos de mesa, miniaturas y complementos personalizados\",\"publisher\":{\"@id\":\"https:\/\/novaludics.com\/#organization\"},\"potentialAction\":[{\"@type\":\"SearchAction\",\"target\":{\"@type\":\"EntryPoint\",\"urlTemplate\":\"https:\/\/novaludics.com\/?s={search_term_string}\"},\"query-input\":{\"@type\":\"PropertyValueSpecification\",\"valueRequired\":true,\"valueName\":\"search_term_string\"}}],\"inLanguage\":\"en-US\"},{\"@type\":\"Organization\",\"@id\":\"https:\/\/novaludics.com\/#organization\",\"name\":\"Novaludics\",\"url\":\"https:\/\/novaludics.com\/\",\"logo\":{\"@type\":\"ImageObject\",\"inLanguage\":\"en-US\",\"@id\":\"https:\/\/novaludics.com\/#\/schema\/logo\/image\/\",\"url\":\"https:\/\/novaludics.com\/wp-content\/uploads\/2025\/02\/LOGO.png\",\"contentUrl\":\"https:\/\/novaludics.com\/wp-content\/uploads\/2025\/02\/LOGO.png\",\"width\":800,\"height\":218,\"caption\":\"Novaludics\"},\"image\":{\"@id\":\"https:\/\/novaludics.com\/#\/schema\/logo\/image\/\"}}]}<\/script>\n<!-- \/ Yoast SEO plugin. -->","yoast_head_json":{"title":"Venta de miniaturas - Novaludics","robots":{"index":"index","follow":"follow","max-snippet":"max-snippet:-1","max-image-preview":"max-image-preview:large","max-video-preview":"max-video-preview:-1"},"canonical":"https:\/\/novaludics.com\/en\/venta-de-miniaturas\/","og_locale":"en_US","og_type":"article","og_title":"Venta de miniaturas - Novaludics","og_description":"Venta de miniaturas Venta de miniaturas: sum\u00e9rgete en mundos de fantas\u00eda con Novaludics Venta de miniaturas: variedad, detalle y personalizaci\u00f3n para cada aficionado La venta de miniaturas abarca mucho m\u00e1s que simples figuras. Estamos hablando de elementos clave para narrar historias, representar personajes, planificar estrategias y construir mundos. En Novaludics, comprendemos que cada miniatura es [&hellip;]","og_url":"https:\/\/novaludics.com\/en\/venta-de-miniaturas\/","og_site_name":"Novaludics","article_modified_time":"2025-04-30T06:12:53+00:00","og_image":[{"width":2000,"height":1414,"url":"https:\/\/novaludics.com\/wp-content\/uploads\/2025\/04\/juegos-de-mesa-rol.jpg","type":"image\/jpeg"}],"twitter_card":"summary_large_image","twitter_misc":{"Est. reading time":"3 minutes"},"schema":{"@context":"https:\/\/schema.org","@graph":[{"@type":"WebPage","@id":"https:\/\/novaludics.com\/venta-de-miniaturas\/","url":"https:\/\/novaludics.com\/venta-de-miniaturas\/","name":"Venta de miniaturas - Novaludics","isPartOf":{"@id":"https:\/\/novaludics.com\/#website"},"primaryImageOfPage":{"@id":"https:\/\/novaludics.com\/venta-de-miniaturas\/#primaryimage"},"image":{"@id":"https:\/\/novaludics.com\/venta-de-miniaturas\/#primaryimage"},"thumbnailUrl":"https:\/\/novaludics.com\/wp-content\/uploads\/2025\/04\/juegos-de-mesa-rol.jpg","datePublished":"2025-04-30T06:09:26+00:00","dateModified":"2025-04-30T06:12:53+00:00","breadcrumb":{"@id":"https:\/\/novaludics.com\/venta-de-miniaturas\/#breadcrumb"},"inLanguage":"en-US","potentialAction":[{"@type":"ReadAction","target":["https:\/\/novaludics.com\/venta-de-miniaturas\/"]}]},{"@type":"ImageObject","inLanguage":"en-US","@id":"https:\/\/novaludics.com\/venta-de-miniaturas\/#primaryimage","url":"https:\/\/novaludics.com\/wp-content\/uploads\/2025\/04\/juegos-de-mesa-rol.jpg","contentUrl":"https:\/\/novaludics.com\/wp-content\/uploads\/2025\/04\/juegos-de-mesa-rol.jpg"},{"@type":"BreadcrumbList","@id":"https:\/\/novaludics.com\/venta-de-miniaturas\/#breadcrumb","itemListElement":[{"@type":"ListItem","position":1,"name":"Portada","item":"https:\/\/novaludics.com\/"},{"@type":"ListItem","position":2,"name":"Venta de miniaturas"}]},{"@type":"WebSite","@id":"https:\/\/novaludics.com\/#website","url":"https:\/\/novaludics.com\/","name":"Novaludics","description":"Tu tienda de juegos de mesa, miniaturas y complementos personalizados","publisher":{"@id":"https:\/\/novaludics.com\/#organization"},"potentialAction":[{"@type":"SearchAction","target":{"@type":"EntryPoint","urlTemplate":"https:\/\/novaludics.com\/?s={search_term_string}"},"query-input":{"@type":"PropertyValueSpecification","valueRequired":true,"valueName":"search_term_string"}}],"inLanguage":"en-US"},{"@type":"Organization","@id":"https:\/\/novaludics.com\/#organization","name":"Novaludics","url":"https:\/\/novaludics.com\/","logo":{"@type":"ImageObject","inLanguage":"en-US","@id":"https:\/\/novaludics.com\/#\/schema\/logo\/image\/","url":"https:\/\/novaludics.com\/wp-content\/uploads\/2025\/02\/LOGO.png","contentUrl":"https:\/\/novaludics.com\/wp-content\/uploads\/2025\/02\/LOGO.png","width":800,"height":218,"caption":"Novaludics"},"image":{"@id":"https:\/\/novaludics.com\/#\/schema\/logo\/image\/"}}]}},"_links":{"self":[{"href":"https:\/\/novaludics.com\/en\/wp-json\/wp\/v2\/pages\/1413","targetHints":{"allow":["GET"]}}],"collection":[{"href":"https:\/\/novaludics.com\/en\/wp-json\/wp\/v2\/pages"}],"about":[{"href":"https:\/\/novaludics.com\/en\/wp-json\/wp\/v2\/types\/page"}],"author":[{"embeddable":true,"href":"https:\/\/novaludics.com\/en\/wp-json\/wp\/v2\/users\/3"}],"replies":[{"embeddable":true,"href":"https:\/\/novaludics.com\/en\/wp-json\/wp\/v2\/comments?post=1413"}],"version-history":[{"count":7,"href":"https:\/\/novaludics.com\/en\/wp-json\/wp\/v2\/pages\/1413\/revisions"}],"predecessor-version":[{"id":1420,"href":"https:\/\/novaludics.com\/en\/wp-json\/wp\/v2\/pages\/1413\/revisions\/1420"}],"wp:attachment":[{"href":"https:\/\/novaludics.com\/en\/wp-json\/wp\/v2\/media?parent=1413"}],"curies":[{"name":"wp","href":"https:\/\/api.w.org\/{rel}","templated":true}]}}