{"id":1393,"date":"2025-04-29T22:14:55","date_gmt":"2025-04-29T20:14:55","guid":{"rendered":"https:\/\/novaludics.com\/?page_id=1393"},"modified":"2025-04-30T07:43:25","modified_gmt":"2025-04-30T05:43:25","slug":"jinsei","status":"publish","type":"page","link":"https:\/\/novaludics.com\/en\/jinsei\/","title":{"rendered":"Jinsei"},"content":{"rendered":"<div data-elementor-type=\"wp-page\" data-elementor-id=\"1393\" class=\"elementor elementor-1393\" data-elementor-post-type=\"page\">\n\t\t\t\t<div class=\"elementor-element elementor-element-8ef6867 e-flex e-con-boxed e-con e-parent\" data-id=\"8ef6867\" data-element_type=\"container\">\n\t\t\t\t\t<div class=\"e-con-inner\">\n\t\t\t\t<div class=\"elementor-element elementor-element-0bc2c7e elementor-widget elementor-widget-heading\" data-id=\"0bc2c7e\" data-element_type=\"widget\" data-widget_type=\"heading.default\">\n\t\t\t\t<div class=\"elementor-widget-container\">\n\t\t\t\t\t<h2 class=\"elementor-heading-title elementor-size-default\">Jinsei<\/h2>\t\t\t\t<\/div>\n\t\t\t\t<\/div>\n\t\t\t\t\t<\/div>\n\t\t\t\t<\/div>\n\t\t<div class=\"elementor-element elementor-element-71c40ad e-flex e-con-boxed e-con e-parent\" data-id=\"71c40ad\" data-element_type=\"container\">\n\t\t\t\t\t<div class=\"e-con-inner\">\n\t\t\t\t<div class=\"elementor-element elementor-element-42ff85f elementor-widget elementor-widget-heading\" data-id=\"42ff85f\" data-element_type=\"widget\" data-widget_type=\"heading.default\">\n\t\t\t\t<div class=\"elementor-widget-container\">\n\t\t\t\t\t<h2 class=\"elementor-heading-title elementor-size-default\">Jinsei: The Art of Life Made Game, now available on Novaludics\n<\/h2>\t\t\t\t<\/div>\n\t\t\t\t<\/div>\n\t\t\t\t\t<\/div>\n\t\t\t\t<\/div>\n\t\t<div class=\"elementor-element elementor-element-2ad302f e-flex e-con-boxed e-con e-parent\" data-id=\"2ad302f\" data-element_type=\"container\">\n\t\t\t\t\t<div class=\"e-con-inner\">\n\t\t<div class=\"elementor-element elementor-element-1766a2f e-con-full e-flex e-con e-child\" data-id=\"1766a2f\" data-element_type=\"container\">\n\t\t\t\t<div class=\"elementor-element elementor-element-c67ed13 elementor-widget elementor-widget-text-editor\" data-id=\"c67ed13\" data-element_type=\"widget\" data-widget_type=\"text-editor.default\">\n\t\t\t\t<div class=\"elementor-widget-container\">\n\t\t\t\t\t\t\t\t\t<p class=\"\" data-start=\"383\" data-end=\"748\">If there is a board game that manages to capture the essence of life through meaningful decisions, aesthetic elegance and strategic depth, it is it. <strong data-start=\"540\" data-end=\"550\">Jinsei<\/strong>Inspired by Japanese philosophy and the moments that mark a full existence, <strong data-start=\"638\" data-end=\"648\">Jinsei<\/strong> It is not just a game, but an experience that invites you to reflect and enjoy the journey of life.<\/p><p class=\"\" data-start=\"750\" data-end=\"1133\">In <strong data-start=\"753\" data-end=\"767\">Novaludics<\/strong>We understand the value of a game that goes beyond turns and mechanics. That&#039;s why we offer you the best selection and advice on games like <strong data-start=\"920\" data-end=\"930\">Jinsei<\/strong>, ideal for those looking for a different, aesthetically and emotionally rich proposal. If you are thinking of incorporating <strong data-start=\"1049\" data-end=\"1059\">Jinsei<\/strong> to your collection, here we explain why you should do it with us.<\/p><h3 data-start=\"2206\" data-end=\"2269\"><strong data-start=\"2209\" data-end=\"2269\">Advantages of playing Jinsei: beyond entertainment<\/strong><\/h3><p class=\"\" data-start=\"2271\" data-end=\"2516\">Those who have already tried <strong data-start=\"2294\" data-end=\"2304\">Jinsei<\/strong> They agree that it&#039;s not a typical game. It combines long-term planning strategy with the ability to adapt to unexpected events\u2014just like in real life. Some of its most valued advantages are:<\/p><ul data-start=\"2518\" data-end=\"3079\"><li class=\"\" data-start=\"2518\" data-end=\"2669\"><p class=\"\" data-start=\"2520\" data-end=\"2669\"><strong data-start=\"2520\" data-end=\"2555\">Emotional and empathic development<\/strong>: The game encourages reflection on personal priorities, life goals and consequences of decisions.<\/p><\/li><li class=\"\" data-start=\"2670\" data-end=\"2881\"><p class=\"\" data-start=\"2672\" data-end=\"2881\"><strong data-start=\"2672\" data-end=\"2725\">Ideal for playing with family or close friends<\/strong>: for its slow pace and its profound message, <strong data-start=\"2771\" data-end=\"2781\">Jinsei<\/strong> becomes a meaningful experience for groups seeking more than superficial fun.<\/p><\/li><li class=\"\" data-start=\"2882\" data-end=\"3004\"><p class=\"\" data-start=\"2884\" data-end=\"3004\"><strong data-start=\"2884\" data-end=\"2906\">High replayability<\/strong>: Each game presents new possible paths. No two lives are the same, nor are two games identical.<\/p><\/li><li class=\"\" data-start=\"3005\" data-end=\"3079\"><p class=\"\" data-start=\"3007\" data-end=\"3079\"><strong data-start=\"3007\" data-end=\"3029\">Aesthetic appeal<\/strong>: Perfect for both playing and collecting.<\/p><\/li><\/ul><p class=\"\" data-start=\"3081\" data-end=\"3199\">Whether you&#039;re looking for an introspective game or a designer gem, <strong data-start=\"3145\" data-end=\"3155\">Jinsei<\/strong> offers you both in one product.<\/p>\t\t\t\t\t\t\t\t<\/div>\n\t\t\t\t<\/div>\n\t\t\t\t<\/div>\n\t\t<div class=\"elementor-element elementor-element-e87c69a e-con-full e-flex e-con e-child\" data-id=\"e87c69a\" data-element_type=\"container\">\n\t\t\t\t<div class=\"elementor-element elementor-element-e389978 elementor-widget elementor-widget-image\" data-id=\"e389978\" data-element_type=\"widget\" data-widget_type=\"image.default\">\n\t\t\t\t<div class=\"elementor-widget-container\">\n\t\t\t\t\t\t\t\t\t\t\t\t\t\t\t<img fetchpriority=\"high\" decoding=\"async\" width=\"2000\" height=\"1414\" src=\"https:\/\/novaludics.com\/wp-content\/uploads\/2025\/03\/jinsei.jpg\" class=\"attachment-full size-full wp-image-1318\" alt=\"\" srcset=\"https:\/\/novaludics.com\/wp-content\/uploads\/2025\/03\/jinsei.jpg 2000w, https:\/\/novaludics.com\/wp-content\/uploads\/2025\/03\/jinsei-300x212.jpg 300w, https:\/\/novaludics.com\/wp-content\/uploads\/2025\/03\/jinsei-1024x724.jpg 1024w, https:\/\/novaludics.com\/wp-content\/uploads\/2025\/03\/jinsei-768x543.jpg 768w, https:\/\/novaludics.com\/wp-content\/uploads\/2025\/03\/jinsei-1536x1086.jpg 1536w, https:\/\/novaludics.com\/wp-content\/uploads\/2025\/03\/jinsei-18x12.jpg 18w, https:\/\/novaludics.com\/wp-content\/uploads\/2025\/03\/jinsei-600x424.jpg 600w\" sizes=\"(max-width: 2000px) 100vw, 2000px\" \/>\t\t\t\t\t\t\t\t\t\t\t\t\t\t\t<\/div>\n\t\t\t\t<\/div>\n\t\t\t\t<\/div>\n\t\t\t\t\t<\/div>\n\t\t\t\t<\/div>\n\t\t<div class=\"elementor-element elementor-element-667e41b e-flex e-con-boxed e-con e-parent\" data-id=\"667e41b\" data-element_type=\"container\">\n\t\t\t\t\t<div class=\"e-con-inner\">\n\t\t\t\t<div class=\"elementor-element elementor-element-867d89c elementor-widget__width-initial elementor-invisible elementor-widget elementor-widget-heading\" data-id=\"867d89c\" data-element_type=\"widget\" data-settings=\"{&quot;_animation&quot;:&quot;fadeInUp&quot;,&quot;_animation_delay&quot;:200}\" data-widget_type=\"heading.default\">\n\t\t\t\t<div class=\"elementor-widget-container\">\n\t\t\t\t\t<h2 class=\"elementor-heading-title elementor-size-default\">Contact us! We&#039;re happy to help!<\/h2>\t\t\t\t<\/div>\n\t\t\t\t<\/div>\n\t\t\t\t\t<\/div>\n\t\t\t\t<\/div>\n\t\t<div class=\"elementor-element elementor-element-b21c2ba e-flex e-con-boxed e-con e-parent\" data-id=\"b21c2ba\" data-element_type=\"container\">\n\t\t\t\t\t<div class=\"e-con-inner\">\n\t\t<div class=\"elementor-element elementor-element-9a5d3ad e-con-full e-flex e-con e-child\" data-id=\"9a5d3ad\" data-element_type=\"container\">\n\t\t<div class=\"elementor-element elementor-element-8574f8b e-con-full e-flex e-con e-child\" data-id=\"8574f8b\" data-element_type=\"container\">\n\t\t<div class=\"elementor-element elementor-element-9195631 e-con-full e-flex elementor-invisible e-con e-child\" data-id=\"9195631\" data-element_type=\"container\" data-settings=\"{&quot;background_background&quot;:&quot;classic&quot;,&quot;animation&quot;:&quot;fadeIn&quot;,&quot;animation_delay&quot;:400}\">\n\t\t\t\t<div class=\"elementor-element elementor-element-8294f92 elementor-widget elementor-widget-shortcode\" data-id=\"8294f92\" data-element_type=\"widget\" data-widget_type=\"shortcode.default\">\n\t\t\t\t<div class=\"elementor-widget-container\">\n\t\t\t\t\t\t\t<div class=\"elementor-shortcode\">\t\t<div data-elementor-type=\"section\" data-elementor-id=\"970\" class=\"elementor elementor-970\" data-elementor-post-type=\"elementor_library\">\n\t\t\t<div class=\"elementor-element elementor-element-09efcf6 e-flex e-con-boxed e-con e-parent\" data-id=\"09efcf6\" data-element_type=\"container\">\n\t\t\t\t\t<div class=\"e-con-inner\">\n\t\t\t\t<div class=\"elementor-element elementor-element-6fc3cfa elementor-button-align-stretch elementor-invisible elementor-widget elementor-widget-form\" data-id=\"6fc3cfa\" data-element_type=\"widget\" data-settings=\"{&quot;button_width&quot;:&quot;50&quot;,&quot;step_next_label&quot;:&quot;Next&quot;,&quot;step_previous_label&quot;:&quot;Previous&quot;,&quot;_animation&quot;:&quot;fadeIn&quot;,&quot;step_type&quot;:&quot;number_text&quot;,&quot;step_icon_shape&quot;:&quot;circle&quot;}\" data-widget_type=\"form.default\">\n\t\t\t\t<div class=\"elementor-widget-container\">\n\t\t\t\t\t\t\t<form class=\"elementor-form\" method=\"post\" name=\"New Form\" action=\"\">\n\t\t\t<input type=\"hidden\" name=\"post_id\" value=\"970\"\/>\n\t\t\t<input type=\"hidden\" name=\"form_id\" value=\"6fc3cfa\"\/>\n\t\t\t<input type=\"hidden\" name=\"referer_title\" value=\"FAQ - Novaludics\" \/>\n\n\t\t\t\t\t\t\t<input type=\"hidden\" name=\"queried_id\" value=\"583\"\/>\n\t\t\t\n\t\t\t<div class=\"elementor-form-fields-wrapper elementor-labels-\">\n\t\t\t\t\t\t\t\t<div class=\"elementor-field-type-text elementor-field-group elementor-column elementor-field-group-name elementor-col-100 elementor-field-required\">\n\t\t\t\t\t\t\t\t\t\t\t\t<label for=\"form-field-name\" class=\"elementor-field-label elementor-screen-only\">\n\t\t\t\t\t\t\t\tName *\t\t\t\t\t\t\t<\/label>\n\t\t\t\t\t\t\t\t\t\t\t\t\t\t<input size=\"1\" type=\"text\" name=\"form_fields[name]\" id=\"form-field-name\" class=\"elementor-field elementor-size-md  elementor-field-textual\" placeholder=\"Name *\" required=\"required\">\n\t\t\t\t\t\t\t\t\t\t\t<\/div>\n\t\t\t\t\t\t\t\t<div class=\"elementor-field-type-email elementor-field-group elementor-column elementor-field-group-email elementor-col-100 elementor-field-required\">\n\t\t\t\t\t\t\t\t\t\t\t\t<label for=\"form-field-email\" class=\"elementor-field-label elementor-screen-only\">\n\t\t\t\t\t\t\t\tEmail *\t\t\t\t\t\t\t<\/label>\n\t\t\t\t\t\t\t\t\t\t\t\t\t\t<input size=\"1\" type=\"email\" name=\"form_fields[email]\" id=\"form-field-email\" class=\"elementor-field elementor-size-md  elementor-field-textual\" placeholder=\"Email *\" required=\"required\">\n\t\t\t\t\t\t\t\t\t\t\t<\/div>\n\t\t\t\t\t\t\t\t<div class=\"elementor-field-type-text elementor-field-group elementor-column elementor-field-group-field_4e7a3a8 elementor-col-100 elementor-field-required\">\n\t\t\t\t\t\t\t\t\t\t\t\t<label for=\"form-field-field_4e7a3a8\" class=\"elementor-field-label elementor-screen-only\">\n\t\t\t\t\t\t\t\tPhone *\t\t\t\t\t\t\t<\/label>\n\t\t\t\t\t\t\t\t\t\t\t\t\t\t<input size=\"1\" type=\"text\" name=\"form_fields[field_4e7a3a8]\" id=\"form-field-field_4e7a3a8\" class=\"elementor-field elementor-size-md  elementor-field-textual\" placeholder=\"Phone *\" required=\"required\">\n\t\t\t\t\t\t\t\t\t\t\t<\/div>\n\t\t\t\t\t\t\t\t<div class=\"elementor-field-type-textarea elementor-field-group elementor-column elementor-field-group-message elementor-col-100 elementor-field-required\">\n\t\t\t\t\t\t\t\t\t\t\t\t<label for=\"form-field-message\" class=\"elementor-field-label elementor-screen-only\">\n\t\t\t\t\t\t\t\tMessage *\t\t\t\t\t\t\t<\/label>\n\t\t\t\t\t\t<textarea class=\"elementor-field-textual elementor-field  elementor-size-md\" name=\"form_fields[message]\" id=\"form-field-message\" rows=\"5\" placeholder=\"Message *\" required=\"required\"><\/textarea>\t\t\t\t<\/div>\n\t\t\t\t\t\t\t\t<div class=\"elementor-field-type-checkbox elementor-field-group elementor-column elementor-field-group-field_d3d7aef elementor-col-100\">\n\t\t\t\t\t<div class=\"elementor-field-subgroup\"><span class=\"elementor-field-option\"><input type=\"checkbox\" value=\"He le\u00eddo y acepto el &lt;a href=&quot;\/aviso-legal\/&quot;&gt;aviso legal&lt;\/a&gt; y la &lt;a href=&quot;\/politica-de-privacidad\/&quot;&gt;pol\u00edtica de privacidad&lt;\/a&gt;\" id=\"form-field-field_d3d7aef-0\" name=\"form_fields[field_d3d7aef]\"> <label for=\"form-field-field_d3d7aef-0\">I have read and accept the <a href=\"\/en\/aviso-legal\/\">legal notice<\/a> and the <a href=\"\/en\/politica-de-privacidad\/\">Privacy Policy<\/a><\/label><\/span><\/div>\t\t\t\t<\/div>\n\t\t\t\t\t\t\t\t<div class=\"elementor-field-type-recaptcha_v3 elementor-field-group elementor-column elementor-field-group-field_5289e2a elementor-col-100 recaptcha_v3-bottomleft\">\n\t\t\t\t\t<div class=\"elementor-field\" id=\"form-field-field_5289e2a\"><div class=\"elementor-g-recaptcha\" data-sitekey=\"6LdztPsqAAAAAF7oBPfzRCcYllq4MapV2EyMjcnc\" data-type=\"v3\" data-action=\"Form\" data-badge=\"bottomleft\" data-size=\"invisible\"><\/div><\/div>\t\t\t\t<\/div>\n\t\t\t\t\t\t\t\t<div class=\"elementor-field-group elementor-column elementor-field-type-submit elementor-col-50 e-form__buttons\">\n\t\t\t\t\t<button class=\"elementor-button elementor-size-md\" type=\"submit\">\n\t\t\t\t\t\t<span class=\"elementor-button-content-wrapper\">\n\t\t\t\t\t\t\t\t\t\t\t\t\t\t\t\t\t\t\t\t\t\t<span class=\"elementor-button-text\">Send<\/span>\n\t\t\t\t\t\t\t\t\t\t\t\t\t<\/span>\n\t\t\t\t\t<\/button>\n\t\t\t\t<\/div>\n\t\t\t<\/div>\n\t\t<input type=\"hidden\" name=\"trp-form-language\" value=\"en\"\/><\/form>\n\t\t\t\t\t\t<\/div>\n\t\t\t\t<\/div>\n\t\t\t\t\t<\/div>\n\t\t\t\t<\/div>\n\t\t\t\t<\/div>\n\t\t<\/div>\n\t\t\t\t\t\t<\/div>\n\t\t\t\t<\/div>\n\t\t\t\t<\/div>\n\t\t<div class=\"elementor-element elementor-element-7d7b6ed e-con-full e-flex elementor-invisible e-con e-child\" data-id=\"7d7b6ed\" data-element_type=\"container\" data-settings=\"{&quot;animation&quot;:&quot;fadeIn&quot;,&quot;animation_delay&quot;:600}\">\n\t\t\t\t<div class=\"elementor-element elementor-element-c6ed967 elementor-invisible elementor-widget elementor-widget-google_maps\" data-id=\"c6ed967\" data-element_type=\"widget\" data-settings=\"{&quot;_animation&quot;:&quot;fadeInUp&quot;}\" data-widget_type=\"google_maps.default\">\n\t\t\t\t<div class=\"elementor-widget-container\">\n\t\t\t\t\t\t\t<div class=\"elementor-custom-embed\">\n\t\t\t<iframe loading=\"lazy\"\n\t\t\t\t\tsrc=\"https:\/\/maps.google.com\/maps?q=Maquinilla%2013%2C%20portal%20F%204-4.%2028031%20Madrid%20%28Madrid%29&#038;t=m&#038;z=14&#038;output=embed&#038;iwloc=near\"\n\t\t\t\t\ttitle=\"Machine 13, portal F 4-4. 28031 Madrid (Madrid)\"\n\t\t\t\t\taria-label=\"Machine 13, portal F 4-4. 28031 Madrid (Madrid)\"\n\t\t\t><\/iframe>\n\t\t<\/div>\n\t\t\t\t\t\t<\/div>\n\t\t\t\t<\/div>\n\t\t\t\t<\/div>\n\t\t\t\t<\/div>\n\t\t\t\t<\/div>\n\t\t\t\t\t<\/div>\n\t\t\t\t<\/div>\n\t\t\t\t<\/div>","protected":false},"excerpt":{"rendered":"<p>Jinsei Jinsei: el arte de la vida hecho juego, ahora disponible en Novaludics Si hay un juego de mesa que logra capturar la esencia de la vida a trav\u00e9s de decisiones significativas, elegancia est\u00e9tica y profundidad estrat\u00e9gica, ese es Jinsei. Inspirado en la filosof\u00eda japonesa y en los momentos que marcan una existencia plena, Jinsei [&hellip;]<\/p>","protected":false},"author":3,"featured_media":0,"parent":0,"menu_order":0,"comment_status":"closed","ping_status":"closed","template":"","meta":{"_glsr_average":0,"_glsr_ranking":0,"_glsr_reviews":0,"footnotes":""},"class_list":["post-1393","page","type-page","status-publish","hentry"],"yoast_head":"<!-- This site is optimized with the Yoast SEO plugin v24.6 - https:\/\/yoast.com\/wordpress\/plugins\/seo\/ -->\n<title>Jinsei - Novaludics<\/title>\n<meta name=\"robots\" content=\"index, follow, max-snippet:-1, max-image-preview:large, max-video-preview:-1\" \/>\n<link rel=\"canonical\" href=\"https:\/\/novaludics.com\/en\/jinsei\/\" \/>\n<meta property=\"og:locale\" content=\"en_US\" \/>\n<meta property=\"og:type\" content=\"article\" \/>\n<meta property=\"og:title\" content=\"Jinsei - Novaludics\" \/>\n<meta property=\"og:description\" content=\"Jinsei Jinsei: el arte de la vida hecho juego, ahora disponible en Novaludics Si hay un juego de mesa que logra capturar la esencia de la vida a trav\u00e9s de decisiones significativas, elegancia est\u00e9tica y profundidad estrat\u00e9gica, ese es Jinsei. Inspirado en la filosof\u00eda japonesa y en los momentos que marcan una existencia plena, Jinsei [&hellip;]\" \/>\n<meta property=\"og:url\" content=\"https:\/\/novaludics.com\/en\/jinsei\/\" \/>\n<meta property=\"og:site_name\" content=\"Novaludics\" \/>\n<meta property=\"article:modified_time\" content=\"2025-04-30T05:43:25+00:00\" \/>\n<meta property=\"og:image\" content=\"https:\/\/novaludics.com\/wp-content\/uploads\/2025\/03\/jinsei.jpg\" \/>\n\t<meta property=\"og:image:width\" content=\"2000\" \/>\n\t<meta property=\"og:image:height\" content=\"1414\" \/>\n\t<meta property=\"og:image:type\" content=\"image\/jpeg\" \/>\n<meta name=\"twitter:card\" content=\"summary_large_image\" \/>\n<meta name=\"twitter:label1\" content=\"Est. reading time\" \/>\n\t<meta name=\"twitter:data1\" content=\"2 minutes\" \/>\n<script type=\"application\/ld+json\" class=\"yoast-schema-graph\">{\"@context\":\"https:\/\/schema.org\",\"@graph\":[{\"@type\":\"WebPage\",\"@id\":\"https:\/\/novaludics.com\/jinsei\/\",\"url\":\"https:\/\/novaludics.com\/jinsei\/\",\"name\":\"Jinsei - Novaludics\",\"isPartOf\":{\"@id\":\"https:\/\/novaludics.com\/#website\"},\"primaryImageOfPage\":{\"@id\":\"https:\/\/novaludics.com\/jinsei\/#primaryimage\"},\"image\":{\"@id\":\"https:\/\/novaludics.com\/jinsei\/#primaryimage\"},\"thumbnailUrl\":\"https:\/\/novaludics.com\/wp-content\/uploads\/2025\/03\/jinsei.jpg\",\"datePublished\":\"2025-04-29T20:14:55+00:00\",\"dateModified\":\"2025-04-30T05:43:25+00:00\",\"breadcrumb\":{\"@id\":\"https:\/\/novaludics.com\/jinsei\/#breadcrumb\"},\"inLanguage\":\"en-US\",\"potentialAction\":[{\"@type\":\"ReadAction\",\"target\":[\"https:\/\/novaludics.com\/jinsei\/\"]}]},{\"@type\":\"ImageObject\",\"inLanguage\":\"en-US\",\"@id\":\"https:\/\/novaludics.com\/jinsei\/#primaryimage\",\"url\":\"https:\/\/novaludics.com\/wp-content\/uploads\/2025\/03\/jinsei.jpg\",\"contentUrl\":\"https:\/\/novaludics.com\/wp-content\/uploads\/2025\/03\/jinsei.jpg\"},{\"@type\":\"BreadcrumbList\",\"@id\":\"https:\/\/novaludics.com\/jinsei\/#breadcrumb\",\"itemListElement\":[{\"@type\":\"ListItem\",\"position\":1,\"name\":\"Portada\",\"item\":\"https:\/\/novaludics.com\/\"},{\"@type\":\"ListItem\",\"position\":2,\"name\":\"Jinsei\"}]},{\"@type\":\"WebSite\",\"@id\":\"https:\/\/novaludics.com\/#website\",\"url\":\"https:\/\/novaludics.com\/\",\"name\":\"Novaludics\",\"description\":\"Tu tienda de juegos de mesa, miniaturas y complementos personalizados\",\"publisher\":{\"@id\":\"https:\/\/novaludics.com\/#organization\"},\"potentialAction\":[{\"@type\":\"SearchAction\",\"target\":{\"@type\":\"EntryPoint\",\"urlTemplate\":\"https:\/\/novaludics.com\/?s={search_term_string}\"},\"query-input\":{\"@type\":\"PropertyValueSpecification\",\"valueRequired\":true,\"valueName\":\"search_term_string\"}}],\"inLanguage\":\"en-US\"},{\"@type\":\"Organization\",\"@id\":\"https:\/\/novaludics.com\/#organization\",\"name\":\"Novaludics\",\"url\":\"https:\/\/novaludics.com\/\",\"logo\":{\"@type\":\"ImageObject\",\"inLanguage\":\"en-US\",\"@id\":\"https:\/\/novaludics.com\/#\/schema\/logo\/image\/\",\"url\":\"https:\/\/novaludics.com\/wp-content\/uploads\/2025\/02\/LOGO.png\",\"contentUrl\":\"https:\/\/novaludics.com\/wp-content\/uploads\/2025\/02\/LOGO.png\",\"width\":800,\"height\":218,\"caption\":\"Novaludics\"},\"image\":{\"@id\":\"https:\/\/novaludics.com\/#\/schema\/logo\/image\/\"}}]}<\/script>\n<!-- \/ Yoast SEO plugin. -->","yoast_head_json":{"title":"Jinsei - Novaludics","robots":{"index":"index","follow":"follow","max-snippet":"max-snippet:-1","max-image-preview":"max-image-preview:large","max-video-preview":"max-video-preview:-1"},"canonical":"https:\/\/novaludics.com\/en\/jinsei\/","og_locale":"en_US","og_type":"article","og_title":"Jinsei - Novaludics","og_description":"Jinsei Jinsei: el arte de la vida hecho juego, ahora disponible en Novaludics Si hay un juego de mesa que logra capturar la esencia de la vida a trav\u00e9s de decisiones significativas, elegancia est\u00e9tica y profundidad estrat\u00e9gica, ese es Jinsei. Inspirado en la filosof\u00eda japonesa y en los momentos que marcan una existencia plena, Jinsei [&hellip;]","og_url":"https:\/\/novaludics.com\/en\/jinsei\/","og_site_name":"Novaludics","article_modified_time":"2025-04-30T05:43:25+00:00","og_image":[{"width":2000,"height":1414,"url":"https:\/\/novaludics.com\/wp-content\/uploads\/2025\/03\/jinsei.jpg","type":"image\/jpeg"}],"twitter_card":"summary_large_image","twitter_misc":{"Est. reading time":"2 minutes"},"schema":{"@context":"https:\/\/schema.org","@graph":[{"@type":"WebPage","@id":"https:\/\/novaludics.com\/jinsei\/","url":"https:\/\/novaludics.com\/jinsei\/","name":"Jinsei - Novaludics","isPartOf":{"@id":"https:\/\/novaludics.com\/#website"},"primaryImageOfPage":{"@id":"https:\/\/novaludics.com\/jinsei\/#primaryimage"},"image":{"@id":"https:\/\/novaludics.com\/jinsei\/#primaryimage"},"thumbnailUrl":"https:\/\/novaludics.com\/wp-content\/uploads\/2025\/03\/jinsei.jpg","datePublished":"2025-04-29T20:14:55+00:00","dateModified":"2025-04-30T05:43:25+00:00","breadcrumb":{"@id":"https:\/\/novaludics.com\/jinsei\/#breadcrumb"},"inLanguage":"en-US","potentialAction":[{"@type":"ReadAction","target":["https:\/\/novaludics.com\/jinsei\/"]}]},{"@type":"ImageObject","inLanguage":"en-US","@id":"https:\/\/novaludics.com\/jinsei\/#primaryimage","url":"https:\/\/novaludics.com\/wp-content\/uploads\/2025\/03\/jinsei.jpg","contentUrl":"https:\/\/novaludics.com\/wp-content\/uploads\/2025\/03\/jinsei.jpg"},{"@type":"BreadcrumbList","@id":"https:\/\/novaludics.com\/jinsei\/#breadcrumb","itemListElement":[{"@type":"ListItem","position":1,"name":"Portada","item":"https:\/\/novaludics.com\/"},{"@type":"ListItem","position":2,"name":"Jinsei"}]},{"@type":"WebSite","@id":"https:\/\/novaludics.com\/#website","url":"https:\/\/novaludics.com\/","name":"Novaludics","description":"Tu tienda de juegos de mesa, miniaturas y complementos personalizados","publisher":{"@id":"https:\/\/novaludics.com\/#organization"},"potentialAction":[{"@type":"SearchAction","target":{"@type":"EntryPoint","urlTemplate":"https:\/\/novaludics.com\/?s={search_term_string}"},"query-input":{"@type":"PropertyValueSpecification","valueRequired":true,"valueName":"search_term_string"}}],"inLanguage":"en-US"},{"@type":"Organization","@id":"https:\/\/novaludics.com\/#organization","name":"Novaludics","url":"https:\/\/novaludics.com\/","logo":{"@type":"ImageObject","inLanguage":"en-US","@id":"https:\/\/novaludics.com\/#\/schema\/logo\/image\/","url":"https:\/\/novaludics.com\/wp-content\/uploads\/2025\/02\/LOGO.png","contentUrl":"https:\/\/novaludics.com\/wp-content\/uploads\/2025\/02\/LOGO.png","width":800,"height":218,"caption":"Novaludics"},"image":{"@id":"https:\/\/novaludics.com\/#\/schema\/logo\/image\/"}}]}},"_links":{"self":[{"href":"https:\/\/novaludics.com\/en\/wp-json\/wp\/v2\/pages\/1393","targetHints":{"allow":["GET"]}}],"collection":[{"href":"https:\/\/novaludics.com\/en\/wp-json\/wp\/v2\/pages"}],"about":[{"href":"https:\/\/novaludics.com\/en\/wp-json\/wp\/v2\/types\/page"}],"author":[{"embeddable":true,"href":"https:\/\/novaludics.com\/en\/wp-json\/wp\/v2\/users\/3"}],"replies":[{"embeddable":true,"href":"https:\/\/novaludics.com\/en\/wp-json\/wp\/v2\/comments?post=1393"}],"version-history":[{"count":6,"href":"https:\/\/novaludics.com\/en\/wp-json\/wp\/v2\/pages\/1393\/revisions"}],"predecessor-version":[{"id":1400,"href":"https:\/\/novaludics.com\/en\/wp-json\/wp\/v2\/pages\/1393\/revisions\/1400"}],"wp:attachment":[{"href":"https:\/\/novaludics.com\/en\/wp-json\/wp\/v2\/media?parent=1393"}],"curies":[{"name":"wp","href":"https:\/\/api.w.org\/{rel}","templated":true}]}}